{"id":40201,"date":"2023-09-26T16:18:08","date_gmt":"2023-09-26T14:18:08","guid":{"rendered":"https:\/\/www.pharmacieonline.lu\/?post_type=product&#038;p=40201"},"modified":"2026-04-12T01:55:08","modified_gmt":"2026-04-11T23:55:08","slug":"vislube-2003-ml","status":"publish","type":"product","link":"https:\/\/www.pharmacieonline.lu\/de\/produit\/vislube-2003-ml\/","title":{"rendered":"VISLUBE 20*0,3 ML"},"content":{"rendered":"<p>INDIKATION<\/p>\n<p>Verwenden Sie es, wenn Sie beim Tragen von Kontaktlinsen trockene Augen, Sehbeschwerden oder verschwommenes Sehen versp\u00fcren.<\/p>\n<p>&nbsp;<\/p>\n<p>Dosierung:<br \/>\nGeben Sie 1 bis 2 Tropfen Vislube auf die Kontaktlinsen oder in den Bindehautsack. Nach einigen Lidschl\u00e4gen verteilt sich die L\u00f6sung auf der Augenoberfl\u00e4che und der Linse und bildet einen transparenten und haltbaren Film.<\/p>\n<p>Die Anwendung kann je nach Bedarf mehrmals t\u00e4glich erfolgen. Die \u00fcbliche Dosierung betr\u00e4gt 4-mal t\u00e4glich.<\/p>\n<p>Verwenden:<br \/>\nBer\u00fchren Sie den offenen Teil der Einzeldosis nicht mit den Fingern und bringen Sie die Spitze nicht mit dem Auge oder der Kontaktlinse in Kontakt.<br \/>\nVerwenden Sie Vislube nicht, wenn die Einzeldosis besch\u00e4digt ist.<\/p>\n<p>Vislube enth\u00e4lt Natriumhyaluronat, ein nat\u00fcrliches Polymer, das auch in den Strukturen des menschlichen Auges vorkommt. Die besonderen physikalischen Eigenschaften von Natriumhyaluronat verleihen Vislube seine wichtigen \u201eviskoelastischen\u201c Eigenschaften. W\u00e4hrend Vislube eine stabile Schicht auf der Oberfl\u00e4che des Auges und der Linse bildet, verursacht es keinen Widerstand bei der Bewegung des Augenlids. Dar\u00fcber hinaus wird die Ausscheidung \u00fcber die Tr\u00e4nen verlangsamt, wodurch eine l\u00e4ngere Wirkungsdauer gew\u00e4hrleistet ist.<\/p>\n<p>Vislube vereint somit langanhaltende Linderung mit maximalem Komfort. Vislube enth\u00e4lt keine Konservierungsstoffe und ist sehr gut vertr\u00e4glich.<\/p>\n<p>Komposition<br \/>\n1 ml Vislube enth\u00e4lt<br \/>\n8 mg Natriumhyaluronat<br \/>\nNatriumchloride<br \/>\nKalium<br \/>\nMagnesium und Kalzium<br \/>\nDinatriumphosphat<br \/>\nNatriumcitrat und Wasser f\u00fcr Injektionszwecke<\/p>","protected":false},"excerpt":{"rendered":"<p>INDIKATION Verwenden Sie es, wenn Sie beim Tragen von Kontaktlinsen trockene Augen, Sehbeschwerden oder verschwommenes Sehen versp\u00fcren. &nbsp; Dosierung: Geben Sie 1 bis 2 Tropfen Vislube auf die Kontaktlinsen oder in den Bindehautsack. Nach einigen Lidschl\u00e4gen verteilt sich die L\u00f6sung auf der Augenoberfl\u00e4che und der Linse und bildet einen transparenten und haltbaren Film. Die Anwendung [&hellip;]<\/p>\n","protected":false},"featured_media":40250,"template":"","meta":{"_acf_changed":false,"footnotes":""},"product_brand":[],"product_cat":[43,90],"product_tag":[],"class_list":{"0":"post-40201","1":"product","2":"type-product","3":"status-publish","4":"has-post-thumbnail","6":"product_cat-medicaments-en-vente-libre","7":"product_cat-yeux","9":"first","10":"outofstock","11":"taxable","12":"shipping-taxable","13":"purchasable","14":"product-type-simple"},"acf":[],"_links":{"self":[{"href":"https:\/\/www.pharmacieonline.lu\/de\/wp-json\/wp\/v2\/product\/40201","targetHints":{"allow":["GET"]}}],"collection":[{"href":"https:\/\/www.pharmacieonline.lu\/de\/wp-json\/wp\/v2\/product"}],"about":[{"href":"https:\/\/www.pharmacieonline.lu\/de\/wp-json\/wp\/v2\/types\/product"}],"version-history":[{"count":0,"href":"https:\/\/www.pharmacieonline.lu\/de\/wp-json\/wp\/v2\/product\/40201\/revisions"}],"wp:featuredmedia":[{"embeddable":true,"href":"https:\/\/www.pharmacieonline.lu\/de\/wp-json\/wp\/v2\/media\/40250"}],"wp:attachment":[{"href":"https:\/\/www.pharmacieonline.lu\/de\/wp-json\/wp\/v2\/media?parent=40201"}],"wp:term":[{"taxonomy":"product_brand","embeddable":true,"href":"https:\/\/www.pharmacieonline.lu\/de\/wp-json\/wp\/v2\/product_brand?post=40201"},{"taxonomy":"product_cat","embeddable":true,"href":"https:\/\/www.pharmacieonline.lu\/de\/wp-json\/wp\/v2\/product_cat?post=40201"},{"taxonomy":"product_tag","embeddable":true,"href":"https:\/\/www.pharmacieonline.lu\/de\/wp-json\/wp\/v2\/product_tag?post=40201"}],"curies":[{"name":"wp","href":"https:\/\/api.w.org\/{rel}","templated":true}]}}