{"id":40245,"date":"2023-09-26T12:49:45","date_gmt":"2023-09-26T10:49:45","guid":{"rendered":"https:\/\/www.pharmacieonline.lu\/?post_type=product&#038;p=40245"},"modified":"2026-04-04T18:25:26","modified_gmt":"2026-04-04T16:25:26","slug":"filorga-hydra-aox","status":"publish","type":"product","link":"https:\/\/www.pharmacieonline.lu\/de\/produit\/filorga-hydra-aox\/","title":{"rendered":"FILORGA HYDRA AOX"},"content":{"rendered":"<p>INDIKATION<\/p>\n<p>Intensives antioxidatives Serum, um die Haut vor \u00e4u\u00dferen Einfl\u00fcssen zu sch\u00fctzen und die ersten Zeichen der Hautalterung zu korrigieren.<\/p>\n<p>VERWENDEN<\/p>\n<p>Morgens und abends vor der Creme auf das gesamte Gesicht und den Hals auftragen.<\/p>\n<p>KOMPOSITION<\/p>\n<p>AQUA (WATER) UM CITRATE, Xanthangummi, Parf\u00fcm (Duft), Natriumhydroxid, Benzoat-Natrium, Zitronens\u00e4ure, Phytat-Natrium, Adenosin, Palmitatsaccharose, Glyceryllinoleat, Prunus amygdalus dulcis (s\u00fc\u00dfes Mandel\u00f6l), Natriumchlorid, Simmondsia chinensis ( jojoba) Lool, HAEMATOCOCCUS PLUVIALIS EXTRAKT, ERGOTHIONEINE, GLUKOSE, NATRIUMHYALURONAT, KALIUMCHLORID, KALIUMSORBAT, CALCIUMCHLORID, MAGNESIUMSULFAT, GLUTAMIN, NATRIUMPHOSPHAT, ASCORBINS\u00c4URE, NATRIUMACETAT, LYSIN HCL, ARGININ HCL, ALANIN, HISTIDIN HCL, Valin , LEUCIN, THREONIN, ISOLEUCIN, TRYPTOPHAN, PHENYLALANIN, TYROSIN, GLYCIN, POLYSORBAT 80, SERIN, CYSTIN, CYANOCOBALAMIN, GLUTATHION, ASPARAGIN, ASPARTINS\u00c4URE, ORNITHIN-HCL, HELIANTHUS ANNUUS (SONNENBLUMEN)-SAMEN\u00d6L, GLUTAMS\u00c4URE, NICOTINAMID ADEN INE-DINUCLEOTID, PROLIN , METHIONIN, TAURIN, HYDROXYPROLIN, GLUCOSAMIN-HCL, COENZYM A, NATRIUMGLUCURONAT, THIAMIN-DIPHOSPHAT, RETINYLACETAT, INOSITOL, NIACIN, PYRIDOXIN-HCL, BIOTIN, CALCIUMPANTOTHENAT, RIBOFLAVIN, NATRIUMTOCOPHERYLPHOSPHAT, THIAMIN-HCL, FOLS\u00c4URE .<\/p>","protected":false},"excerpt":{"rendered":"<p>INDIKATION Intensives antioxidatives Serum, um die Haut vor \u00e4u\u00dferen Einfl\u00fcssen zu sch\u00fctzen und die ersten Zeichen der Hautalterung zu korrigieren. VERWENDEN Morgens und abends vor der Creme auf das gesamte Gesicht und den Hals auftragen. KOMPOSITION AQUA (WATER) UM CITRATE, Xanthangummi, Parf\u00fcm (Duft), Natriumhydroxid, Benzoat-Natrium, Zitronens\u00e4ure, Phytat-Natrium, Adenosin, Palmitatsaccharose, Glyceryllinoleat, Prunus amygdalus dulcis (s\u00fc\u00dfes Mandel\u00f6l), [&hellip;]<\/p>\n","protected":false},"featured_media":40246,"template":"","meta":{"_acf_changed":false,"footnotes":""},"product_brand":[],"product_cat":[47,42,54],"product_tag":[],"class_list":{"0":"post-40245","1":"product","2":"type-product","3":"status-publish","4":"has-post-thumbnail","6":"product_cat-dermocosmetique","7":"product_cat-para-pharmacie","8":"product_cat-soins-du-visage","10":"first","11":"instock","12":"taxable","13":"shipping-taxable","14":"purchasable","15":"product-type-simple"},"acf":[],"_links":{"self":[{"href":"https:\/\/www.pharmacieonline.lu\/de\/wp-json\/wp\/v2\/product\/40245","targetHints":{"allow":["GET"]}}],"collection":[{"href":"https:\/\/www.pharmacieonline.lu\/de\/wp-json\/wp\/v2\/product"}],"about":[{"href":"https:\/\/www.pharmacieonline.lu\/de\/wp-json\/wp\/v2\/types\/product"}],"version-history":[{"count":0,"href":"https:\/\/www.pharmacieonline.lu\/de\/wp-json\/wp\/v2\/product\/40245\/revisions"}],"wp:featuredmedia":[{"embeddable":true,"href":"https:\/\/www.pharmacieonline.lu\/de\/wp-json\/wp\/v2\/media\/40246"}],"wp:attachment":[{"href":"https:\/\/www.pharmacieonline.lu\/de\/wp-json\/wp\/v2\/media?parent=40245"}],"wp:term":[{"taxonomy":"product_brand","embeddable":true,"href":"https:\/\/www.pharmacieonline.lu\/de\/wp-json\/wp\/v2\/product_brand?post=40245"},{"taxonomy":"product_cat","embeddable":true,"href":"https:\/\/www.pharmacieonline.lu\/de\/wp-json\/wp\/v2\/product_cat?post=40245"},{"taxonomy":"product_tag","embeddable":true,"href":"https:\/\/www.pharmacieonline.lu\/de\/wp-json\/wp\/v2\/product_tag?post=40245"}],"curies":[{"name":"wp","href":"https:\/\/api.w.org\/{rel}","templated":true}]}}