{"id":40470,"date":"2023-10-12T17:08:13","date_gmt":"2023-10-12T15:08:13","guid":{"rendered":"https:\/\/www.pharmacieonline.lu\/?post_type=product&#038;p=40470"},"modified":"2026-04-08T17:55:14","modified_gmt":"2026-04-08T15:55:14","slug":"dermoplasmine-calendula-care-creme-70g","status":"publish","type":"product","link":"https:\/\/www.pharmacieonline.lu\/de\/produit\/dermoplasmine-calendula-care-creme-70g\/","title":{"rendered":"DERMOPLASMINE CALENDULA CARE CREME 70G"},"content":{"rendered":"<p>Die Calendula-Dermoplasmine\u00ae-Behandlung beruhigt und beruhigt die Haut, die durch Haarentfernung, Rasur, wiederholtes Reiben der Kleidung, nach Sonneneinstrahlung oder sogar durch eine oberfl\u00e4chliche dermo\u00e4sthetische Behandlung (Peeling) gesch\u00e4digt wurde. Es spendet Feuchtigkeit, macht die Haut weich und verbessert ihr Wohlbefinden. Seine regenerierende Wirkung beruhigt effektiv gereizte Haut, auch empfindliche Haut.<\/p>\n<p>Duftfreie Gesichts- und K\u00f6rperpflege<br \/>\nFormuliert mit einem Minimum an Zutaten, einschlie\u00dflich Bio-Calendula*<br \/>\nDie fl\u00fcssige und cremige Textur l\u00e4sst sich leicht auf Gesicht und K\u00f6rper auftragen und hinterl\u00e4sst ein angenehmes Gef\u00fchl<br \/>\nF\u00fcr alle Hauttypen geeignet, auch f\u00fcr empfindliche Haut<\/p>\n<p>Nettogewicht: 70g<\/p>\n<p>*Pflanze, die zur Herstellung des im Produkt enthaltenen Extrakts verwendet wird.<\/p>","protected":false},"excerpt":{"rendered":"<p>Die Calendula-Dermoplasmine\u00ae-Behandlung beruhigt und beruhigt die Haut, die durch Haarentfernung, Rasur, wiederholtes Reiben der Kleidung, nach Sonneneinstrahlung oder sogar durch eine oberfl\u00e4chliche dermo\u00e4sthetische Behandlung (Peeling) gesch\u00e4digt wurde. Es spendet Feuchtigkeit, macht die Haut weich und verbessert ihr Wohlbefinden. Seine regenerierende Wirkung beruhigt effektiv gereizte Haut, auch empfindliche Haut. Duftfreie Gesichts- und K\u00f6rperpflege Formuliert mit einem [&hellip;]<\/p>\n","protected":false},"featured_media":40472,"template":"","meta":{"_acf_changed":false,"footnotes":""},"product_brand":[],"product_cat":[47,42],"product_tag":[],"class_list":{"0":"post-40470","1":"product","2":"type-product","3":"status-publish","4":"has-post-thumbnail","6":"product_cat-dermocosmetique","7":"product_cat-para-pharmacie","9":"first","10":"outofstock","11":"taxable","12":"shipping-taxable","13":"purchasable","14":"product-type-simple"},"acf":[],"_links":{"self":[{"href":"https:\/\/www.pharmacieonline.lu\/de\/wp-json\/wp\/v2\/product\/40470","targetHints":{"allow":["GET"]}}],"collection":[{"href":"https:\/\/www.pharmacieonline.lu\/de\/wp-json\/wp\/v2\/product"}],"about":[{"href":"https:\/\/www.pharmacieonline.lu\/de\/wp-json\/wp\/v2\/types\/product"}],"version-history":[{"count":0,"href":"https:\/\/www.pharmacieonline.lu\/de\/wp-json\/wp\/v2\/product\/40470\/revisions"}],"wp:featuredmedia":[{"embeddable":true,"href":"https:\/\/www.pharmacieonline.lu\/de\/wp-json\/wp\/v2\/media\/40472"}],"wp:attachment":[{"href":"https:\/\/www.pharmacieonline.lu\/de\/wp-json\/wp\/v2\/media?parent=40470"}],"wp:term":[{"taxonomy":"product_brand","embeddable":true,"href":"https:\/\/www.pharmacieonline.lu\/de\/wp-json\/wp\/v2\/product_brand?post=40470"},{"taxonomy":"product_cat","embeddable":true,"href":"https:\/\/www.pharmacieonline.lu\/de\/wp-json\/wp\/v2\/product_cat?post=40470"},{"taxonomy":"product_tag","embeddable":true,"href":"https:\/\/www.pharmacieonline.lu\/de\/wp-json\/wp\/v2\/product_tag?post=40470"}],"curies":[{"name":"wp","href":"https:\/\/api.w.org\/{rel}","templated":true}]}}