{"id":405,"date":"2020-11-25T17:26:57","date_gmt":"2020-11-25T16:26:57","guid":{"rendered":"https:\/\/www.pharmacieonline.lu\/produit\/valaclean-soft-einmal-waschhandschuh-50s\/"},"modified":"2026-04-28T04:25:27","modified_gmt":"2026-04-28T02:25:27","slug":"valaclean-soft-einmal-waschhandschuh-50s","status":"publish","type":"product","link":"https:\/\/www.pharmacieonline.lu\/de\/produit\/valaclean-soft-einmal-waschhandschuh-50s\/","title":{"rendered":"VALACLEAN SOFT EINMAL WASCHHANDSCHUH 50S"},"content":{"rendered":"<p>Die effektive Alternative f\u00fcr Textilwaschlappen. Zum einmaligen Gebrauch.<\/p>\n<p>Indikation<br \/>\nF\u00fcr den einmaligen Gebrauch in allen Pflegebereichen.<\/p>\n<p>Verwenden<br \/>\nF\u00fcr den einmaligen Gebrauch in allen Pflegebereichen.<\/p>","protected":false},"excerpt":{"rendered":"<p>Die effektive Alternative f\u00fcr Textilwaschlappen. Zum einmaligen Gebrauch. Indikation F\u00fcr den einmaligen Gebrauch in allen Pflegebereichen. Verwenden F\u00fcr den einmaligen Gebrauch in allen Pflegebereichen.<\/p>\n","protected":false},"featured_media":14427,"template":"","meta":{"_acf_changed":false,"footnotes":""},"product_brand":[],"product_cat":[45],"product_tag":[],"class_list":{"0":"post-405","1":"product","2":"type-product","3":"status-publish","4":"has-post-thumbnail","6":"product_cat-materiel-medical","8":"first","9":"instock","10":"taxable","11":"shipping-taxable","12":"purchasable","13":"product-type-simple"},"acf":[],"_links":{"self":[{"href":"https:\/\/www.pharmacieonline.lu\/de\/wp-json\/wp\/v2\/product\/405","targetHints":{"allow":["GET"]}}],"collection":[{"href":"https:\/\/www.pharmacieonline.lu\/de\/wp-json\/wp\/v2\/product"}],"about":[{"href":"https:\/\/www.pharmacieonline.lu\/de\/wp-json\/wp\/v2\/types\/product"}],"version-history":[{"count":0,"href":"https:\/\/www.pharmacieonline.lu\/de\/wp-json\/wp\/v2\/product\/405\/revisions"}],"wp:featuredmedia":[{"embeddable":true,"href":"https:\/\/www.pharmacieonline.lu\/de\/wp-json\/wp\/v2\/media\/14427"}],"wp:attachment":[{"href":"https:\/\/www.pharmacieonline.lu\/de\/wp-json\/wp\/v2\/media?parent=405"}],"wp:term":[{"taxonomy":"product_brand","embeddable":true,"href":"https:\/\/www.pharmacieonline.lu\/de\/wp-json\/wp\/v2\/product_brand?post=405"},{"taxonomy":"product_cat","embeddable":true,"href":"https:\/\/www.pharmacieonline.lu\/de\/wp-json\/wp\/v2\/product_cat?post=405"},{"taxonomy":"product_tag","embeddable":true,"href":"https:\/\/www.pharmacieonline.lu\/de\/wp-json\/wp\/v2\/product_tag?post=405"}],"curies":[{"name":"wp","href":"https:\/\/api.w.org\/{rel}","templated":true}]}}