{"id":406,"date":"2020-11-25T17:26:57","date_gmt":"2020-11-25T16:26:57","guid":{"rendered":"https:\/\/www.pharmacieonline.lu\/produit\/comfeel-57-cm-tr-a-10-33530\/"},"modified":"2026-04-28T06:25:18","modified_gmt":"2026-04-28T04:25:18","slug":"comfeel-57-cm-tr-a-10-33530","status":"publish","type":"product","link":"https:\/\/www.pharmacieonline.lu\/de\/produit\/comfeel-57-cm-tr-a-10-33530\/","title":{"rendered":"COMFEEL+ 5*7 CM TR A 10            33530"},"content":{"rendered":"<p>Sie werden seit 20 Jahren verwendet und klinisch dokumentiert. Comfeel-Verb\u00e4nde sch\u00fctzen die feuchte Umgebung der Wunde, sch\u00fctzen sie vor \u00e4u\u00dferen Bakterien und f\u00f6rdern die Heilung. Ausgewogen, angenehm f\u00fcr die Haut, Hydrokolloidklebstoffe bieten maximale Tragezeit und sorgen f\u00fcr eine atraumatische Entfernung.<\/p>","protected":false},"excerpt":{"rendered":"<p>Sie werden seit 20 Jahren verwendet und klinisch dokumentiert. Comfeel-Verb\u00e4nde sch\u00fctzen die feuchte Umgebung der Wunde, sch\u00fctzen sie vor \u00e4u\u00dferen Bakterien und f\u00f6rdern die Heilung. Ausgewogen, angenehm f\u00fcr die Haut, Hydrokolloidklebstoffe bieten maximale Tragezeit und sorgen f\u00fcr eine atraumatische Entfernung.<\/p>\n","protected":false},"featured_media":14429,"template":"","meta":{"_acf_changed":false,"footnotes":""},"product_brand":[],"product_cat":[775,790,45],"product_tag":[],"class_list":{"0":"post-406","1":"product","2":"type-product","3":"status-publish","4":"has-post-thumbnail","6":"product_cat-premiers-soins-plaies-brulures","7":"product_cat-compresses-tulles-plaques","8":"product_cat-materiel-medical","10":"first","11":"instock","12":"taxable","13":"shipping-taxable","14":"purchasable","15":"product-type-simple"},"acf":[],"_links":{"self":[{"href":"https:\/\/www.pharmacieonline.lu\/de\/wp-json\/wp\/v2\/product\/406","targetHints":{"allow":["GET"]}}],"collection":[{"href":"https:\/\/www.pharmacieonline.lu\/de\/wp-json\/wp\/v2\/product"}],"about":[{"href":"https:\/\/www.pharmacieonline.lu\/de\/wp-json\/wp\/v2\/types\/product"}],"version-history":[{"count":0,"href":"https:\/\/www.pharmacieonline.lu\/de\/wp-json\/wp\/v2\/product\/406\/revisions"}],"wp:featuredmedia":[{"embeddable":true,"href":"https:\/\/www.pharmacieonline.lu\/de\/wp-json\/wp\/v2\/media\/14429"}],"wp:attachment":[{"href":"https:\/\/www.pharmacieonline.lu\/de\/wp-json\/wp\/v2\/media?parent=406"}],"wp:term":[{"taxonomy":"product_brand","embeddable":true,"href":"https:\/\/www.pharmacieonline.lu\/de\/wp-json\/wp\/v2\/product_brand?post=406"},{"taxonomy":"product_cat","embeddable":true,"href":"https:\/\/www.pharmacieonline.lu\/de\/wp-json\/wp\/v2\/product_cat?post=406"},{"taxonomy":"product_tag","embeddable":true,"href":"https:\/\/www.pharmacieonline.lu\/de\/wp-json\/wp\/v2\/product_tag?post=406"}],"curies":[{"name":"wp","href":"https:\/\/api.w.org\/{rel}","templated":true}]}}