{"id":40706,"date":"2023-10-26T17:31:36","date_gmt":"2023-10-26T15:31:36","guid":{"rendered":"https:\/\/www.pharmacieonline.lu\/?post_type=product&#038;p=40706"},"modified":"2026-04-09T16:25:38","modified_gmt":"2026-04-09T14:25:38","slug":"aloe-vera-gel-200ml-bio-96-1-2","status":"publish","type":"product","link":"https:\/\/www.pharmacieonline.lu\/de\/produit\/aloe-vera-gel-200ml-bio-96-1-2\/","title":{"rendered":"ALOE VERA GEL 200ML BIO 96.1%"},"content":{"rendered":"<p>INDIKATION<\/p>\n<p>Feuchtigkeitsspendend und beruhigend.<\/p>\n<p>&nbsp;<\/p>\n<p>VERWENDEN<\/p>\n<p>Geben Sie ein wenig Gel in Ihre Handfl\u00e4che und massieren Sie es dann sanft in die gew\u00fcnschten Bereiche des Gesichts oder K\u00f6rpers ein.<\/p>\n<p>T\u00e4glich, idealerweise morgens und abends, auf die gereinigte, gesunde Haut auftragen.<\/p>\n<p>&nbsp;<\/p>\n<p>KOMPOSITION<\/p>\n<p>ALOE BARBADENSIS BLATTSAFT 96,1 %, AQUA (WASSER), XANTHANGUM, NATRIUMBENZOAT, KALIUMSORBAT, ZITRONENS\u00c4URE, NATRIUMHYDROXID.<\/p>","protected":false},"excerpt":{"rendered":"<p>INDIKATION Feuchtigkeitsspendend und beruhigend. &nbsp; VERWENDEN Geben Sie ein wenig Gel in Ihre Handfl\u00e4che und massieren Sie es dann sanft in die gew\u00fcnschten Bereiche des Gesichts oder K\u00f6rpers ein. T\u00e4glich, idealerweise morgens und abends, auf die gereinigte, gesunde Haut auftragen. &nbsp; KOMPOSITION ALOE BARBADENSIS BLATTSAFT 96,1 %, AQUA (WASSER), XANTHANGUM, NATRIUMBENZOAT, KALIUMSORBAT, ZITRONENS\u00c4URE, NATRIUMHYDROXID.<\/p>\n","protected":false},"featured_media":40712,"template":"","meta":{"_acf_changed":false,"footnotes":""},"product_brand":[],"product_cat":[47,42,54,56],"product_tag":[],"class_list":{"0":"post-40706","1":"product","2":"type-product","3":"status-publish","4":"has-post-thumbnail","6":"product_cat-dermocosmetique","7":"product_cat-para-pharmacie","8":"product_cat-soins-du-visage","9":"product_cat-soins-du-corps","11":"first","12":"outofstock","13":"taxable","14":"shipping-taxable","15":"purchasable","16":"product-type-simple"},"acf":[],"_links":{"self":[{"href":"https:\/\/www.pharmacieonline.lu\/de\/wp-json\/wp\/v2\/product\/40706","targetHints":{"allow":["GET"]}}],"collection":[{"href":"https:\/\/www.pharmacieonline.lu\/de\/wp-json\/wp\/v2\/product"}],"about":[{"href":"https:\/\/www.pharmacieonline.lu\/de\/wp-json\/wp\/v2\/types\/product"}],"version-history":[{"count":0,"href":"https:\/\/www.pharmacieonline.lu\/de\/wp-json\/wp\/v2\/product\/40706\/revisions"}],"wp:featuredmedia":[{"embeddable":true,"href":"https:\/\/www.pharmacieonline.lu\/de\/wp-json\/wp\/v2\/media\/40712"}],"wp:attachment":[{"href":"https:\/\/www.pharmacieonline.lu\/de\/wp-json\/wp\/v2\/media?parent=40706"}],"wp:term":[{"taxonomy":"product_brand","embeddable":true,"href":"https:\/\/www.pharmacieonline.lu\/de\/wp-json\/wp\/v2\/product_brand?post=40706"},{"taxonomy":"product_cat","embeddable":true,"href":"https:\/\/www.pharmacieonline.lu\/de\/wp-json\/wp\/v2\/product_cat?post=40706"},{"taxonomy":"product_tag","embeddable":true,"href":"https:\/\/www.pharmacieonline.lu\/de\/wp-json\/wp\/v2\/product_tag?post=40706"}],"curies":[{"name":"wp","href":"https:\/\/api.w.org\/{rel}","templated":true}]}}