{"id":41113,"date":"2023-11-07T11:52:52","date_gmt":"2023-11-07T10:52:52","guid":{"rendered":"https:\/\/www.pharmacieonline.lu\/?post_type=product&#038;p=41113"},"modified":"2026-04-07T11:55:10","modified_gmt":"2026-04-07T09:55:10","slug":"wamine-omega-3-6-9-120-caps","status":"publish","type":"product","link":"https:\/\/www.pharmacieonline.lu\/de\/produit\/wamine-omega-3-6-9-120-caps\/","title":{"rendered":"WAMINE OMEGA 3-6-9 120 CAPS"},"content":{"rendered":"<p>Erg\u00e4nzungsfuttermittel f\u00fcr Hunde und Katzen.<\/p>\n<p>Beitrag essentieller Fetts\u00e4uren in Form von EPA, DHA und GLA zur besseren Assimilation<br \/>\nAusgewogenheit des Omega-6-\/Omega-3-Verh\u00e4ltnisses<br \/>\nEssentielle Fetts\u00e4uren tragen dazu bei, die ordnungsgem\u00e4\u00dfe Funktion des Gehirns, des Immunsystems, des Systems gegen freie Radikale und des Hormonsystems aufrechtzuerhalten.<br \/>\nEigenschaften der Hauptverbindungen<\/p>\n<p>Borretsch\u00f6l<\/p>\n<p>Es stammt aus den Samen des Borretschs (Borago officinalis L.) und ist von Natur aus reich an essentiellen mehrfach unges\u00e4ttigten Fetts\u00e4uren aus der Familie der Omega-6-Fetts\u00e4uren (GLA). Es tr\u00e4gt zum Gleichgewicht von Haut und Haut sowie zur Aufrechterhaltung der Elastizit\u00e4t der Epidermis bei. Borretsch\u00f6l enth\u00e4lt au\u00dferdem einfach unges\u00e4ttigte Fetts\u00e4uren (Omega-9), die zur Unterst\u00fctzung der Herz-Kreislauf-Funktion beitragen.<\/p>\n<p>FETTES FISCH\u00d6L<\/p>\n<p>Es ist f\u00fcr seinen hohen Omega-3-Gehalt bekannt und wird aus dem biologischen Gewebe fetter Fische gewonnen. Die in diesem \u00d6l enthaltenen mehrfach unges\u00e4ttigten Fetts\u00e4uren gleichen die Aufnahme von EPA und DHA aus, die an mehreren biologischen, kardiovaskul\u00e4ren, zerebralen und immunologischen Funktionen beteiligt sind.<\/p>\n<p>ANWENDUNGSTIPPS<\/p>\n<p>Bei Hunden und Katzen: 2 Kapseln pro Tag pro 10 kg.<\/p>\n<p>Direkt verabreichen oder die Kapsel durchstechen und in das Essen gie\u00dfen. Passen Sie sich den Bed\u00fcrfnissen an.<br \/>\nDauer der Erg\u00e4nzung: 1 bis 2 Monate \u2013 verl\u00e4ngerbar.<\/p>","protected":false},"excerpt":{"rendered":"<p>Erg\u00e4nzungsfuttermittel f\u00fcr Hunde und Katzen. Beitrag essentieller Fetts\u00e4uren in Form von EPA, DHA und GLA zur besseren Assimilation Ausgewogenheit des Omega-6-\/Omega-3-Verh\u00e4ltnisses Essentielle Fetts\u00e4uren tragen dazu bei, die ordnungsgem\u00e4\u00dfe Funktion des Gehirns, des Immunsystems, des Systems gegen freie Radikale und des Hormonsystems aufrechtzuerhalten. Eigenschaften der Hauptverbindungen Borretsch\u00f6l Es stammt aus den Samen des Borretschs (Borago officinalis [&hellip;]<\/p>\n","protected":false},"featured_media":41114,"template":"","meta":{"_acf_changed":false,"footnotes":""},"product_brand":[],"product_cat":[151,150,46],"product_tag":[],"class_list":{"0":"post-41113","1":"product","2":"type-product","3":"status-publish","4":"has-post-thumbnail","6":"product_cat-chiens","7":"product_cat-chats","8":"product_cat-veterinaire","10":"first","11":"instock","12":"taxable","13":"shipping-taxable","14":"purchasable","15":"product-type-simple"},"acf":[],"_links":{"self":[{"href":"https:\/\/www.pharmacieonline.lu\/de\/wp-json\/wp\/v2\/product\/41113","targetHints":{"allow":["GET"]}}],"collection":[{"href":"https:\/\/www.pharmacieonline.lu\/de\/wp-json\/wp\/v2\/product"}],"about":[{"href":"https:\/\/www.pharmacieonline.lu\/de\/wp-json\/wp\/v2\/types\/product"}],"version-history":[{"count":0,"href":"https:\/\/www.pharmacieonline.lu\/de\/wp-json\/wp\/v2\/product\/41113\/revisions"}],"wp:featuredmedia":[{"embeddable":true,"href":"https:\/\/www.pharmacieonline.lu\/de\/wp-json\/wp\/v2\/media\/41114"}],"wp:attachment":[{"href":"https:\/\/www.pharmacieonline.lu\/de\/wp-json\/wp\/v2\/media?parent=41113"}],"wp:term":[{"taxonomy":"product_brand","embeddable":true,"href":"https:\/\/www.pharmacieonline.lu\/de\/wp-json\/wp\/v2\/product_brand?post=41113"},{"taxonomy":"product_cat","embeddable":true,"href":"https:\/\/www.pharmacieonline.lu\/de\/wp-json\/wp\/v2\/product_cat?post=41113"},{"taxonomy":"product_tag","embeddable":true,"href":"https:\/\/www.pharmacieonline.lu\/de\/wp-json\/wp\/v2\/product_tag?post=41113"}],"curies":[{"name":"wp","href":"https:\/\/api.w.org\/{rel}","templated":true}]}}