{"id":41121,"date":"2023-11-07T11:59:11","date_gmt":"2023-11-07T10:59:11","guid":{"rendered":"https:\/\/www.pharmacieonline.lu\/?post_type=product&#038;p=41121"},"modified":"2026-04-07T11:55:09","modified_gmt":"2026-04-07T09:55:09","slug":"wamine-florequilibre-initial-30gel","status":"publish","type":"product","link":"https:\/\/www.pharmacieonline.lu\/de\/produit\/wamine-florequilibre-initial-30gel\/","title":{"rendered":"WAMINE FLOREQUILIBRE INITIAL 30GEL"},"content":{"rendered":"<p>Erg\u00e4nzungsfuttermittel f\u00fcr Hunde.<\/p>\n<p>Von Natur aus reich an Milchfermenten<br \/>\nBereitstellung von Metaboliten \u00fcber in der Milch vorhandene Fermente<br \/>\nUnterst\u00fctzt die Mikrobiota des Hundes und respektiert gleichzeitig die Interaktion zwischen Mensch und Tier<\/p>\n<p>&nbsp;<\/p>\n<p>Eigenschaften der Hauptverbindungen<\/p>\n<p>FERMENTIERTES MILCHPULVER<\/p>\n<p>Von Natur aus reich an Milchs\u00e4urebakterien (Lactobacillus, Lactococcus), deren Metaboliten ein sehr saures Milieu passieren k\u00f6nnen. Laktobazillen tragen zum Gleichgewicht der Mikrobiota des Hundes bei und sorgen so f\u00fcr eine bessere Darmfunktion. Die Metaboliten dieser Fermente tragen zum Darmgleichgewicht bei.<\/p>\n<p>ANWENDUNGSTIPPS<\/p>\n<p>1 Kapsel pro Tag<\/p>\n<p>Passen Sie sich den St\u00f6rungen an. Schlucken Sie die Kapsel direkt oder vermischen Sie das in der Kapsel enthaltene Pulver mit etwas Wasser, bevor Sie es zum Essen geben. Dauer der Supplementierung: 7 Tage bis 2 Monate \u2013 bei Bedarf wiederholen.<\/p>","protected":false},"excerpt":{"rendered":"<p>Erg\u00e4nzungsfuttermittel f\u00fcr Hunde. Von Natur aus reich an Milchfermenten Bereitstellung von Metaboliten \u00fcber in der Milch vorhandene Fermente Unterst\u00fctzt die Mikrobiota des Hundes und respektiert gleichzeitig die Interaktion zwischen Mensch und Tier &nbsp; Eigenschaften der Hauptverbindungen FERMENTIERTES MILCHPULVER Von Natur aus reich an Milchs\u00e4urebakterien (Lactobacillus, Lactococcus), deren Metaboliten ein sehr saures Milieu passieren k\u00f6nnen. Laktobazillen [&hellip;]<\/p>\n","protected":false},"featured_media":41122,"template":"","meta":{"_acf_changed":false,"footnotes":""},"product_brand":[],"product_cat":[151,46],"product_tag":[],"class_list":{"0":"post-41121","1":"product","2":"type-product","3":"status-publish","4":"has-post-thumbnail","6":"product_cat-chiens","7":"product_cat-veterinaire","9":"first","10":"instock","11":"taxable","12":"shipping-taxable","13":"purchasable","14":"product-type-simple"},"acf":[],"_links":{"self":[{"href":"https:\/\/www.pharmacieonline.lu\/de\/wp-json\/wp\/v2\/product\/41121","targetHints":{"allow":["GET"]}}],"collection":[{"href":"https:\/\/www.pharmacieonline.lu\/de\/wp-json\/wp\/v2\/product"}],"about":[{"href":"https:\/\/www.pharmacieonline.lu\/de\/wp-json\/wp\/v2\/types\/product"}],"version-history":[{"count":0,"href":"https:\/\/www.pharmacieonline.lu\/de\/wp-json\/wp\/v2\/product\/41121\/revisions"}],"wp:featuredmedia":[{"embeddable":true,"href":"https:\/\/www.pharmacieonline.lu\/de\/wp-json\/wp\/v2\/media\/41122"}],"wp:attachment":[{"href":"https:\/\/www.pharmacieonline.lu\/de\/wp-json\/wp\/v2\/media?parent=41121"}],"wp:term":[{"taxonomy":"product_brand","embeddable":true,"href":"https:\/\/www.pharmacieonline.lu\/de\/wp-json\/wp\/v2\/product_brand?post=41121"},{"taxonomy":"product_cat","embeddable":true,"href":"https:\/\/www.pharmacieonline.lu\/de\/wp-json\/wp\/v2\/product_cat?post=41121"},{"taxonomy":"product_tag","embeddable":true,"href":"https:\/\/www.pharmacieonline.lu\/de\/wp-json\/wp\/v2\/product_tag?post=41121"}],"curies":[{"name":"wp","href":"https:\/\/api.w.org\/{rel}","templated":true}]}}