{"id":41142,"date":"2023-11-07T14:07:42","date_gmt":"2023-11-07T13:07:42","guid":{"rendered":"https:\/\/www.pharmacieonline.lu\/?post_type=product&#038;p=41142"},"modified":"2026-04-07T13:55:13","modified_gmt":"2026-04-07T11:55:13","slug":"wamine-flore-equilibre-10mds-2bl-15caps","status":"publish","type":"product","link":"https:\/\/www.pharmacieonline.lu\/de\/produit\/wamine-flore-equilibre-10mds-2bl-15caps\/","title":{"rendered":"WAMINE FLORE EQUILIBRE 10MDS 2BL 15CAPS"},"content":{"rendered":"<p>Auswahl interessanter Bakterien, die gegen widrige Erkrankungen des Verdauungstrakts resistent sind.<br \/>\nEnth\u00e4lt keine Proteine \u200b\u200btierischen Ursprungs.<br \/>\nBesonders empfehlenswert in folgenden Situationen:<br \/>\nUnterst\u00fctzung bei chronisch entz\u00fcndlichen Erkrankungen des Verdauungstraktes.<br \/>\nUnterst\u00fctzung der Mikrobiota bei systemischen Erkrankungen.<br \/>\nEigenschaften der Hauptverbindungen<\/p>\n<p>Bakterien von Interesse<\/p>\n<p>Sie wirken auf die drei Elemente des \u00d6kosystems<br \/>\nDarm in:<br \/>\n\u2713 Modulation der Stoffwechselaktivit\u00e4ten<br \/>\nFlora,<br \/>\n\u2713 Hemmung der Wirkung von Krankheitserregern<br \/>\nDarmschleimhaut,<br \/>\n\u2713 Modulation der Darmpermeabilit\u00e4t<br \/>\nMakromolek\u00fcle und spezifische Immunit\u00e4t<\/p>\n<p>ANWENDUNGSTIPPS<\/p>\n<p>1 Kapsel pro Tag (je nach Beschwerden anpassen).<br \/>\nSchlucken Sie die Kapsel direkt oder vermischen Sie das in der Kapsel enthaltene Pulver mit etwas Wasser, bevor Sie es zum Essen geben.<\/p>","protected":false},"excerpt":{"rendered":"<p>Auswahl interessanter Bakterien, die gegen widrige Erkrankungen des Verdauungstrakts resistent sind. Enth\u00e4lt keine Proteine \u200b\u200btierischen Ursprungs. Besonders empfehlenswert in folgenden Situationen: Unterst\u00fctzung bei chronisch entz\u00fcndlichen Erkrankungen des Verdauungstraktes. Unterst\u00fctzung der Mikrobiota bei systemischen Erkrankungen. Eigenschaften der Hauptverbindungen Bakterien von Interesse Sie wirken auf die drei Elemente des \u00d6kosystems Darm in: \u2713 Modulation der Stoffwechselaktivit\u00e4ten Flora, [&hellip;]<\/p>\n","protected":false},"featured_media":41145,"template":"","meta":{"_acf_changed":false,"footnotes":""},"product_brand":[],"product_cat":[151,150,46],"product_tag":[],"class_list":{"0":"post-41142","1":"product","2":"type-product","3":"status-publish","4":"has-post-thumbnail","6":"product_cat-chiens","7":"product_cat-chats","8":"product_cat-veterinaire","10":"first","11":"instock","12":"taxable","13":"shipping-taxable","14":"purchasable","15":"product-type-simple"},"acf":[],"_links":{"self":[{"href":"https:\/\/www.pharmacieonline.lu\/de\/wp-json\/wp\/v2\/product\/41142","targetHints":{"allow":["GET"]}}],"collection":[{"href":"https:\/\/www.pharmacieonline.lu\/de\/wp-json\/wp\/v2\/product"}],"about":[{"href":"https:\/\/www.pharmacieonline.lu\/de\/wp-json\/wp\/v2\/types\/product"}],"version-history":[{"count":0,"href":"https:\/\/www.pharmacieonline.lu\/de\/wp-json\/wp\/v2\/product\/41142\/revisions"}],"wp:featuredmedia":[{"embeddable":true,"href":"https:\/\/www.pharmacieonline.lu\/de\/wp-json\/wp\/v2\/media\/41145"}],"wp:attachment":[{"href":"https:\/\/www.pharmacieonline.lu\/de\/wp-json\/wp\/v2\/media?parent=41142"}],"wp:term":[{"taxonomy":"product_brand","embeddable":true,"href":"https:\/\/www.pharmacieonline.lu\/de\/wp-json\/wp\/v2\/product_brand?post=41142"},{"taxonomy":"product_cat","embeddable":true,"href":"https:\/\/www.pharmacieonline.lu\/de\/wp-json\/wp\/v2\/product_cat?post=41142"},{"taxonomy":"product_tag","embeddable":true,"href":"https:\/\/www.pharmacieonline.lu\/de\/wp-json\/wp\/v2\/product_tag?post=41142"}],"curies":[{"name":"wp","href":"https:\/\/api.w.org\/{rel}","templated":true}]}}