{"id":41148,"date":"2023-11-07T14:14:15","date_gmt":"2023-11-07T13:14:15","guid":{"rendered":"https:\/\/www.pharmacieonline.lu\/?post_type=product&#038;p=41148"},"modified":"2026-04-07T15:55:18","modified_gmt":"2026-04-07T13:55:18","slug":"wamine-doloflamil-gel-tube-125ml","status":"publish","type":"product","link":"https:\/\/www.pharmacieonline.lu\/de\/produit\/wamine-doloflamil-gel-tube-125ml\/","title":{"rendered":"WAMINE DOLOFLAMIL GEL TUBE 125ML"},"content":{"rendered":"<p>Massagegel f\u00fcr Hunde und Katzen<\/p>\n<p>Optimiert das Entspannungsgef\u00fchl<br \/>\nSchnelles Eindringen auch bei langen Haaren<br \/>\nNicht fettend, paraben- und PEG-frei<\/p>\n<p>Eigenschaften der Hauptverbindungen<br \/>\nWIESEN-EXTRAKT<br \/>\nRemineralisierend<br \/>\nHARPAGOPHYTUM-EXTRAKT<br \/>\nBeruhigend<br \/>\nWacholderextrakt<br \/>\nAnti\u00f6demat\u00f6s<br \/>\nSALOMONS SIEGEL-EXTRAKT<br \/>\n\u00c4THERISCHES FICHTEN\u00d6L<br \/>\n\u00c4THERISCHES SCHWARZFICHTEN\u00d6L<br \/>\nImmunmodulierend<br \/>\nW\u00c4RME \u00c4THERISCHES \u00d6L<br \/>\nBeruhigend<br \/>\n\u00c4THERISCHES PFEFFERMINZE\u00d6L<br \/>\nEntspannend<br \/>\n\u00c4THERISCHES ROSMARIN-KAMPFER\u00d6L<br \/>\nEntspannend<\/p>\n<p>ANWENDUNGSTIPPS<br \/>\nTragen Sie das Gel auf die gesunde Haut auf, ohne die Haut einzurei\u00dfen, und massieren Sie es mit leichten kreisenden Bewegungen ein, bis das Gel vollst\u00e4ndig eingezogen ist. Bei Bedarf mehrmals t\u00e4glich erneut auftragen.<\/p>\n<p>Nach der Anwendung H\u00e4nde waschen. Produkt zur \u00e4u\u00dferlichen Anwendung, nicht schluckbar. Nicht bei Nagetieren und V\u00f6geln anwenden. Nicht auf Schleimh\u00e4ute, Wunden oder Dermatosen jeglicher Art auftragen. Enth\u00e4lt Kampfer.<\/p>","protected":false},"excerpt":{"rendered":"<p>Massagegel f\u00fcr Hunde und Katzen Optimiert das Entspannungsgef\u00fchl Schnelles Eindringen auch bei langen Haaren Nicht fettend, paraben- und PEG-frei Eigenschaften der Hauptverbindungen WIESEN-EXTRAKT Remineralisierend HARPAGOPHYTUM-EXTRAKT Beruhigend Wacholderextrakt Anti\u00f6demat\u00f6s SALOMONS SIEGEL-EXTRAKT \u00c4THERISCHES FICHTEN\u00d6L \u00c4THERISCHES SCHWARZFICHTEN\u00d6L Immunmodulierend W\u00c4RME \u00c4THERISCHES \u00d6L Beruhigend \u00c4THERISCHES PFEFFERMINZE\u00d6L Entspannend \u00c4THERISCHES ROSMARIN-KAMPFER\u00d6L Entspannend ANWENDUNGSTIPPS Tragen Sie das Gel auf die gesunde Haut auf, [&hellip;]<\/p>\n","protected":false},"featured_media":41149,"template":"","meta":{"_acf_changed":false,"footnotes":""},"product_brand":[],"product_cat":[151,150,46],"product_tag":[],"class_list":{"0":"post-41148","1":"product","2":"type-product","3":"status-publish","4":"has-post-thumbnail","6":"product_cat-chiens","7":"product_cat-chats","8":"product_cat-veterinaire","10":"first","11":"instock","12":"taxable","13":"shipping-taxable","14":"purchasable","15":"product-type-simple"},"acf":[],"_links":{"self":[{"href":"https:\/\/www.pharmacieonline.lu\/de\/wp-json\/wp\/v2\/product\/41148","targetHints":{"allow":["GET"]}}],"collection":[{"href":"https:\/\/www.pharmacieonline.lu\/de\/wp-json\/wp\/v2\/product"}],"about":[{"href":"https:\/\/www.pharmacieonline.lu\/de\/wp-json\/wp\/v2\/types\/product"}],"version-history":[{"count":0,"href":"https:\/\/www.pharmacieonline.lu\/de\/wp-json\/wp\/v2\/product\/41148\/revisions"}],"wp:featuredmedia":[{"embeddable":true,"href":"https:\/\/www.pharmacieonline.lu\/de\/wp-json\/wp\/v2\/media\/41149"}],"wp:attachment":[{"href":"https:\/\/www.pharmacieonline.lu\/de\/wp-json\/wp\/v2\/media?parent=41148"}],"wp:term":[{"taxonomy":"product_brand","embeddable":true,"href":"https:\/\/www.pharmacieonline.lu\/de\/wp-json\/wp\/v2\/product_brand?post=41148"},{"taxonomy":"product_cat","embeddable":true,"href":"https:\/\/www.pharmacieonline.lu\/de\/wp-json\/wp\/v2\/product_cat?post=41148"},{"taxonomy":"product_tag","embeddable":true,"href":"https:\/\/www.pharmacieonline.lu\/de\/wp-json\/wp\/v2\/product_tag?post=41148"}],"curies":[{"name":"wp","href":"https:\/\/api.w.org\/{rel}","templated":true}]}}