{"id":41161,"date":"2023-11-07T14:25:30","date_gmt":"2023-11-07T13:25:30","guid":{"rendered":"https:\/\/www.pharmacieonline.lu\/?post_type=product&#038;p=41161"},"modified":"2026-04-07T16:25:22","modified_gmt":"2026-04-07T14:25:22","slug":"wamine-confort-digestif-15-sach-15g","status":"publish","type":"product","link":"https:\/\/www.pharmacieonline.lu\/de\/produit\/wamine-confort-digestif-15-sach-15g\/","title":{"rendered":"WAMINE CONFORT DIGESTIF 15 SACH 1,5G"},"content":{"rendered":"<p>Basierend auf Pflanzenextrakten, die zum reibungslosen Funktionieren der Leber- und Gallenverdauungsfunktionen beitragen<br \/>\nBeitrag nat\u00fcrlicher Elemente zur Unterst\u00fctzung der Verdauungsf\u00e4higkeit bei \u00fcberm\u00e4\u00dfiger oder ungeeigneter Ern\u00e4hrung<br \/>\nSchmackhaftes Pulver f\u00fcr eine einfachere Compliance<br \/>\nEigenschaften der Hauptverbindungen<\/p>\n<p>PAPAYA-EXTRAKT<\/p>\n<p>Papaine\u00a0aus dieser exotischen Frucht sind reich an proteolytischen Enzymen und tragen so zum reibungslosen Funktionieren des Verdauungsprozesses bei.<\/p>\n<p>BROKKOLI<\/p>\n<p>Seine Glykosinolate tragen dazu bei, das Zusammenspiel zwischen der Darmflora und der Verdauungswand zu optimieren.<\/p>\n<p>ROSMARIN-EXTRAKT<\/p>\n<p>Die Bl\u00e4tter von Rosmarinus officinalis sind reich an antioxidativen Elementen, die dabei helfen, freie Radikale zu neutralisieren, die bei der Entgiftung entstehen, und zu einer guten Leber-Gallen-Funktion beitragen.<\/p>\n<p>KURKUMA-EXTRAKT<\/p>\n<p>Curcuminoide aus Curcuma longa-Extrakt tragen in Kombination mit Papaya-Extrakt zur guten Verdaulichkeit der Ration bei, indem sie die Fragmentierung der Nahrung optimieren.<\/p>\n<p>ANWENDUNGSTIPPS<\/p>\n<p>Bei Hunden und Katzen:<br \/>\n1 Beutel f\u00fcr 15 kg pro Tag. Je nach Gewicht einstellbar.<\/p>\n<p>Schmackhaftes Pulver, das der Futterration hinzugef\u00fcgt werden kann.<br \/>\nDauer der Nahrungserg\u00e4nzung: 15 Tage, bei Bedarf erneuerbar.<\/p>","protected":false},"excerpt":{"rendered":"<p>Basierend auf Pflanzenextrakten, die zum reibungslosen Funktionieren der Leber- und Gallenverdauungsfunktionen beitragen Beitrag nat\u00fcrlicher Elemente zur Unterst\u00fctzung der Verdauungsf\u00e4higkeit bei \u00fcberm\u00e4\u00dfiger oder ungeeigneter Ern\u00e4hrung Schmackhaftes Pulver f\u00fcr eine einfachere Compliance Eigenschaften der Hauptverbindungen PAPAYA-EXTRAKT Papaine\u00a0aus dieser exotischen Frucht sind reich an proteolytischen Enzymen und tragen so zum reibungslosen Funktionieren des Verdauungsprozesses bei. BROKKOLI Seine Glykosinolate [&hellip;]<\/p>\n","protected":false},"featured_media":41162,"template":"","meta":{"_acf_changed":false,"footnotes":""},"product_brand":[],"product_cat":[151,150,46],"product_tag":[],"class_list":{"0":"post-41161","1":"product","2":"type-product","3":"status-publish","4":"has-post-thumbnail","6":"product_cat-chiens","7":"product_cat-chats","8":"product_cat-veterinaire","10":"first","11":"instock","12":"taxable","13":"shipping-taxable","14":"purchasable","15":"product-type-simple"},"acf":[],"_links":{"self":[{"href":"https:\/\/www.pharmacieonline.lu\/de\/wp-json\/wp\/v2\/product\/41161","targetHints":{"allow":["GET"]}}],"collection":[{"href":"https:\/\/www.pharmacieonline.lu\/de\/wp-json\/wp\/v2\/product"}],"about":[{"href":"https:\/\/www.pharmacieonline.lu\/de\/wp-json\/wp\/v2\/types\/product"}],"version-history":[{"count":0,"href":"https:\/\/www.pharmacieonline.lu\/de\/wp-json\/wp\/v2\/product\/41161\/revisions"}],"wp:featuredmedia":[{"embeddable":true,"href":"https:\/\/www.pharmacieonline.lu\/de\/wp-json\/wp\/v2\/media\/41162"}],"wp:attachment":[{"href":"https:\/\/www.pharmacieonline.lu\/de\/wp-json\/wp\/v2\/media?parent=41161"}],"wp:term":[{"taxonomy":"product_brand","embeddable":true,"href":"https:\/\/www.pharmacieonline.lu\/de\/wp-json\/wp\/v2\/product_brand?post=41161"},{"taxonomy":"product_cat","embeddable":true,"href":"https:\/\/www.pharmacieonline.lu\/de\/wp-json\/wp\/v2\/product_cat?post=41161"},{"taxonomy":"product_tag","embeddable":true,"href":"https:\/\/www.pharmacieonline.lu\/de\/wp-json\/wp\/v2\/product_tag?post=41161"}],"curies":[{"name":"wp","href":"https:\/\/api.w.org\/{rel}","templated":true}]}}