{"id":41186,"date":"2023-11-07T15:00:14","date_gmt":"2023-11-07T14:00:14","guid":{"rendered":"https:\/\/www.pharmacieonline.lu\/?post_type=product&#038;p=41186"},"modified":"2026-04-07T15:55:18","modified_gmt":"2026-04-07T13:55:18","slug":"valdispert-bedtime-40-cpr","status":"publish","type":"product","link":"https:\/\/www.pharmacieonline.lu\/de\/produit\/valdispert-bedtime-40-cpr\/","title":{"rendered":"VALDISPERT BEDTIME 40 CPR"},"content":{"rendered":"<p>Allgemeine Beschreibung<\/p>\n<p>Stress und Nervosit\u00e4t w\u00e4hrend des Tages k\u00f6nnen dazu f\u00fchren, dass man nicht einschlafen kann und eine ganze Nacht lang nicht aufwacht. Umgekehrt kann es zu Schlafst\u00f6rungen kommen, weil man im Bett gr\u00fcbelt und denkt, dass man nicht einschlafen kann, &#8230; was wiederum zu M\u00fcdigkeit, Reizbarkeit und einem Gef\u00fchl von Stress und Nervosit\u00e4t w\u00e4hrend des Tages f\u00fchrt.<\/p>\n<p>Valdispert bietet Ihnen jetzt eine Reihe von Medikamenten an, die Ihnen dabei helfen k\u00f6nnen, den Teufelskreis aus Schlafst\u00f6rungen und Stress zu durchbrechen.<\/p>\n<p>Valdispert-Medikamente:<\/p>\n<p>Klinisch nachgewiesene Wirksamkeit<br \/>\nOhne Rezept in der Apotheke erh\u00e4ltlich<br \/>\nEs ist nicht bekannt, dass es gewohnheitsbildend wirkt<br \/>\nGut vertr\u00e4glich f\u00fcr den K\u00f6rper<\/p>\n<p>Valdispert Bedtime ist ein pflanzliches Arzneimittel (Baldrian), das Ihnen helfen kann, besser einzuschlafen.<\/p>\n<p>Indikation<\/p>\n<p>Valdispert Bedtime ist ein pflanzliches Arzneimittel zur Behandlung von Einschlafst\u00f6rungen.<\/p>\n<p>Verwenden<\/p>\n<p>Die empfohlene Dosis f\u00fcr Erwachsene und Kinder \u00fcber 12 Jahre betr\u00e4gt:<\/p>\n<p>Zur Linderung leichter Nervosit\u00e4t: 1 Tablette, 3-mal t\u00e4glich.<br \/>\nBei Einschlafst\u00f6rungen: 1 Tablette eine halbe bis eine Stunde vor dem Schlafengehen, bei Bedarf zus\u00e4tzlich 1 Tablette fr\u00fcher am Abend.<\/p>\n<p>Maximale Tagesdosis: 4 Tabletten. Die Tabletten sollten im Ganzen mit Wasser geschluckt werden. Kauen Sie die Tabletten nicht.<\/p>\n<p>Verwenden<br \/>\nErwachsene und Kinder &gt; 12 Jahre<\/p>\n<p>Leichte Nervosit\u00e4t: 1 Tablette 3x t\u00e4glich<br \/>\nBei Einschlafst\u00f6rungen: 1 Tablette 1\/2 Stunde vor dem Schlafengehen, bei Bedarf zus\u00e4tzlich 1 Tablette fr\u00fcher am Abend<br \/>\nMaximale Tagesdosis: 4 Tabletten<br \/>\nDie Wirksamkeit entwickelt sich allm\u00e4hlich: 2 bis 4 Wochen ohne Unterbrechung einnehmen, um die maximale Wirkung zu erzielen<\/p>\n<p>Schlucken Sie die Tabletten im Ganzen mit Wasser<br \/>\nTabletten sollten nicht gekaut werden<\/p>\n<p>&nbsp;<\/p>\n<p>Komposition<\/p>\n<p>Der Wirkstoff ist der Trockenextrakt aus der Wurzel von Valeriana officinalis.<\/p>\n<p>Jede Dragee enth\u00e4lt 450 mg Extrakt (als Trockenextrakt) der Wurzel Valeriana officinalis L s.l. (entsprechend 1350 mg \u2013 2700 mg Baldrianwurzel). Zur Extraktion verwendetes L\u00f6sungsmittel: 70 % Ethanol.<\/p>\n<p>Die anderen Komponenten sind:<br \/>\nTablettenkern: fl\u00fcssige Glucose (spr\u00fchgetrocknet), kolloidales wasserfreies Siliciumdioxid, pulverisierte Cellulose, Croscarmellose-Natrium, Stearins\u00e4ure und Talk. Tabletten\u00fcberzug: Saccharose, Talkum, Calciumcarbonat (E 170), Akaziengummi, Traganth, Titandioxid (E 171), fl\u00fcssige Glucose (spr\u00fchgetrocknet), Capol 600 T.S. (enth\u00e4lt wei\u00dfes Bienenwachs, Carnaubawachs und Schellack).<\/p>","protected":false},"excerpt":{"rendered":"<p>Allgemeine Beschreibung Stress und Nervosit\u00e4t w\u00e4hrend des Tages k\u00f6nnen dazu f\u00fchren, dass man nicht einschlafen kann und eine ganze Nacht lang nicht aufwacht. Umgekehrt kann es zu Schlafst\u00f6rungen kommen, weil man im Bett gr\u00fcbelt und denkt, dass man nicht einschlafen kann, &#8230; was wiederum zu M\u00fcdigkeit, Reizbarkeit und einem Gef\u00fchl von Stress und Nervosit\u00e4t w\u00e4hrend [&hellip;]<\/p>\n","protected":false},"featured_media":41187,"template":"","meta":{"_acf_changed":false,"footnotes":""},"product_brand":[],"product_cat":[43,781],"product_tag":[],"class_list":{"0":"post-41186","1":"product","2":"type-product","3":"status-publish","4":"has-post-thumbnail","6":"product_cat-medicaments-en-vente-libre","7":"product_cat-sommeil-stress","9":"first","10":"outofstock","11":"taxable","12":"shipping-taxable","13":"purchasable","14":"product-type-simple"},"acf":[],"_links":{"self":[{"href":"https:\/\/www.pharmacieonline.lu\/de\/wp-json\/wp\/v2\/product\/41186","targetHints":{"allow":["GET"]}}],"collection":[{"href":"https:\/\/www.pharmacieonline.lu\/de\/wp-json\/wp\/v2\/product"}],"about":[{"href":"https:\/\/www.pharmacieonline.lu\/de\/wp-json\/wp\/v2\/types\/product"}],"version-history":[{"count":0,"href":"https:\/\/www.pharmacieonline.lu\/de\/wp-json\/wp\/v2\/product\/41186\/revisions"}],"wp:featuredmedia":[{"embeddable":true,"href":"https:\/\/www.pharmacieonline.lu\/de\/wp-json\/wp\/v2\/media\/41187"}],"wp:attachment":[{"href":"https:\/\/www.pharmacieonline.lu\/de\/wp-json\/wp\/v2\/media?parent=41186"}],"wp:term":[{"taxonomy":"product_brand","embeddable":true,"href":"https:\/\/www.pharmacieonline.lu\/de\/wp-json\/wp\/v2\/product_brand?post=41186"},{"taxonomy":"product_cat","embeddable":true,"href":"https:\/\/www.pharmacieonline.lu\/de\/wp-json\/wp\/v2\/product_cat?post=41186"},{"taxonomy":"product_tag","embeddable":true,"href":"https:\/\/www.pharmacieonline.lu\/de\/wp-json\/wp\/v2\/product_tag?post=41186"}],"curies":[{"name":"wp","href":"https:\/\/api.w.org\/{rel}","templated":true}]}}