{"id":41292,"date":"2023-11-08T15:45:56","date_gmt":"2023-11-08T14:45:56","guid":{"rendered":"https:\/\/www.pharmacieonline.lu\/?post_type=product&#038;p=41292"},"modified":"2026-04-06T11:55:18","modified_gmt":"2026-04-06T09:55:18","slug":"vectra-3d-dog-m-pip-10-25-kg-336ml-vet","status":"publish","type":"product","link":"https:\/\/www.pharmacieonline.lu\/de\/produit\/vectra-3d-dog-m-pip-10-25-kg-336ml-vet\/","title":{"rendered":"VECTRA 3D DOG M PIP 10-25 KG 3*3,6ML VET"},"content":{"rendered":"<p>- Fl\u00f6he: Behandlung und Vorbeugung von Flohbefall (Ctenocephalides felis und Ctenocephalides canis). Die Behandlung verhindert einen Flohbefall f\u00fcr einen Monat. Es verhindert au\u00dferdem die Vermehrung von Fl\u00f6hen f\u00fcr zwei Monate nach der Anwendung, indem es das Schl\u00fcpfen von Eiern verhindert (ovizide Wirkung) und die Entwicklung erwachsener Fl\u00f6he aus von erwachsenen Fl\u00f6hen gelegten Eiern hemmt (larvizide Wirkung).<br \/>\n&#8211; Zecken: Das Tierarzneimittel hat eine anhaltende akarizide und absto\u00dfende Wirkung gegen Zecken (Rhipicephalus sanguineus und Ixodes ricinus f\u00fcr einen Monat und Dermacentor reticulatus f\u00fcr bis zu drei Wochen).<br \/>\nSind zum Zeitpunkt der Anwendung des Tierarzneimittels bereits Zecken vorhanden, kann es sein, dass nicht alle Zecken innerhalb der ersten 48 Stunden, sondern innerhalb einer Woche abget\u00f6tet werden. Um diese Zecken zu entfernen, empfiehlt es sich, ein entsprechendes Entfernungsger\u00e4t zu verwenden.<br \/>\n&#8211; Sandm\u00fccken, M\u00fccken und Stallfliegen: Die Behandlung hat eine anhaltende abweisende Wirkung (Antiverstopfung). Es verhindert f\u00fcr einen Monat nach der Anwendung Stiche von Sandm\u00fccken (Phlebotomus perniciosus), M\u00fccken (Culex pipiens, Aedes aegypti) und Stallfliegen (Stomoxys calcitrans). Die Behandlung gew\u00e4hrleistet au\u00dferdem eine anhaltende insektizide Wirkung f\u00fcr einen Monat gegen M\u00fccken (Aedes aegypti) und Stallfliegen (Stomoxys calcitrans).<\/p>","protected":false},"excerpt":{"rendered":"<p>&#8211; Fl\u00f6he: Behandlung und Vorbeugung von Flohbefall (Ctenocephalides felis und Ctenocephalides canis). Die Behandlung verhindert einen Flohbefall f\u00fcr einen Monat. Es verhindert au\u00dferdem die Vermehrung von Fl\u00f6hen f\u00fcr zwei Monate nach der Anwendung, indem es das Schl\u00fcpfen von Eiern verhindert (ovizide Wirkung) und die Entwicklung erwachsener Fl\u00f6he aus von erwachsenen Fl\u00f6hen gelegten Eiern hemmt (larvizide [&hellip;]<\/p>\n","protected":false},"featured_media":41293,"template":"","meta":{"_acf_changed":false,"footnotes":""},"product_brand":[],"product_cat":[151,157,46],"product_tag":[],"class_list":{"0":"post-41292","1":"product","2":"type-product","3":"status-publish","4":"has-post-thumbnail","6":"product_cat-chiens","7":"product_cat-puces-et-tiques-chiens","8":"product_cat-veterinaire","10":"first","11":"outofstock","12":"taxable","13":"shipping-taxable","14":"purchasable","15":"product-type-simple"},"acf":[],"_links":{"self":[{"href":"https:\/\/www.pharmacieonline.lu\/de\/wp-json\/wp\/v2\/product\/41292","targetHints":{"allow":["GET"]}}],"collection":[{"href":"https:\/\/www.pharmacieonline.lu\/de\/wp-json\/wp\/v2\/product"}],"about":[{"href":"https:\/\/www.pharmacieonline.lu\/de\/wp-json\/wp\/v2\/types\/product"}],"version-history":[{"count":0,"href":"https:\/\/www.pharmacieonline.lu\/de\/wp-json\/wp\/v2\/product\/41292\/revisions"}],"wp:featuredmedia":[{"embeddable":true,"href":"https:\/\/www.pharmacieonline.lu\/de\/wp-json\/wp\/v2\/media\/41293"}],"wp:attachment":[{"href":"https:\/\/www.pharmacieonline.lu\/de\/wp-json\/wp\/v2\/media?parent=41292"}],"wp:term":[{"taxonomy":"product_brand","embeddable":true,"href":"https:\/\/www.pharmacieonline.lu\/de\/wp-json\/wp\/v2\/product_brand?post=41292"},{"taxonomy":"product_cat","embeddable":true,"href":"https:\/\/www.pharmacieonline.lu\/de\/wp-json\/wp\/v2\/product_cat?post=41292"},{"taxonomy":"product_tag","embeddable":true,"href":"https:\/\/www.pharmacieonline.lu\/de\/wp-json\/wp\/v2\/product_tag?post=41292"}],"curies":[{"name":"wp","href":"https:\/\/api.w.org\/{rel}","templated":true}]}}