{"id":41441,"date":"2023-11-09T11:15:26","date_gmt":"2023-11-09T10:15:26","guid":{"rendered":"https:\/\/www.pharmacieonline.lu\/?post_type=product&#038;p=41441"},"modified":"2026-04-04T21:55:12","modified_gmt":"2026-04-04T19:55:12","slug":"vectra-3d-dog-xs-pip-15-4kg-308ml-vet","status":"publish","type":"product","link":"https:\/\/www.pharmacieonline.lu\/de\/produit\/vectra-3d-dog-xs-pip-15-4kg-308ml-vet\/","title":{"rendered":"VECTRA 3D DOG XS PIP 1,5-4KG 3*0,8ML VET"},"content":{"rendered":"<p>Sch\u00fctzen Sie Ihren Hund mit VECTRA 3D vor Fl\u00f6hen, Zecken und fliegenden Insekten<\/p>\n<p>Ein Stich oder Biss kann ausreichen.<\/p>\n<p>Fl\u00f6he, Zecken, M\u00fccken und Sandm\u00fccken stellen eine Gefahr f\u00fcr Ihren Hund dar, da sie durch einen einzigen Stich oder Biss gef\u00e4hrliche Krankheitserreger \u00fcbertragen k\u00f6nnen.<\/p>\n<p>Die VECTRA 3D-Pipette wirkt bei Kontakt schnell, hat eine abweisende Wirkung und bietet einen umfassenden Schutz gegen die wichtigsten Parasiten.<\/p>\n<p>Sein einzigartiger Applikator erm\u00f6glicht es Ihnen, Ihren Hund effektiv zu sch\u00fctzen, indem er seine Haut auch bei langen oder dichten Haaren leicht erreicht.<br \/>\nParasiten sterben nach dem Kontakt mit VECTRA 3D ab, ohne dass Ihr Haustier gef\u00fcttert werden muss.<br \/>\nEine einzige Anwendung\u00a0garantiert 1 Monat Schutz*.<br \/>\nVECTRA 3D ist in 5 Dosierungen erh\u00e4ltlich, basierend auf dem Gewicht Ihres Hundes.<\/p>\n<p>VECTRA 3D ist ein \u00e4u\u00dferliches Antiparasitikum, das bei Welpen ab einem Alter von 7 Wochen und einem Gewicht von 1,5 kg angewendet werden kann. Es wirkt auf viele Parasiten:<\/p>\n<p>Anti-Floh-Wirkung<br \/>\nAnti-Zecken-Wirkung<br \/>\nGegen M\u00fccken, Sandfliegen, Stallfliegen.<\/p>\n<p>*bis zu 3 Wochen bei der Zecke Dermacentor reticulatus<\/p>\n<p>&nbsp;<\/p>\n<p>\u2013 Fl\u00f6he: Behandlung und Vorbeugung von Flohbefall (Ctenocephalides felis und Ctenocephalides canis). Die Behandlung verhindert einen Flohbefall f\u00fcr einen Monat. Es verhindert au\u00dferdem die Vermehrung von Fl\u00f6hen f\u00fcr zwei Monate nach der Anwendung, indem es das Schl\u00fcpfen von Eiern verhindert (ovizide Wirkung) und die Entwicklung erwachsener Fl\u00f6he aus von erwachsenen Fl\u00f6hen gelegten Eiern hemmt (larvizide Wirkung).<br \/>\n\u2013 Zecken: Das Tierarzneimittel hat eine anhaltende akarizide und absto\u00dfende Wirkung gegen Zecken (Rhipicephalus sanguineus und Ixodes ricinus f\u00fcr einen Monat und Dermacentor reticulatus f\u00fcr bis zu drei Wochen).<br \/>\nSind zum Zeitpunkt der Anwendung des Tierarzneimittels bereits Zecken vorhanden, kann es sein, dass nicht alle Zecken innerhalb der ersten 48 Stunden, sondern innerhalb einer Woche abget\u00f6tet werden. Um diese Zecken zu entfernen, empfiehlt es sich, ein entsprechendes Entfernungsger\u00e4t zu verwenden.<br \/>\n\u2013 Sandm\u00fccken, M\u00fccken und Stallfliegen: Die Behandlung hat eine anhaltende abweisende Wirkung (Antiverstopfung). Es verhindert f\u00fcr einen Monat nach der Anwendung Stiche von Sandm\u00fccken (Phlebotomus perniciosus), M\u00fccken (Culex pipiens, Aedes aegypti) und Stallfliegen (Stomoxys calcitrans). Die Behandlung gew\u00e4hrleistet au\u00dferdem eine anhaltende insektizide Wirkung f\u00fcr einen Monat gegen M\u00fccken (Aedes aegypti) und Stallfliegen (Stomoxys calcitrans).<\/p>\n<p>Machen Sie es Ihrem Hund bequem. Scheiteln Sie die Haare Ihres Hundes, um die Haut sichtbar zu machen. Tragen Sie die Pipettenspitze auf die Haut auf. Halten Sie den Applikator auf die Haut und zeichnen Sie eine gerade, durchgehende Linie vom Schwanzansatz bis zum Bereich zwischen den Schulterbl\u00e4ttern Ihres Hundes.<\/p>\n<p>Denken Sie daran, das Applikatorrohr zusammenzudr\u00fccken, bis es vollst\u00e4ndig leer ist.<\/p>\n<p>Nach dem Auftragen des Produkts aus der VECTRA 3D-Pipette wird empfohlen, zu warten, bis die Auftragsstelle trocken ist, bevor der behandelte Hund sich Stoffen oder M\u00f6beln n\u00e4hern kann. Es wird empfohlen, Hunde abends oder vor dem Spaziergang zu behandeln. Es wird empfohlen, behandelte Hunde mindestens vier Stunden nach der Verabreichung des Tierarzneimittels nicht zu streicheln. Am Tag der Behandlung sollten behandelte Hunde nicht mit ihren Besitzern, insbesondere Kindern, schlafen.<\/p>","protected":false},"excerpt":{"rendered":"<p>Sch\u00fctzen Sie Ihren Hund mit VECTRA 3D vor Fl\u00f6hen, Zecken und fliegenden Insekten Ein Stich oder Biss kann ausreichen. Fl\u00f6he, Zecken, M\u00fccken und Sandm\u00fccken stellen eine Gefahr f\u00fcr Ihren Hund dar, da sie durch einen einzigen Stich oder Biss gef\u00e4hrliche Krankheitserreger \u00fcbertragen k\u00f6nnen. Die VECTRA 3D-Pipette wirkt bei Kontakt schnell, hat eine abweisende Wirkung und [&hellip;]<\/p>\n","protected":false},"featured_media":41443,"template":"","meta":{"_acf_changed":false,"footnotes":""},"product_brand":[],"product_cat":[151,157,46],"product_tag":[],"class_list":{"0":"post-41441","1":"product","2":"type-product","3":"status-publish","4":"has-post-thumbnail","6":"product_cat-chiens","7":"product_cat-puces-et-tiques-chiens","8":"product_cat-veterinaire","10":"first","11":"instock","12":"taxable","13":"shipping-taxable","14":"purchasable","15":"product-type-simple"},"acf":[],"_links":{"self":[{"href":"https:\/\/www.pharmacieonline.lu\/de\/wp-json\/wp\/v2\/product\/41441","targetHints":{"allow":["GET"]}}],"collection":[{"href":"https:\/\/www.pharmacieonline.lu\/de\/wp-json\/wp\/v2\/product"}],"about":[{"href":"https:\/\/www.pharmacieonline.lu\/de\/wp-json\/wp\/v2\/types\/product"}],"version-history":[{"count":0,"href":"https:\/\/www.pharmacieonline.lu\/de\/wp-json\/wp\/v2\/product\/41441\/revisions"}],"wp:featuredmedia":[{"embeddable":true,"href":"https:\/\/www.pharmacieonline.lu\/de\/wp-json\/wp\/v2\/media\/41443"}],"wp:attachment":[{"href":"https:\/\/www.pharmacieonline.lu\/de\/wp-json\/wp\/v2\/media?parent=41441"}],"wp:term":[{"taxonomy":"product_brand","embeddable":true,"href":"https:\/\/www.pharmacieonline.lu\/de\/wp-json\/wp\/v2\/product_brand?post=41441"},{"taxonomy":"product_cat","embeddable":true,"href":"https:\/\/www.pharmacieonline.lu\/de\/wp-json\/wp\/v2\/product_cat?post=41441"},{"taxonomy":"product_tag","embeddable":true,"href":"https:\/\/www.pharmacieonline.lu\/de\/wp-json\/wp\/v2\/product_tag?post=41441"}],"curies":[{"name":"wp","href":"https:\/\/api.w.org\/{rel}","templated":true}]}}