{"id":41546,"date":"2023-11-13T10:52:13","date_gmt":"2023-11-13T09:52:13","guid":{"rendered":"https:\/\/www.pharmacieonline.lu\/?post_type=product&#038;p=41546"},"modified":"2026-04-05T03:55:22","modified_gmt":"2026-04-05T01:55:22","slug":"veggiedent-10-kg-a-15-vet","status":"publish","type":"product","link":"https:\/\/www.pharmacieonline.lu\/de\/produit\/veggiedent-10-kg-a-15-vet\/","title":{"rendered":"VEGGIEDENT &lt; 10 KG A 15 VET"},"content":{"rendered":"<p>Beschreibung<\/p>\n<p>Mundgeruch ist f\u00fcr Hundebesitzer ein gro\u00dfes Problem.<\/p>\n<p>VEGGIEDENT FRESH bietet eine innovative Antwort dank seiner exklusiven FRESH-Technologie, die Granatapfel, Inulin und Erythrit kombiniert, um:<\/p>\n<p>&#8211; Bek\u00e4mpfung der oralen Ursachen von Mundgeruch<br \/>\n&#8211; Bek\u00e4mpfung der Verdauungsursachen f\u00fcr Mundgeruch<br \/>\n&#8211; Bringen Sie einen Frischeeffekt<\/p>\n<p>Es ist m\u00f6glich, die Z\u00e4hne Ihres Hundes zu putzen und ihn gleichzeitig gl\u00fccklich zu machen!<\/p>\n<p>Seien Sie ab dem 2. Lebensjahr vorsichtig, Zahnbelag lagert sich deutlicher ab. Die einzige Ma\u00dfnahme, die es wirklich beseitigt, ist das Entkalken.<br \/>\nWenn wir die Entstehung hingegen nicht ganz verhindern k\u00f6nnen, k\u00f6nnen wir die Ablagerungen verlangsamen:<br \/>\nDenn wie eine Zahnpasta bietet Veggiedent FR3SH eine echte Mund-Zahn-Wirkung, indem es eine Anti-Zahnstein-Wirkung mit einer Anti-Plaque-Wirkung kombiniert und die \u201eErfrischung\u201c des Atems Ihres Hundes f\u00f6rdert.<br \/>\nDie spezielle Z-Form von Veggiedent FR3SH f\u00f6rdert das Kauen und eine mechanische \u201eB\u00fcrstbewegung\u201c.<\/p>\n<p>&nbsp;<\/p>\n<p>Geben Sie Ihrem Hund t\u00e4glich oder nach Anweisung Ihres Tierarztes 1 Streifen Veggident-Kaubonbons.<br \/>\nStellen Sie sicher, dass Sie f\u00fcr Ihren Hund einen Napf mit frischem Wasser bereithalten.<\/p>\n<p>Zutaten<\/p>\n<p>Zusammensetzung: Maisst\u00e4rke, Glycerin, Sojaproteinkonzentrat, Reismehl, Bierhefe, Sorbit, Maiskolben, Polyol (Erythrit), Chicor\u00e9e-Inulin, Promegranatkonzentrat.<\/p>\n<p>Analytische Bestandteile: Rohprotein 19,0 %, Rohasche 1,8 %, Rohfaser 1,3 %, Rohfett 0,9 %.<\/p>\n<p>Ern\u00e4hrungszus\u00e4tze: Enth\u00e4lt keine Zusatzstoffe.<\/p>\n<p>Warnung<\/p>\n<p>Au\u00dferhalb der Reichweite von Kindern aufbewahren.<\/p>","protected":false},"excerpt":{"rendered":"<p>Beschreibung Mundgeruch ist f\u00fcr Hundebesitzer ein gro\u00dfes Problem. VEGGIEDENT FRESH bietet eine innovative Antwort dank seiner exklusiven FRESH-Technologie, die Granatapfel, Inulin und Erythrit kombiniert, um: &#8211; Bek\u00e4mpfung der oralen Ursachen von Mundgeruch &#8211; Bek\u00e4mpfung der Verdauungsursachen f\u00fcr Mundgeruch &#8211; Bringen Sie einen Frischeeffekt Es ist m\u00f6glich, die Z\u00e4hne Ihres Hundes zu putzen und ihn gleichzeitig [&hellip;]<\/p>\n","protected":false},"featured_media":41547,"template":"","meta":{"_acf_changed":false,"footnotes":""},"product_brand":[],"product_cat":[151,46],"product_tag":[],"class_list":{"0":"post-41546","1":"product","2":"type-product","3":"status-publish","4":"has-post-thumbnail","6":"product_cat-chiens","7":"product_cat-veterinaire","9":"first","10":"outofstock","11":"taxable","12":"shipping-taxable","13":"purchasable","14":"product-type-simple"},"acf":[],"_links":{"self":[{"href":"https:\/\/www.pharmacieonline.lu\/de\/wp-json\/wp\/v2\/product\/41546","targetHints":{"allow":["GET"]}}],"collection":[{"href":"https:\/\/www.pharmacieonline.lu\/de\/wp-json\/wp\/v2\/product"}],"about":[{"href":"https:\/\/www.pharmacieonline.lu\/de\/wp-json\/wp\/v2\/types\/product"}],"version-history":[{"count":0,"href":"https:\/\/www.pharmacieonline.lu\/de\/wp-json\/wp\/v2\/product\/41546\/revisions"}],"wp:featuredmedia":[{"embeddable":true,"href":"https:\/\/www.pharmacieonline.lu\/de\/wp-json\/wp\/v2\/media\/41547"}],"wp:attachment":[{"href":"https:\/\/www.pharmacieonline.lu\/de\/wp-json\/wp\/v2\/media?parent=41546"}],"wp:term":[{"taxonomy":"product_brand","embeddable":true,"href":"https:\/\/www.pharmacieonline.lu\/de\/wp-json\/wp\/v2\/product_brand?post=41546"},{"taxonomy":"product_cat","embeddable":true,"href":"https:\/\/www.pharmacieonline.lu\/de\/wp-json\/wp\/v2\/product_cat?post=41546"},{"taxonomy":"product_tag","embeddable":true,"href":"https:\/\/www.pharmacieonline.lu\/de\/wp-json\/wp\/v2\/product_tag?post=41546"}],"curies":[{"name":"wp","href":"https:\/\/api.w.org\/{rel}","templated":true}]}}