{"id":41572,"date":"2023-11-13T11:42:31","date_gmt":"2023-11-13T10:42:31","guid":{"rendered":"https:\/\/www.pharmacieonline.lu\/?post_type=product&#038;p=41572"},"modified":"2026-04-05T03:55:22","modified_gmt":"2026-04-05T01:55:22","slug":"hills-can-mature-adult-s-mini-6-kg-poulet","status":"publish","type":"product","link":"https:\/\/www.pharmacieonline.lu\/de\/produit\/hills-can-mature-adult-s-mini-6-kg-poulet\/","title":{"rendered":"HILLS CAN MATURE ADULT S\/MINI 6 KG POULET"},"content":{"rendered":"<p>Helfen Sie Ihrem Hund, das Leben mit Hill&#8217;s Science Plan Mature Adult 7+ Small &amp; Mini Trockenfutter zu genie\u00dfen. Dieses Hundefutter bietet eine ausgewogene N\u00e4hrstoffmischung, ist gleichzeitig kalorien- und fettarm, salzarm und verf\u00fcgt \u00fcber eine ausgewogene Mischung aus Vitaminen und Mineralstoffen. Dadurch bleibt Ihr Hund l\u00e4nger in Form. Die einzigartige Mischung aus Antioxidantien unterst\u00fctzt die allgemeine Gesundheit und das Immunsystem Ihres Begleiters und reduziert gleichzeitig die Zeichen und Auswirkungen des Alterns.<\/p>\n<p>Eigenschaften von Hill&#8217;s Science Plan Mature Adult 7+ Small &amp; Mini H\u00fchnerfutter f\u00fcr Hunde:<\/p>\n<p>speziell entwickelt, um den Ern\u00e4hrungs- und Energiebedarf von Hunden ab 7 Jahren zu decken<br \/>\nausgewogene Ern\u00e4hrung und au\u00dfergew\u00f6hnlicher Geschmack f\u00fcr \u00e4ltere Hunde<br \/>\nHoher Gehalt an Zink und Omega-3- und Omega-6-Fetts\u00e4uren f\u00fcr eine gesunde Haut und ein gl\u00e4nzendes Fell<br \/>\nreduzierter Phosphorgehalt f\u00fcr die Nierengesundheit<br \/>\nmit Hill&#8217;s einzigartiger Mischung aus immunst\u00e4rkenden Antioxidantien<br \/>\nAngereichert mit Glucosamin und Chondroitinsulfat aus nat\u00fcrlichen Quellen zur Erhaltung gesunder Gelenke bei \u00e4lteren Hunden<br \/>\nh\u00f6herer Gehalt an nat\u00fcrlichen Rohfasern, die zum reibungslosen Funktionieren der Darmpassage beitragen<br \/>\nangereichert mit Taurin und reduziertem Natriumgehalt f\u00fcr ein gesundes Herz<br \/>\nder Gesamtanteil an Gefl\u00fcgel betr\u00e4gt 30 %, davon 20 % Huhn<\/p>\n<p>Dank der leicht verdaulichen, hochwertigen Zutaten im Futter von Hill&#8217;s sorgt eine Sch\u00fcssel Science Plan Hundefutter f\u00fcr eine h\u00f6here N\u00e4hrstoffaufnahme als normales Trockenfutter und reduziert dadurch die Kosten der t\u00e4glichen Futterration.<\/p>\n<p>&nbsp;<\/p>\n<p>Zutaten :<br \/>\nH\u00fchner- und Putenmehl, Weizen, Braureis, brauner Reis, Mais, tierische Fette, Proteinhydrolysat, Gerste, Hafer, getrocknete R\u00fcbenschnitzel, Pflanzen\u00f6l, Leinsamen, Mineralien, getrocknetes Tomatenmark, getrocknetes Tomatenmark, getrocknete Zitrusfr\u00fcchte, Spinatpulver. Additive:<br \/>\nErn\u00e4hrungszus\u00e4tze:<br \/>\nVitamin A (10.904 IE\/kg), Vitamin D3 (758 IE\/kg), Vitamin E (690 IE\/kg), Vitamin C (105 IE\/kg), Eisen (71,7 mg\/kg), Jod (1,1 mg). \/kg), Kupfer (7,1 mg\/kg), Mangan (7,4 mg\/kg), Zink (148 mg\/kg), Selen (0,2 mg\/kg).<br \/>\nMit nat\u00fcrlichen Antioxidantien.<\/p>\n<p>Analytische Komponenten<\/p>\n<p>1,5 kg<br \/>\n3kg<br \/>\n6kg<br \/>\n2 x 6 kg<\/p>\n<p>Rohprotein 17,8 %<br \/>\nRohfett 14,5 %<br \/>\nRohfaser 2,3 %<br \/>\nRohasche 5,2 %<br \/>\nKalzium 0,8 %<br \/>\nPhosphor 0,59 %<br \/>\nMagnesium 0,1 %<br \/>\nBeta-Carotin 1,5 mg<br \/>\nKalium 0,76 %<br \/>\nNatrium 0,25 %<br \/>\nOmega-6-Fetts\u00e4uren 3,6 %<\/p>\n<p>&nbsp;<\/p>\n<p>Vom Hersteller empfohlene Mengen pro Tier, in g\/Tag:<br \/>\nHill&#8217;s Science Plan Mature Adult 7+ Small &amp; Mini H\u00fchnerfutter ist ein Alleinfuttermittel f\u00fcr Hunde.<\/p>\n<p>Gewicht des Hundes Menge in g\/Tag Mischfutter<br \/>\n1,5 kg 35 g \u00bc\u00a0Dose (370 g) + 10 g Trockenfutter<br \/>\n2 kg 45 g \u00bc\u00a0Dose (370 g) + 20 g Trockenfutter<br \/>\n3 kg 60 g \u00bd Karton (370 g) + 10 g Trockenfutter<br \/>\n4 kg 75 g \u00bd Karton (370 g) + 25 g Trockenfutter<br \/>\n5 kg 90 g \u00bd Karton (370 g) + 40 g Trockenfutter<br \/>\n7,5 kg 120 g 1 Karton (370 g) + 20 g Trockenfutter<br \/>\n10 kg 150 g 1 Karton (370 g) + 50 g Trockenfutter<\/p>\n<p>Die empfohlenen Mengen dienen als Richtwerte und sollten an die individuellen Bed\u00fcrfnisse Ihres Hundes angepasst werden, um das optimale Gewicht zu halten.<br \/>\nWenn Sie Ihrem Hund zum ersten Mal Trockenfutter von Hill&#8217;s geben, mischen Sie es \u00fcber einen Zeitraum von 7 Tagen mit seinem normalen Futter und reduzieren Sie dabei schrittweise die Menge der alten Trockenfutter. Bitte stellen Sie Ihrem Hund immer frisches Wasser zur Verf\u00fcgung.<\/p>","protected":false},"excerpt":{"rendered":"<p>Helfen Sie Ihrem Hund, das Leben mit Hill&#8217;s Science Plan Mature Adult 7+ Small &amp; Mini Trockenfutter zu genie\u00dfen. Dieses Hundefutter bietet eine ausgewogene N\u00e4hrstoffmischung, ist gleichzeitig kalorien- und fettarm, salzarm und verf\u00fcgt \u00fcber eine ausgewogene Mischung aus Vitaminen und Mineralstoffen. Dadurch bleibt Ihr Hund l\u00e4nger in Form. Die einzigartige Mischung aus Antioxidantien unterst\u00fctzt die [&hellip;]<\/p>\n","protected":false},"featured_media":41576,"template":"","meta":{"_acf_changed":false,"footnotes":""},"product_brand":[],"product_cat":[151,159,46],"product_tag":[],"class_list":{"0":"post-41572","1":"product","2":"type-product","3":"status-publish","4":"has-post-thumbnail","6":"product_cat-chiens","7":"product_cat-digestion-chiens","8":"product_cat-veterinaire","10":"first","11":"instock","12":"taxable","13":"shipping-taxable","14":"purchasable","15":"product-type-simple"},"acf":[],"_links":{"self":[{"href":"https:\/\/www.pharmacieonline.lu\/de\/wp-json\/wp\/v2\/product\/41572","targetHints":{"allow":["GET"]}}],"collection":[{"href":"https:\/\/www.pharmacieonline.lu\/de\/wp-json\/wp\/v2\/product"}],"about":[{"href":"https:\/\/www.pharmacieonline.lu\/de\/wp-json\/wp\/v2\/types\/product"}],"version-history":[{"count":0,"href":"https:\/\/www.pharmacieonline.lu\/de\/wp-json\/wp\/v2\/product\/41572\/revisions"}],"wp:featuredmedia":[{"embeddable":true,"href":"https:\/\/www.pharmacieonline.lu\/de\/wp-json\/wp\/v2\/media\/41576"}],"wp:attachment":[{"href":"https:\/\/www.pharmacieonline.lu\/de\/wp-json\/wp\/v2\/media?parent=41572"}],"wp:term":[{"taxonomy":"product_brand","embeddable":true,"href":"https:\/\/www.pharmacieonline.lu\/de\/wp-json\/wp\/v2\/product_brand?post=41572"},{"taxonomy":"product_cat","embeddable":true,"href":"https:\/\/www.pharmacieonline.lu\/de\/wp-json\/wp\/v2\/product_cat?post=41572"},{"taxonomy":"product_tag","embeddable":true,"href":"https:\/\/www.pharmacieonline.lu\/de\/wp-json\/wp\/v2\/product_tag?post=41572"}],"curies":[{"name":"wp","href":"https:\/\/api.w.org\/{rel}","templated":true}]}}