{"id":41584,"date":"2023-11-13T11:48:06","date_gmt":"2023-11-13T10:48:06","guid":{"rendered":"https:\/\/www.pharmacieonline.lu\/?post_type=product&#038;p=41584"},"modified":"2026-04-05T03:55:21","modified_gmt":"2026-04-05T01:55:21","slug":"hills-can-mature-adult-m-2-5-kg-agneau","status":"publish","type":"product","link":"https:\/\/www.pharmacieonline.lu\/de\/produit\/hills-can-mature-adult-m-2-5-kg-agneau\/","title":{"rendered":"HILLS CAN MATURE ADULT M 2.5 KG AGNEAU"},"content":{"rendered":"<p>Hill&#8217;s Science Plan Mature Adult 7+ Medium Kroketten mit Lamm und Reis ist ein ausgewogenes Futter, das speziell f\u00fcr \u00e4ltere Hunde mittelgro\u00dfer Rassen entwickelt wurde. Ihre Rezeptur ist speziell auf die Bed\u00fcrfnisse \u00e4lterer Hunde abgestimmt und versorgt sie mit allem, was sie in dieser Lebensphase brauchen.<\/p>\n<p>Dank ihrer vollst\u00e4ndigen Zusammensetzung stellen diese Kroketten ein ideales Alleinfuttermittel f\u00fcr die t\u00e4gliche Ern\u00e4hrung dar. Sie enthalten hochwertige Zutaten, darunter Lamm und Reis, sowie hochwertiges Protein, das zum Erhalt der Muskelmasse beitragen kann. Hill&#8217;s Science Plan Mature Adult 7+ Medium Kroketten versorgen Ihren Hund mit Omega-6-Fetts\u00e4uren und Vitamin E \u2013 Inhaltsstoffe, die eine gesunde Haut und ein gesundes Fell unterst\u00fctzen. Der ausgewogene Mineralstoffgehalt tr\u00e4gt zur Erhaltung der Gesundheit lebenswichtiger Organe wie Herz, Nieren und Blase bei. Diese Kroketten enthalten keine k\u00fcnstlichen Aromen, Farbstoffe oder Konservierungsstoffe.<\/p>\n<p>Eigenschaften von Hill&#8217;s Science Plan Mature Adult 7+ Medium Lamm-Reis-Knabbereien f\u00fcr Hunde:<\/p>\n<p>ausgewogenes Trockenfutter f\u00fcr \u00e4ltere Hunde mittlerer Rasse<br \/>\nAngepasster Ern\u00e4hrungs- und Energiebedarf: Rezeptur angepasst an die Ern\u00e4hrungsbed\u00fcrfnisse \u00e4lterer Hunde<br \/>\nHochwertige Zutaten: Hergestellt aus Lamm, Reis und anderen ausgew\u00e4hlten Zutaten<br \/>\nbek\u00f6mmliche Rezeptur: zur F\u00f6rderung einer optimalen N\u00e4hrstoffaufnahme<br \/>\nausgewogener Mineralstoffgehalt: zur Erhaltung der Gesundheit lebenswichtiger Organe wie Herz, Nieren und Blase<br \/>\nQuelle von Omega-6-Fetts\u00e4uren und Vitamin E: zur Erhaltung gesunder Haut und Fell<br \/>\nexquisiter Geschmack: hohe Schmackhaftigkeit<br \/>\nvon Tier\u00e4rzten empfohlen<br \/>\nohne\u00a0k\u00fcnstliche Aromen, Farbstoffe oder Konservierungsstoffe<br \/>\nZutaten :<br \/>\nMais, Weizen, Lammmehl, Sojaschalenmehl, tierische Fette, Braureis, Leinsamen, Proteinhydrolysat, getrocknete R\u00fcbenschnitzel, Pflanzen\u00f6l, Mineralien, Schweineknorpel (Quelle f\u00fcr Chondroitinsulfat), Schalentierhydrolysat (Quelle f\u00fcr Glucosamin).Zus\u00e4tze:<br \/>\nErn\u00e4hrungszus\u00e4tze:<br \/>\nVitamin A (9.658 IU\/kg), Vitamin D3 (749 IU\/kg), Vitamin E (600 IU\/kg), Vitamin C (90 IU\/kg), Eisen (86,3 mg\/kg), Jod (1,4 mg). \/kg), Kupfer (8,5 mg\/kg), Mangan (8,9 mg\/kg), Zink (178 mg\/kg), Selen (0,2 mg\/kg).<br \/>\nMit nat\u00fcrlichen Antioxidantien.<\/p>\n<p>Analytische Komponenten<\/p>\n<p>14kg<br \/>\n2 x 14 kg<\/p>\n<p>Rohprotein 17,1 %<br \/>\nRohfett 13,7 %<br \/>\nRohfaser 2,4 %<br \/>\nRohasche 4,7 %<br \/>\nKalzium 0,74 %<br \/>\nPhosphor 0,6 %<br \/>\nMagnesium 0,12 %<br \/>\nBeta-Carotin 1,5 mg<br \/>\nKalium 0,76 %<br \/>\nNatrium 0,16 %<br \/>\nOmega-6-Fetts\u00e4uren 3,1 %<\/p>\n<p>&nbsp;<\/p>\n<p>Empfohlene Mengen:<br \/>\nHill&#8217;s Science Plan Mature Adult 7+ Medium Lamm-Reis-Kroketten ist ein Alleinfuttermittel f\u00fcr Hunde.<\/p>\n<p>Gewicht des Hundes Menge in g\/Tag Mischfutter<br \/>\n2,5 kg 55 g 1\/2 Box (370 g) + 5 g Trockenfutter<br \/>\n5 kg 90 g 1\/2 Karton (370 g) + 40 g Trockenfutter<br \/>\n7,5 kg 120 g 1 Karton (370 g) + 20 g Trockenfutter<br \/>\n10 kg 150 g 1 Karton (370 g) + 50 g Trockenfutter<br \/>\n20 kg 255 g 1 Karton (370 g) + 150 g Trockenfutter<br \/>\n30 kg 345 g 2 Kartons\u00a0(370 g) + 140 g Trockenfutter<br \/>\n40 kg 425 g 2 Kartons\u00a0(370 g) + 225 g Trockenfutter<br \/>\n50 kg 505 g 2 Kartons\u00a0(370 g) + 300 g Trockenfutter<br \/>\n60 kg + 9 g pro kg 2 Kartons (370 g) + 6 g Trockenfutter pro kg<\/p>\n<p>Die empfohlenen Mengen dienen als Richtwerte und sollten an die individuellen Bed\u00fcrfnisse Ihres Hundes angepasst werden, um das optimale Gewicht zu halten.<br \/>\nWenn Sie Ihrem Hund zum ersten Mal Trockenfutter von Hill&#8217;s geben, mischen Sie es \u00fcber einen Zeitraum von 7 Tagen mit seinem normalen Futter und reduzieren Sie dabei schrittweise die Menge der alten Trockenfutter. Bitte stellen Sie Ihrem Hund immer frisches Wasser zur Verf\u00fcgung. Damit Ihr Hund lange gesund bleibt, bieten Sie ihm eine ausgewogene Ern\u00e4hrung und vergessen Sie nicht, ihn mindestens zweimal im Jahr zum Tierarzt zu bringen.<\/p>","protected":false},"excerpt":{"rendered":"<p>Hill&#8217;s Science Plan Mature Adult 7+ Medium Kroketten mit Lamm und Reis ist ein ausgewogenes Futter, das speziell f\u00fcr \u00e4ltere Hunde mittelgro\u00dfer Rassen entwickelt wurde. Ihre Rezeptur ist speziell auf die Bed\u00fcrfnisse \u00e4lterer Hunde abgestimmt und versorgt sie mit allem, was sie in dieser Lebensphase brauchen. Dank ihrer vollst\u00e4ndigen Zusammensetzung stellen diese Kroketten ein ideales [&hellip;]<\/p>\n","protected":false},"featured_media":41591,"template":"","meta":{"_acf_changed":false,"footnotes":""},"product_brand":[],"product_cat":[151,159,46],"product_tag":[],"class_list":{"0":"post-41584","1":"product","2":"type-product","3":"status-publish","4":"has-post-thumbnail","6":"product_cat-chiens","7":"product_cat-digestion-chiens","8":"product_cat-veterinaire","10":"first","11":"instock","12":"taxable","13":"shipping-taxable","14":"purchasable","15":"product-type-simple"},"acf":[],"_links":{"self":[{"href":"https:\/\/www.pharmacieonline.lu\/de\/wp-json\/wp\/v2\/product\/41584","targetHints":{"allow":["GET"]}}],"collection":[{"href":"https:\/\/www.pharmacieonline.lu\/de\/wp-json\/wp\/v2\/product"}],"about":[{"href":"https:\/\/www.pharmacieonline.lu\/de\/wp-json\/wp\/v2\/types\/product"}],"version-history":[{"count":0,"href":"https:\/\/www.pharmacieonline.lu\/de\/wp-json\/wp\/v2\/product\/41584\/revisions"}],"wp:featuredmedia":[{"embeddable":true,"href":"https:\/\/www.pharmacieonline.lu\/de\/wp-json\/wp\/v2\/media\/41591"}],"wp:attachment":[{"href":"https:\/\/www.pharmacieonline.lu\/de\/wp-json\/wp\/v2\/media?parent=41584"}],"wp:term":[{"taxonomy":"product_brand","embeddable":true,"href":"https:\/\/www.pharmacieonline.lu\/de\/wp-json\/wp\/v2\/product_brand?post=41584"},{"taxonomy":"product_cat","embeddable":true,"href":"https:\/\/www.pharmacieonline.lu\/de\/wp-json\/wp\/v2\/product_cat?post=41584"},{"taxonomy":"product_tag","embeddable":true,"href":"https:\/\/www.pharmacieonline.lu\/de\/wp-json\/wp\/v2\/product_tag?post=41584"}],"curies":[{"name":"wp","href":"https:\/\/api.w.org\/{rel}","templated":true}]}}