{"id":41589,"date":"2023-11-13T11:49:43","date_gmt":"2023-11-13T10:49:43","guid":{"rendered":"https:\/\/www.pharmacieonline.lu\/?post_type=product&#038;p=41589"},"modified":"2026-04-05T03:55:21","modified_gmt":"2026-04-05T01:55:21","slug":"hills-can-mature-adult-m-l-r-2-5-kg-poulet","status":"publish","type":"product","link":"https:\/\/www.pharmacieonline.lu\/de\/produit\/hills-can-mature-adult-m-l-r-2-5-kg-poulet\/","title":{"rendered":"HILLS CAN MATURE ADULT M\/L\/R 2.5 KG POULET"},"content":{"rendered":"<p>Mit zunehmendem Alter \u00e4ndern sich die Ern\u00e4hrungsbed\u00fcrfnisse Ihres Hundes. Hill&#8217;s Science Plan Mature Adult 6+ Large H\u00fchnertrockenfutter wurde speziell f\u00fcr \u00e4ltere Hunde gro\u00dfer Rassen entwickelt und garantiert ein passendes Energie- und N\u00e4hrstoffprofil, sodass Ihr Haustier von der bestm\u00f6glichen Ern\u00e4hrung profitiert.<\/p>\n<p>Diese Kroketten haben einen ausgewogenen Mineralstoffgehalt, der zur Erhaltung der Gesundheit lebenswichtiger Organe wie Herz, Nieren und Blase beitr\u00e4gt. Sie enthalten au\u00dferdem Omega-6-Fetts\u00e4uren und Vitamin E, die zu einer gesunden Haut und einem seidigen Fell beitragen. Diese Kroketten sind ideal f\u00fcr Hunde gro\u00dfer Rassen ab sechs Jahren und werden von Tier\u00e4rzten empfohlen. Sie enthalten keine k\u00fcnstlichen Aromen, Farbstoffe oder Konservierungsstoffe.<\/p>\n<p>Eigenschaften von Hill&#8217;s Science Plan Mature Adult 6+ Large Chicken Hundefutter:<\/p>\n<p>Trockenfutter f\u00fcr \u00e4ltere Hunde gro\u00dfer Rassen<br \/>\nAngepasster N\u00e4hrstoffgehalt: Perfekt abgestimmt auf den Energie- und Ern\u00e4hrungsbedarf \u00e4lterer Hunde<br \/>\nbek\u00f6mmliche Rezeptur: zur F\u00f6rderung einer optimalen N\u00e4hrstoffaufnahme<br \/>\nausgewogener Mineralstoffgehalt: zur Unterst\u00fctzung der Gesundheit von Herz, Blase und Nieren<br \/>\nAusgew\u00e4hlte Zutaten: Rezept basierend auf hochwertigen Zutaten<br \/>\nOmega-6-Fetts\u00e4uren und Vitamin E: tragen zu einer gesunden Haut und einem seidigen Fell bei<br \/>\nexquisiter Geschmack: hohe Schmackhaftigkeit bei vielen Hunden<br \/>\nvon Tier\u00e4rzten empfohlen<br \/>\nohne\u00a0k\u00fcnstliche Aromen, Farbstoffe oder Konservierungsstoffe<br \/>\nZutaten :<br \/>\nMais, Weizen, H\u00fchner- und Putenmehl, tierische Fette, Proteinhydrolysat, Maisglutenmehl, Leinsamen, Erbsenkleiemehl, Pflanzen\u00f6l, Mineralien, Schweineknorpel (Quelle f\u00fcr Chondroitinsulfat), Schalentierhydrolysat (Quelle f\u00fcr Glucosamin).Zus\u00e4tze:<br \/>\nErn\u00e4hrungszus\u00e4tze:<br \/>\nVitamin A (10.749 IU\/kg), Vitamin D3 (751 IU\/kg), Vitamin E (600 IU\/kg), Vitamin C (90 IU\/kg), Eisen (74,8 mg\/kg), Jod (1,2 mg). \/kg), Kupfer (7,4 mg\/kg), Mangan (7,7 mg\/kg), Zink (155 mg\/kg), Selen (0,2 mg\/kg).<br \/>\nMit nat\u00fcrlichen Antioxidantien.<\/p>\n<p>Analytische Komponenten<\/p>\n<p>14kg<br \/>\n18kg<br \/>\n2 x 14 kg<\/p>\n<p>Rohprotein 17,7 %<br \/>\nRohfett 14,3 %<br \/>\nRohfaser 3,1 %<br \/>\nRohasche 4,8 %<br \/>\nKalzium 0,81 %<br \/>\nPhosphor 0,59 %<br \/>\nMagnesium 0,11 %<br \/>\nBeta-Carotin 1,5 mg<br \/>\nChondroitinsulfat und Glucosamin 495,0 mg<br \/>\nGlucosamin 461,0 ml<br \/>\nKalium 0,67 %<br \/>\nL-Carnitin 358,0 mg<br \/>\nNatrium 0,25 %<br \/>\nOmega-6-Fetts\u00e4uren 3,7 %<\/p>\n<p>&nbsp;<\/p>\n<p>Vom Hersteller empfohlene Mengen pro Tier in g\/Tag:<br \/>\nHill&#8217;s Science Plan Mature Adult 6+ Large H\u00fchnerfutter ist ein Alleinfuttermittel f\u00fcr Hunde.<\/p>\n<p>Gewicht des Hundes Menge in g\/Tag Mischfutter<br \/>\n25 kg 300 g 1 Karton (370 g) + 200 g Trockenfutter<br \/>\n30 kg 345 g 2 Kartons\u00a0(370 g) + 140 g Trockenfutter<br \/>\n40 kg 430 g 2 Kartons\u00a0(370 g) + 225 g Trockenfutter<br \/>\n50 kg 505 g 2 Kartons\u00a0(370 g) + 305 g Trockenfutter<br \/>\n60 kg 580 g 2 Kartons\u00a0(370 g) + 375 g Trockenfutter<br \/>\n70 kg 650 g 2 Kartons\u00a0(370 g) + 450 g Trockenfutter<br \/>\n80 kg + 9 g pro kg 2 Kartons (370 g) + 9 g Trockenfutter pro kg<\/p>\n<p>Die empfohlenen Mengen dienen als Richtwerte und sollten an die individuellen Bed\u00fcrfnisse Ihres Hundes angepasst werden, um das optimale Gewicht zu halten.<br \/>\nWenn Sie Ihrem Hund zum ersten Mal Trockenfutter von Hill&#8217;s geben, mischen Sie es \u00fcber einen Zeitraum von 7 Tagen mit seinem normalen Futter und reduzieren Sie dabei schrittweise die Menge der alten Trockenfutter. Bitte stellen Sie Ihrem Hund immer frisches Wasser zur Verf\u00fcgung. Damit Ihr Hund lange gesund bleibt, bieten Sie ihm eine ausgewogene Ern\u00e4hrung und vergessen Sie nicht, ihn mindestens zweimal im Jahr zum Tierarzt zu bringen.<\/p>","protected":false},"excerpt":{"rendered":"<p>Mit zunehmendem Alter \u00e4ndern sich die Ern\u00e4hrungsbed\u00fcrfnisse Ihres Hundes. Hill&#8217;s Science Plan Mature Adult 6+ Large H\u00fchnertrockenfutter wurde speziell f\u00fcr \u00e4ltere Hunde gro\u00dfer Rassen entwickelt und garantiert ein passendes Energie- und N\u00e4hrstoffprofil, sodass Ihr Haustier von der bestm\u00f6glichen Ern\u00e4hrung profitiert. Diese Kroketten haben einen ausgewogenen Mineralstoffgehalt, der zur Erhaltung der Gesundheit lebenswichtiger Organe wie Herz, [&hellip;]<\/p>\n","protected":false},"featured_media":41594,"template":"","meta":{"_acf_changed":false,"footnotes":""},"product_brand":[],"product_cat":[151,159,46],"product_tag":[],"class_list":{"0":"post-41589","1":"product","2":"type-product","3":"status-publish","4":"has-post-thumbnail","6":"product_cat-chiens","7":"product_cat-digestion-chiens","8":"product_cat-veterinaire","10":"first","11":"instock","12":"taxable","13":"shipping-taxable","14":"purchasable","15":"product-type-simple"},"acf":[],"_links":{"self":[{"href":"https:\/\/www.pharmacieonline.lu\/de\/wp-json\/wp\/v2\/product\/41589","targetHints":{"allow":["GET"]}}],"collection":[{"href":"https:\/\/www.pharmacieonline.lu\/de\/wp-json\/wp\/v2\/product"}],"about":[{"href":"https:\/\/www.pharmacieonline.lu\/de\/wp-json\/wp\/v2\/types\/product"}],"version-history":[{"count":0,"href":"https:\/\/www.pharmacieonline.lu\/de\/wp-json\/wp\/v2\/product\/41589\/revisions"}],"wp:featuredmedia":[{"embeddable":true,"href":"https:\/\/www.pharmacieonline.lu\/de\/wp-json\/wp\/v2\/media\/41594"}],"wp:attachment":[{"href":"https:\/\/www.pharmacieonline.lu\/de\/wp-json\/wp\/v2\/media?parent=41589"}],"wp:term":[{"taxonomy":"product_brand","embeddable":true,"href":"https:\/\/www.pharmacieonline.lu\/de\/wp-json\/wp\/v2\/product_brand?post=41589"},{"taxonomy":"product_cat","embeddable":true,"href":"https:\/\/www.pharmacieonline.lu\/de\/wp-json\/wp\/v2\/product_cat?post=41589"},{"taxonomy":"product_tag","embeddable":true,"href":"https:\/\/www.pharmacieonline.lu\/de\/wp-json\/wp\/v2\/product_tag?post=41589"}],"curies":[{"name":"wp","href":"https:\/\/api.w.org\/{rel}","templated":true}]}}