{"id":41619,"date":"2023-11-13T16:18:54","date_gmt":"2023-11-13T15:18:54","guid":{"rendered":"https:\/\/www.pharmacieonline.lu\/?post_type=product&#038;p=41619"},"modified":"2026-04-05T11:55:11","modified_gmt":"2026-04-05T09:55:11","slug":"hills-can-mature-no-grain-ck-25kg-2","status":"publish","type":"product","link":"https:\/\/www.pharmacieonline.lu\/de\/produit\/hills-can-mature-no-grain-ck-25kg-2\/","title":{"rendered":"HILLS CAN MATURE NO GRAIN CK 2,5KG *"},"content":{"rendered":"<p>Damit Ihr Hund auch im Alter fit bleibt, ist es wichtig, ihm eine auf seine Bed\u00fcrfnisse abgestimmte Ern\u00e4hrung zu geben. Hill&#8217;s Science Plan Mature Adult 7+ No Grain H\u00fchnerfutter ist perfekt auf den Energie- und N\u00e4hrstoffbedarf von Hunden ab 7 Jahren abgestimmt.<\/p>\n<p>Diese Kroketten enthalten k\u00f6stliches H\u00fchnchen und liefern somit Proteine, die zum Erhalt der Muskelmasse beitragen. Die Omega-6-Fetts\u00e4uren und Vitamin E tragen zu einer gesunden Haut und einem sch\u00f6nen Fell bei. Der Mineralstoffgehalt wird angepasst und f\u00f6rdert die ordnungsgem\u00e4\u00dfe Funktion der Herz- und Nierengesundheit. Diese Kroketten werden ohne Getreide und Gluten hergestellt und sind daher f\u00fcr Hunde mit Nahrungsmittelunvertr\u00e4glichkeiten geeignet.<\/p>\n<p>Eigenschaften von Hill&#8217;s Science Plan Mature Adult 7+ No Grain mit Huhn f\u00fcr Hunde:<\/p>\n<p>Hochwertiges Trockenfutter f\u00fcr Hunde ab 7 Jahren<br \/>\nAbgestimmt auf die Bed\u00fcrfnisse \u00e4lterer Hunde: Alleinfuttermittel zur t\u00e4glichen Ern\u00e4hrung \u00e4lterer Hunde<br \/>\nHuhn als Hauptzutat: schmackhafter Geschmack, liefert hochwertiges Protein, das zum Erhalt der Muskelmasse beitr\u00e4gt<br \/>\nohne Getreide und Gluten: f\u00fcr optimale Verdaulichkeit und Vertr\u00e4glichkeit<br \/>\nAngepasster Energiegehalt: perfekt abgestimmt auf den reduzierten Energiebedarf \u00e4lterer Hunde, f\u00f6rdert das Gewichtsmanagement<br \/>\nreich an Vitalstoffen: zur St\u00e4rkung des Immunsystems<br \/>\nGesundheit von Haut und Fell: Omega-6-Fetts\u00e4uren und Vitamin E f\u00f6rdern eine gesunde Haut und gl\u00e4nzendes Fell<br \/>\nAngepasster Mineralstoffgehalt: zur Unterst\u00fctzung der Herz-, Blasen- und Nierengesundheit<br \/>\nAusgew\u00e4hlte Zutaten: Kroketten aus hochwertigen Rohstoffen<br \/>\nvon Tier\u00e4rzten empfohlen<\/p>\n<p>Getreide- und glutenfrei<br \/>\nAlle Vorteile von Hill&#8217;s SCIENCE PLAN, formuliert ohne Getreide und ohne Gluten.<\/p>\n<p>Hochwertige Proteine<br \/>\nHuhn als Hauptzutat f\u00fcr den Aufbau und Erhalt guter Muskelmasse.<\/p>\n<p>Unterst\u00fctzt lebenswichtige Organe<br \/>\nMit einem ausgewogenen Mineralstoffgehalt f\u00fcr die Gesundheit von Herz und Nieren.<\/p>\n<p>Gesundes Immunsystem<br \/>\nAntioxidantien und Vitamin C + E unterst\u00fctzen klinisch nachweislich das Immunsystem.<\/p>\n<p>Zutaten<br \/>\ndehydriertes H\u00fchnerprotein (14 %), Kartoffelst\u00e4rke, gelbe Spalterbsen, getrocknete Erbsen, getrocknete Kartoffeln,\u00a0tierische Fette,\u00a0Proteinhydrolysat, getrocknete R\u00fcbenschnitzel, Leinsamen,\u00a0Pflanzen\u00f6l, getrockneter Tomatentrester, dehydrierte Karotten, Mineralien, getrocknetes Zitrusmark, Spinat Pulver.<\/p>\n<p>Additive<br \/>\nErn\u00e4hrungszus\u00e4tze:<br \/>\nVitamin A (13.437 IE\/kg), Vitamin D3 (1.000 IE\/kg), Vitamin (E 750 mg\/kg), Vitamin C (90 mg\/kg), Beta-Carotin (1,5 mg\/kg), Eisen (75,2 mg). \/kg), Jod (1,2 mg\/kg), Kupfer (7,4 mg\/kg), Mangan (7,8 mg\/kg), Zink (156 mg\/kg), Selen (0,2 mg\/kg).<\/p>\n<p>Analytische Komponenten<\/p>\n<p>Rohprotein 20,8 %<br \/>\nRohfett 13,1 %<br \/>\nRohfaser 4,3 %<br \/>\nRohasche 4,5 %<br \/>\nKalzium 0,68 %<br \/>\nMagnesium 0,09 %<br \/>\nKalium 0,69 %<br \/>\nOmega-6-Fetts\u00e4uren 2,7 %<\/p>\n<p>&nbsp;<\/p>\n<p>Hill&#8217;s Science Plan Mature Adult No Grain H\u00fchnerfutter ist ein Alleinfuttermittel f\u00fcr Hunde.<\/p>\n<p>Gewicht des Hundes Tagesration in g<br \/>\n2,5 kg 55<br \/>\n5kg 90<br \/>\n7,5 kg 125<br \/>\n10kg 155<br \/>\n20kg 260<br \/>\n25 kg 305<br \/>\n30kg 350<br \/>\n40kg 435<br \/>\n50 kg 515<br \/>\n60 kg + 10 pro kg<\/p>\n<p>Stellen Sie Ihrem Hund immer frisches Wasser zur Verf\u00fcgung.<\/p>","protected":false},"excerpt":{"rendered":"<p>Damit Ihr Hund auch im Alter fit bleibt, ist es wichtig, ihm eine auf seine Bed\u00fcrfnisse abgestimmte Ern\u00e4hrung zu geben. Hill&#8217;s Science Plan Mature Adult 7+ No Grain H\u00fchnerfutter ist perfekt auf den Energie- und N\u00e4hrstoffbedarf von Hunden ab 7 Jahren abgestimmt. Diese Kroketten enthalten k\u00f6stliches H\u00fchnchen und liefern somit Proteine, die zum Erhalt der [&hellip;]<\/p>\n","protected":false},"featured_media":41615,"template":"","meta":{"_acf_changed":false,"footnotes":""},"product_brand":[],"product_cat":[151,159,46],"product_tag":[],"class_list":{"0":"post-41619","1":"product","2":"type-product","3":"status-publish","4":"has-post-thumbnail","6":"product_cat-chiens","7":"product_cat-digestion-chiens","8":"product_cat-veterinaire","10":"first","11":"instock","12":"taxable","13":"shipping-taxable","14":"purchasable","15":"product-type-simple"},"acf":[],"_links":{"self":[{"href":"https:\/\/www.pharmacieonline.lu\/de\/wp-json\/wp\/v2\/product\/41619","targetHints":{"allow":["GET"]}}],"collection":[{"href":"https:\/\/www.pharmacieonline.lu\/de\/wp-json\/wp\/v2\/product"}],"about":[{"href":"https:\/\/www.pharmacieonline.lu\/de\/wp-json\/wp\/v2\/types\/product"}],"version-history":[{"count":0,"href":"https:\/\/www.pharmacieonline.lu\/de\/wp-json\/wp\/v2\/product\/41619\/revisions"}],"wp:featuredmedia":[{"embeddable":true,"href":"https:\/\/www.pharmacieonline.lu\/de\/wp-json\/wp\/v2\/media\/41615"}],"wp:attachment":[{"href":"https:\/\/www.pharmacieonline.lu\/de\/wp-json\/wp\/v2\/media?parent=41619"}],"wp:term":[{"taxonomy":"product_brand","embeddable":true,"href":"https:\/\/www.pharmacieonline.lu\/de\/wp-json\/wp\/v2\/product_brand?post=41619"},{"taxonomy":"product_cat","embeddable":true,"href":"https:\/\/www.pharmacieonline.lu\/de\/wp-json\/wp\/v2\/product_cat?post=41619"},{"taxonomy":"product_tag","embeddable":true,"href":"https:\/\/www.pharmacieonline.lu\/de\/wp-json\/wp\/v2\/product_tag?post=41619"}],"curies":[{"name":"wp","href":"https:\/\/api.w.org\/{rel}","templated":true}]}}