{"id":41702,"date":"2023-11-15T13:43:16","date_gmt":"2023-11-15T12:43:16","guid":{"rendered":"https:\/\/www.pharmacieonline.lu\/?post_type=product&#038;p=41702"},"modified":"2026-04-05T08:25:16","modified_gmt":"2026-04-05T06:25:16","slug":"hills-can-adult-performance-14kg","status":"publish","type":"product","link":"https:\/\/www.pharmacieonline.lu\/de\/produit\/hills-can-adult-performance-14kg\/","title":{"rendered":"HILLS CAN ADULT PERFORMANCE 14KG"},"content":{"rendered":"<p>Wenn Sie aktiv sind, verbrauchen Sie viel Energie: Hill&#8217;s Science Plan Adult 1+ Performance H\u00fchnerfutter ist ideal, um die Energiereserven Ihres Hundes wieder aufzuf\u00fcllen. Dies ist ein hochwertiges Trockenfutter f\u00fcr erwachsene Hunde, das aufgrund seines hohen Energiebedarfs ideal f\u00fcr sehr aktive Hunde sowie Arbeits- und Jagdhunde ist.<\/p>\n<p>Diese Kroketten werden aus leckerem H\u00fchnchen hergestellt und k\u00f6nnen dank ihrer proteinreichen Rezeptur die Muskelmasse erhalten. Sie haben au\u00dferdem einen ausgewogenen Mineralstoffgehalt, der zur Erhaltung der Gesundheit lebenswichtiger Organe beitragen kann. Sie zeichnen sich zudem durch ihren erlesenen Geschmack aus und erfreuen sich bei vielen Hunden einer hohen Beliebtheit. Sie sind energiereich und enthalten keine k\u00fcnstlichen Aromen, Farbstoffe oder Konservierungsstoffe.<\/p>\n<p>Eigenschaften von Hill&#8217;s Science Plan Adult 1+ Performance H\u00fchnerfutter f\u00fcr Hunde:<\/p>\n<p>Trockenfutter f\u00fcr erwachsene Hunde<br \/>\nhoher Energiegehalt: f\u00fcr aktive Hunde sowie Arbeitshunde und Jagdhunde mit hohem Energiebedarf<br \/>\naus Huhn: schmackhaft, leicht verdaulich<br \/>\nHochwertige Proteine: zur Erhaltung der Muskelmasse<br \/>\nQualit\u00e4tslebensmittel: basierend auf ausgew\u00e4hlten Zutaten<br \/>\nausgewogener Mineralstoffgehalt: zur Unterst\u00fctzung der Gesundheit lebenswichtiger Organe<br \/>\nexquisiter Geschmack: hohe Schmackhaftigkeit bei vielen Hunden<br \/>\nvon Tier\u00e4rzten empfohlen<br \/>\nohne k\u00fcnstliche Aromen, Farbstoffe oder Konservierungsstoffe<br \/>\nZutaten :<br \/>\nMais, H\u00fchner- und Putenmehl, tierische Fette, getrocknete R\u00fcbenschnitzel, Pflanzen\u00f6l, Proteinhydrolysat, Mineralstoffe, Trockenvollei, Leinsamen.<\/p>\n<p>Additive:<br \/>\nErn\u00e4hrungszus\u00e4tze:<br \/>\nVitamin A (6.345 IE\/kg), Vitamin D3 (513 IE\/kg), Vitamin E (550 mg\/kg), Vitamin C (90 mg\/kg), Eisen (87,3 mg\/kg), Jod (3,8 mg). \/kg), Kupfer (8,6 mg\/kg), Mangan (9 mg\/kg), Zink (135 mg\/kg), nat\u00fcrliche Antioxidantien.<\/p>\n<p>Analytische Komponenten<\/p>\n<p>Rohprotein 28,2 %<br \/>\nRohfett 24,1 %<br \/>\nRohfaser 1,6 %<br \/>\nRohasche 5,6 %<br \/>\nKalzium 0,95 %<br \/>\nPhosphor 0,7 %<br \/>\nMagnesium 0,08 %<br \/>\nBeta-Carotin 1,5 mg<br \/>\nKalium 0,75 %<br \/>\nNatrium 0,36 %<\/p>\n<p>Empfohlene Mengen:<\/p>\n<p>Hill&#8217;s Science Plan Adult 1+ Performance H\u00fchnerfutter ist ein Alleinfuttermittel f\u00fcr Hunde.<\/p>\n<p>Gewicht des Hundes Menge in g\/Tag<br \/>\n2,5 kg 55 g<br \/>\n5kg 90g<br \/>\n10kg 150g<br \/>\n20kg 225g<br \/>\n30kg 340g<br \/>\n40kg 425g<br \/>\n50 kg + 10 g pro kg<\/p>\n<p>Die empfohlenen Mengen dienen als Richtwerte und sollten an die individuellen Bed\u00fcrfnisse Ihres Hundes angepasst werden, um das optimale Gewicht zu halten.<br \/>\nWenn Sie Ihrem Hund zum ersten Mal Trockenfutter von Hill&#8217;s geben, mischen Sie es \u00fcber einen Zeitraum von 7 Tagen mit seinem normalen Futter und reduzieren Sie dabei schrittweise die Menge der alten Trockenfutter. Bitte stellen Sie Ihrem Hund immer frisches Wasser zur Verf\u00fcgung. Damit Ihr Hund lange gesund bleibt, bieten Sie ihm eine ausgewogene Ern\u00e4hrung und vergessen Sie nicht, ihn mindestens zweimal im Jahr zum Tierarzt zu bringen.<\/p>","protected":false},"excerpt":{"rendered":"<p>Wenn Sie aktiv sind, verbrauchen Sie viel Energie: Hill&#8217;s Science Plan Adult 1+ Performance H\u00fchnerfutter ist ideal, um die Energiereserven Ihres Hundes wieder aufzuf\u00fcllen. Dies ist ein hochwertiges Trockenfutter f\u00fcr erwachsene Hunde, das aufgrund seines hohen Energiebedarfs ideal f\u00fcr sehr aktive Hunde sowie Arbeits- und Jagdhunde ist. Diese Kroketten werden aus leckerem H\u00fchnchen hergestellt und [&hellip;]<\/p>\n","protected":false},"featured_media":41703,"template":"","meta":{"_acf_changed":false,"footnotes":""},"product_brand":[],"product_cat":[151,159,46],"product_tag":[],"class_list":{"0":"post-41702","1":"product","2":"type-product","3":"status-publish","4":"has-post-thumbnail","6":"product_cat-chiens","7":"product_cat-digestion-chiens","8":"product_cat-veterinaire","10":"first","11":"instock","12":"taxable","13":"shipping-taxable","14":"purchasable","15":"product-type-simple"},"acf":[],"_links":{"self":[{"href":"https:\/\/www.pharmacieonline.lu\/de\/wp-json\/wp\/v2\/product\/41702","targetHints":{"allow":["GET"]}}],"collection":[{"href":"https:\/\/www.pharmacieonline.lu\/de\/wp-json\/wp\/v2\/product"}],"about":[{"href":"https:\/\/www.pharmacieonline.lu\/de\/wp-json\/wp\/v2\/types\/product"}],"version-history":[{"count":0,"href":"https:\/\/www.pharmacieonline.lu\/de\/wp-json\/wp\/v2\/product\/41702\/revisions"}],"wp:featuredmedia":[{"embeddable":true,"href":"https:\/\/www.pharmacieonline.lu\/de\/wp-json\/wp\/v2\/media\/41703"}],"wp:attachment":[{"href":"https:\/\/www.pharmacieonline.lu\/de\/wp-json\/wp\/v2\/media?parent=41702"}],"wp:term":[{"taxonomy":"product_brand","embeddable":true,"href":"https:\/\/www.pharmacieonline.lu\/de\/wp-json\/wp\/v2\/product_brand?post=41702"},{"taxonomy":"product_cat","embeddable":true,"href":"https:\/\/www.pharmacieonline.lu\/de\/wp-json\/wp\/v2\/product_cat?post=41702"},{"taxonomy":"product_tag","embeddable":true,"href":"https:\/\/www.pharmacieonline.lu\/de\/wp-json\/wp\/v2\/product_tag?post=41702"}],"curies":[{"name":"wp","href":"https:\/\/api.w.org\/{rel}","templated":true}]}}