{"id":41705,"date":"2023-11-15T15:59:03","date_gmt":"2023-11-15T14:59:03","guid":{"rendered":"https:\/\/www.pharmacieonline.lu\/?post_type=product&#038;p=41705"},"modified":"2026-04-05T15:55:11","modified_gmt":"2026-04-05T13:55:11","slug":"hills-can-ad-perfect-weight-large-b-12kg","status":"publish","type":"product","link":"https:\/\/www.pharmacieonline.lu\/de\/produit\/hills-can-ad-perfect-weight-large-b-12kg\/","title":{"rendered":"HILLS CAN AD PERFECT WEIGHT LARGE B 12KG"},"content":{"rendered":"<p>Das gesunde Gewicht halten und dabei trotzdem Spa\u00df haben: Das ist m\u00f6glich! Hill&#8217;s Science Plan Adult 1+ Perfect Weight Large H\u00fchnerfutter wurde speziell entwickelt, um das Gewicht erwachsener Hunde gro\u00dfer Rassen zu kontrollieren. Ihre Zusammensetzung tr\u00e4gt zum Erhalt schlanker Muskelmasse bei und f\u00f6rdert gleichzeitig das S\u00e4ttigungsgef\u00fchl.<\/p>\n<p>Hill&#8217;s Science Plan Adult 1+ Perfect Weight Gro\u00dfes H\u00fchnerfutter ist reich an Proteinen und enth\u00e4lt pr\u00e4biotische Ballaststoffe, die die Verdauung verbessern. Diese Kroketten sind mit L-Carnitin und Kokosnuss\u00f6l angereichert und versorgen Hunde mit allem, was sie f\u00fcr einen aktiven Lebensstil ben\u00f6tigen. Sie enthalten hochwertige Inhaltsstoffe, sind leicht verdaulich und f\u00f6rdern das S\u00e4ttigungsgef\u00fchl. Diese Kroketten werden ohne k\u00fcnstliche Aromen, Farbstoffe oder Konservierungsstoffe hergestellt.<\/p>\n<p>Eigenschaften von Hill&#8217;s Science Plan Adult 1+ Perfect Weight Large H\u00fchnerfutter f\u00fcr Hunde:<\/p>\n<p>Trockenfutter f\u00fcr ausgewachsene Hunde gro\u00dfer Rassen<br \/>\nGewichtskontrolle: Trockenfutter, das die Gewichtskontrolle bei gro\u00dfen Hunden f\u00f6rdert<br \/>\nRezept auf H\u00fchnerbasis: proteinreich, bek\u00f6mmlich, tr\u00e4gt zum Erhalt schlanker Muskelmasse bei<br \/>\nS\u00e4ttigende Kroketten: sorgen f\u00fcr ein angenehmes S\u00e4ttigungsgef\u00fchl nach dem Essen<br \/>\nangereichert mit L-Carnitin und Kokos\u00f6l<br \/>\nhoher Ballaststoffgehalt: zur F\u00f6rderung der Verdauung<br \/>\nQualit\u00e4ts-Knabberei: hergestellt aus ausgew\u00e4hlten Zutaten<br \/>\nexquisiter Geschmack: hohe Schmackhaftigkeit bei vielen Hunden<br \/>\nvon Tier\u00e4rzten empfohlen<br \/>\nohne\u00a0k\u00fcnstliche Aromen, Farbstoffe oder Konservierungsstoffe<\/p>\n<p>Gewichtsmanagement<br \/>\nEs ist klinisch erwiesen, dass eine Ern\u00e4hrung Hunden dabei hilft, ein gesundes Gewicht zu erreichen und zu halten.<\/p>\n<p>Gesundheit des Verdauungssystems<br \/>\nPr\u00e4biotische Ballaststoffe zur F\u00f6rderung n\u00fctzlicher Darmbakterien, die zu einer besseren Verdauung beitragen.<\/p>\n<p>Gesunder Stoffwechsel<br \/>\nEine protein- und ballaststoffreiche Formel, angereichert mit L-Carnitin und Kokosnuss\u00f6l, um den Stoffwechsel des Hundes anzukurbeln<\/p>\n<p>Ausgezeichneter Gerschmack<br \/>\nVollst\u00e4ndige und ausgewogene Ern\u00e4hrung, die Hunde lieben.<\/p>\n<p>&nbsp;<\/p>\n<p>Zutaten :<br \/>\nWeizen, Maisglutenmehl, Mais-, H\u00fchner- und Putenmehl, Erbsenkleiemehl, Cellulose, Proteinhydrolysat, getrocknetes Tomatenmark, Leinsamen, tierische Fette, getrocknete R\u00fcbenschnitzel, Walnuss\u00f6l, Kokosnuss (2,1 %), Mineralstoffe, getrocknete Karotten.Zus\u00e4tze:<br \/>\nErn\u00e4hrungszus\u00e4tze:<br \/>\nVitamin A (10.012 IU\/kg), Vitamin D3 (768 IU\/kg), Vitamin E (550 IU\/kg), Vitamin C (90 IU\/kg), Eisen (74,9 mg\/kg), Jod (1,2 mg). \/kg), Kupfer (7,4 mg\/kg), Mangan (7,7 mg\/kg), Zink (155 mg\/kg), Selen (0,2 mg\/kg).<\/p>\n<p>Analytische Komponenten<\/p>\n<p>Rohprotein 25,3 %<br \/>\nRohfett 11,3 %<br \/>\nRohfaser 12,1 %<br \/>\nRohasche 5,1 %<br \/>\nKalzium 0,75 %<br \/>\nPhosphor 0,61 %<br \/>\nMagnesium 0,12 %<br \/>\nBeta-Carotin 1,5 mg<br \/>\nKalium 0,78 %<br \/>\nL-Carnitin 343,0 mg<br \/>\nNatrium 0,29 %<\/p>\n<p>Hill&#8217;s Science Plan Adult 1+ Perfect Weight Large Kroketten ist ein Alleinfuttermittel f\u00fcr Hunde gro\u00dfer Rassen.<\/p>\n<p>Gewicht des Hundes Menge in g\/Tag Mischfutter<br \/>\n25 kg 345 g 1 Karton (363 g) + 250 g Trockenfutter<br \/>\n30 kg 395 g 2 Kartons (363 g) + 200 g Trockenfutter<br \/>\n40 kg 495 g 2 Kartons (363 g) + 300 g Trockenfutter<br \/>\n50 kg 585 g 2 Kartons (363 g) + 385 g Trockenfutter<br \/>\n60 kg 670 g 2 Kartons (363 g) + 475 g Trockenfutter<br \/>\n70 kg 750 g 2 Kartons (363 g) + 555 g Trockenfutter<br \/>\n80 kg + 10 g pro kg 2 Kartons (363 g) + 8 g Trockenfutter pro kg<\/p>","protected":false},"excerpt":{"rendered":"<p>Das gesunde Gewicht halten und dabei trotzdem Spa\u00df haben: Das ist m\u00f6glich! Hill&#8217;s Science Plan Adult 1+ Perfect Weight Large H\u00fchnerfutter wurde speziell entwickelt, um das Gewicht erwachsener Hunde gro\u00dfer Rassen zu kontrollieren. Ihre Zusammensetzung tr\u00e4gt zum Erhalt schlanker Muskelmasse bei und f\u00f6rdert gleichzeitig das S\u00e4ttigungsgef\u00fchl. Hill&#8217;s Science Plan Adult 1+ Perfect Weight Gro\u00dfes H\u00fchnerfutter [&hellip;]<\/p>\n","protected":false},"featured_media":41706,"template":"","meta":{"_acf_changed":false,"footnotes":""},"product_brand":[],"product_cat":[151,159,46],"product_tag":[],"class_list":{"0":"post-41705","1":"product","2":"type-product","3":"status-publish","4":"has-post-thumbnail","6":"product_cat-chiens","7":"product_cat-digestion-chiens","8":"product_cat-veterinaire","10":"first","11":"instock","12":"taxable","13":"shipping-taxable","14":"purchasable","15":"product-type-simple"},"acf":[],"_links":{"self":[{"href":"https:\/\/www.pharmacieonline.lu\/de\/wp-json\/wp\/v2\/product\/41705","targetHints":{"allow":["GET"]}}],"collection":[{"href":"https:\/\/www.pharmacieonline.lu\/de\/wp-json\/wp\/v2\/product"}],"about":[{"href":"https:\/\/www.pharmacieonline.lu\/de\/wp-json\/wp\/v2\/types\/product"}],"version-history":[{"count":0,"href":"https:\/\/www.pharmacieonline.lu\/de\/wp-json\/wp\/v2\/product\/41705\/revisions"}],"wp:featuredmedia":[{"embeddable":true,"href":"https:\/\/www.pharmacieonline.lu\/de\/wp-json\/wp\/v2\/media\/41706"}],"wp:attachment":[{"href":"https:\/\/www.pharmacieonline.lu\/de\/wp-json\/wp\/v2\/media?parent=41705"}],"wp:term":[{"taxonomy":"product_brand","embeddable":true,"href":"https:\/\/www.pharmacieonline.lu\/de\/wp-json\/wp\/v2\/product_brand?post=41705"},{"taxonomy":"product_cat","embeddable":true,"href":"https:\/\/www.pharmacieonline.lu\/de\/wp-json\/wp\/v2\/product_cat?post=41705"},{"taxonomy":"product_tag","embeddable":true,"href":"https:\/\/www.pharmacieonline.lu\/de\/wp-json\/wp\/v2\/product_tag?post=41705"}],"curies":[{"name":"wp","href":"https:\/\/api.w.org\/{rel}","templated":true}]}}