{"id":41708,"date":"2023-11-15T16:04:22","date_gmt":"2023-11-15T15:04:22","guid":{"rendered":"https:\/\/www.pharmacieonline.lu\/?post_type=product&#038;p=41708"},"modified":"2026-04-05T15:55:11","modified_gmt":"2026-04-05T13:55:11","slug":"hills-can-ad-perfect-weight-medium-12kg","status":"publish","type":"product","link":"https:\/\/www.pharmacieonline.lu\/de\/produit\/hills-can-ad-perfect-weight-medium-12kg\/","title":{"rendered":"HILLS CAN AD PERFECT WEIGHT MEDIUM 12KG"},"content":{"rendered":"<p>Hill&#8217;s Science Plan Adult 1+ Perfect Weight Medium H\u00fchnerfutter wurde speziell entwickelt, um das Gewichtsmanagement bei erwachsenen Hunden mittelgro\u00dfer Rassen zu erleichtern.<\/p>\n<p>Der hohe Proteingehalt tr\u00e4gt zum Erhalt der Muskelmasse bei und f\u00f6rdert gleichzeitig das S\u00e4ttigungsgef\u00fchl. Diese Kroketten sind lecker und Ihr Hund wird sie genie\u00dfen, ohne zu viele Kalorien aufzunehmen. Diese Kroketten enthalten pr\u00e4biotische Ballaststoffe, die die Verdauung erleichtern. Hill&#8217;s Science Plan Adult 1+ Perfect Weight Medium H\u00fchnerfutter wird von Tier\u00e4rzten empfohlen und wird aus hochwertigen Rohstoffen zubereitet. Sie werden ohne k\u00fcnstliche Aromen, Farb- oder Konservierungsstoffe hergestellt.<\/p>\n<p>Eigenschaften von Hill&#8217;s Science Plan Adult 1+ Perfect Weight Medium H\u00fchnerfutter f\u00fcr Hunde:<\/p>\n<p>Trockenfutter f\u00fcr erwachsene Hunde mittlerer Rassen<br \/>\nErleichterung des Gewichtsmanagements: Lebensmittel, die dabei helfen, ein gesundes Gewicht zu halten<br \/>\naus Huhn: bek\u00f6mmlich und schmackhaft<br \/>\nProteinreiche Rezeptur: Entspricht den Ern\u00e4hrungsbed\u00fcrfnissen von Katzen und tr\u00e4gt zum Erhalt schlanker Muskelmasse bei<br \/>\nS\u00e4ttigende Kroketten: sorgen f\u00fcr ein angenehmes S\u00e4ttigungsgef\u00fchl nach dem Essen<br \/>\nangereichert mit L-Carnitin und Kokos\u00f6l<br \/>\nreich an Ballaststoffen: zur F\u00f6rderung der Verdauung<br \/>\nHochwertige Rohstoffe: Kroketten aus ausgew\u00e4hlten Zutaten<br \/>\nexquisiter Geschmack: hohe Schmackhaftigkeit bei vielen Hunden<br \/>\nvon Tier\u00e4rzten empfohlen<br \/>\nohne\u00a0k\u00fcnstliche Aromen, Farbstoffe oder Konservierungsstoffe<br \/>\nVorbeugung: Diese Kroketten helfen, \u00dcbergewicht vorzubeugen und das Risiko von Arthritis, Mobilit\u00e4tsverlust und Pankreatitis zu verringern<\/p>\n<p>&nbsp;<\/p>\n<p>Effektive Rezeptur: L-Carnitin f\u00f6rdert die Fettverbrennung, w\u00e4hrend Huhn eine leichte, kalorien- und fettarme Proteinquelle ist. Dieses Rezept sorgt daf\u00fcr, dass sich Ihr Hund satt und zufrieden f\u00fchlt.<\/p>\n<p>&nbsp;<\/p>\n<p>nahrhafte Rezeptur: Pr\u00e4biotische Ballaststoffe erleichtern die Aufnahme von N\u00e4hrstoffen, tragen zum Gleichgewicht der Darmflora bei und halten Ihren Hund fit, denn Hunde, die keine Gewichtsprobleme haben, haben eine h\u00f6here Lebenserwartung und sind lebendiger und aktiver<\/p>\n<p>&nbsp;<\/p>\n<p>Klinisch erprobte Rezeptur: Hilft Ihrem Hund, wieder in Form zu kommen und ein gesundes Gewicht zu halten, f\u00fcr ein langes und gesundes Leben.<\/p>\n<p>Gewichtsmanagement<br \/>\nEs ist klinisch erwiesen, dass eine Ern\u00e4hrung Hunden dabei hilft, ein gesundes Gewicht zu erreichen und zu halten.<\/p>\n<p>Gesundheit des Verdauungssystems<br \/>\nPr\u00e4biotische Ballaststoffe zur F\u00f6rderung n\u00fctzlicher Darmbakterien, die zu einer besseren Verdauung beitragen.<\/p>\n<p>Gesunder Stoffwechsel<br \/>\nEine protein- und ballaststoffreiche Formel, angereichert mit L-Carnitin und Kokosnuss\u00f6l, um den Stoffwechsel des Hundes anzukurbeln.<\/p>\n<p>Ausgezeichneter Gerschmack<br \/>\nVollst\u00e4ndige und ausgewogene Ern\u00e4hrung, die Hunde lieben.<\/p>\n<p>Zutaten :<br \/>\nWeizen, Maisglutenmehl, Mais, H\u00fchnermehl und Putenmehl, Erbsenkleiemehl, Cellulose, Proteinhydrolysat, getrocknetes Tomatenmark, tierische Fette, Leinsamen, getrocknete R\u00fcbenschnitzel, Kokos\u00f6l Kokosnuss (2 %), Mineralien, getrocknete Karotten.Zusatzstoffe :<br \/>\nErn\u00e4hrungszus\u00e4tze:<br \/>\nVitamin A (10.012 IE\/kg), Vitamin D3 (768 IE\/kg), Vitamin E (550 mg\/kg), Vitamin C (90 mg\/kg), Eisen (74,9 mg\/kg), Jod (1,2 mg). \/kg), Kupfer (7,4 mg\/kg), Mangan (7,7 mg\/kg), Zink (155 mg\/kg), Selen (0,2 mg\/kg, nat\u00fcrliche Antioxidantien).<\/p>\n<p>Analytische Komponenten<\/p>\n<p>Rohprotein 25,3 %<br \/>\nRohfett 11,3 %<br \/>\nRohfaser 12,1 %<br \/>\nRohasche 5,1 %<br \/>\nKalzium 0,75 %<br \/>\nPhosphor 0,61 %<br \/>\nMagnesium 0,12 %<br \/>\nBeta-Carotin 1,5 mg<br \/>\nKalium 0,78 %<br \/>\nL-Carnitin 343,0 mg<br \/>\nNatrium 0,29 %<\/p>\n<p>&nbsp;<\/p>\n<p>Empfohlene Mengen:<\/p>\n<p>Hill&#8217;s Science Plan Adult 1+ Perfect Weight Medium H\u00fchnerfutter ist ein Alleinfuttermittel f\u00fcr erwachsene Hunde mittelgro\u00dfer Rassen.<\/p>\n<p>Gewicht des Hundes Menge in g\/Tag Mischfutter<br \/>\n2,5 kg 60 g 1\/3 Box (363 g) + 15 g Trockenfutter<br \/>\n5 kg 105 g 1\/2 Box (363 g) + 55 g Trockenfutter<br \/>\n7,5 kg 140 g 1 Karton (363 g) + 45 g Trockenfutter<br \/>\n10 kg 175 g 1 Karton (363 g) + 75 g Trockenfutter<br \/>\n20 kg 295 g 1 Karton (363 g) + 195 g Trockenfutter<br \/>\n30 kg 395 g 1 Karton (363 g) + 200 g Trockenfutter<br \/>\n40 kg 495 g 1 Karton (363 g) + 300 g Trockenfutter<br \/>\n50 kg 585 g 1 Karton (363 g) + 385 g Trockenfutter<br \/>\n60 kg + 11 g pro kg 1 Karton (363 g) + 8 g Trockenfutter pro kg<\/p>","protected":false},"excerpt":{"rendered":"<p>Hill&#8217;s Science Plan Adult 1+ Perfect Weight Medium H\u00fchnerfutter wurde speziell entwickelt, um das Gewichtsmanagement bei erwachsenen Hunden mittelgro\u00dfer Rassen zu erleichtern. Der hohe Proteingehalt tr\u00e4gt zum Erhalt der Muskelmasse bei und f\u00f6rdert gleichzeitig das S\u00e4ttigungsgef\u00fchl. Diese Kroketten sind lecker und Ihr Hund wird sie genie\u00dfen, ohne zu viele Kalorien aufzunehmen. Diese Kroketten enthalten pr\u00e4biotische [&hellip;]<\/p>\n","protected":false},"featured_media":41709,"template":"","meta":{"_acf_changed":false,"footnotes":""},"product_brand":[],"product_cat":[151,159,46],"product_tag":[],"class_list":{"0":"post-41708","1":"product","2":"type-product","3":"status-publish","4":"has-post-thumbnail","6":"product_cat-chiens","7":"product_cat-digestion-chiens","8":"product_cat-veterinaire","10":"first","11":"instock","12":"taxable","13":"shipping-taxable","14":"purchasable","15":"product-type-simple"},"acf":[],"_links":{"self":[{"href":"https:\/\/www.pharmacieonline.lu\/de\/wp-json\/wp\/v2\/product\/41708","targetHints":{"allow":["GET"]}}],"collection":[{"href":"https:\/\/www.pharmacieonline.lu\/de\/wp-json\/wp\/v2\/product"}],"about":[{"href":"https:\/\/www.pharmacieonline.lu\/de\/wp-json\/wp\/v2\/types\/product"}],"version-history":[{"count":0,"href":"https:\/\/www.pharmacieonline.lu\/de\/wp-json\/wp\/v2\/product\/41708\/revisions"}],"wp:featuredmedia":[{"embeddable":true,"href":"https:\/\/www.pharmacieonline.lu\/de\/wp-json\/wp\/v2\/media\/41709"}],"wp:attachment":[{"href":"https:\/\/www.pharmacieonline.lu\/de\/wp-json\/wp\/v2\/media?parent=41708"}],"wp:term":[{"taxonomy":"product_brand","embeddable":true,"href":"https:\/\/www.pharmacieonline.lu\/de\/wp-json\/wp\/v2\/product_brand?post=41708"},{"taxonomy":"product_cat","embeddable":true,"href":"https:\/\/www.pharmacieonline.lu\/de\/wp-json\/wp\/v2\/product_cat?post=41708"},{"taxonomy":"product_tag","embeddable":true,"href":"https:\/\/www.pharmacieonline.lu\/de\/wp-json\/wp\/v2\/product_tag?post=41708"}],"curies":[{"name":"wp","href":"https:\/\/api.w.org\/{rel}","templated":true}]}}