{"id":41733,"date":"2023-11-16T12:48:51","date_gmt":"2023-11-16T11:48:51","guid":{"rendered":"https:\/\/www.pharmacieonline.lu\/?post_type=product&#038;p=41733"},"modified":"2026-04-09T07:55:11","modified_gmt":"2026-04-09T05:55:11","slug":"he-giroflier-10-mlpranarom","status":"publish","type":"product","link":"https:\/\/www.pharmacieonline.lu\/de\/produit\/he-giroflier-10-mlpranarom\/","title":{"rendered":"HE GIROFLIER 10 ML(PRANAROM)"},"content":{"rendered":"<p>Das \u00e4therische \u00d6l hat einen charakteristischen warmen und w\u00fcrzigen Duft mit stimulierenden Eigenschaften f\u00fcr K\u00f6rper und Geist.<\/p>\n<p>INDIKATION<\/p>\n<p>In einem Diffusor.<br \/>\nZahnschmerzen.<\/p>\n<p>KOMPOSITION<\/p>\n<p>Eugenol, Eugenylacetat.<\/p>","protected":false},"excerpt":{"rendered":"<p>Das \u00e4therische \u00d6l hat einen charakteristischen warmen und w\u00fcrzigen Duft mit stimulierenden Eigenschaften f\u00fcr K\u00f6rper und Geist. INDIKATION In einem Diffusor. Zahnschmerzen. KOMPOSITION Eugenol, Eugenylacetat.<\/p>\n","protected":false},"featured_media":41734,"template":"","meta":{"_acf_changed":false,"footnotes":""},"product_brand":[],"product_cat":[42,79],"product_tag":[],"class_list":{"0":"post-41733","1":"product","2":"type-product","3":"status-publish","4":"has-post-thumbnail","6":"product_cat-para-pharmacie","7":"product_cat-aromatherapie","9":"first","10":"instock","11":"taxable","12":"shipping-taxable","13":"purchasable","14":"product-type-simple"},"acf":[],"_links":{"self":[{"href":"https:\/\/www.pharmacieonline.lu\/de\/wp-json\/wp\/v2\/product\/41733","targetHints":{"allow":["GET"]}}],"collection":[{"href":"https:\/\/www.pharmacieonline.lu\/de\/wp-json\/wp\/v2\/product"}],"about":[{"href":"https:\/\/www.pharmacieonline.lu\/de\/wp-json\/wp\/v2\/types\/product"}],"version-history":[{"count":0,"href":"https:\/\/www.pharmacieonline.lu\/de\/wp-json\/wp\/v2\/product\/41733\/revisions"}],"wp:featuredmedia":[{"embeddable":true,"href":"https:\/\/www.pharmacieonline.lu\/de\/wp-json\/wp\/v2\/media\/41734"}],"wp:attachment":[{"href":"https:\/\/www.pharmacieonline.lu\/de\/wp-json\/wp\/v2\/media?parent=41733"}],"wp:term":[{"taxonomy":"product_brand","embeddable":true,"href":"https:\/\/www.pharmacieonline.lu\/de\/wp-json\/wp\/v2\/product_brand?post=41733"},{"taxonomy":"product_cat","embeddable":true,"href":"https:\/\/www.pharmacieonline.lu\/de\/wp-json\/wp\/v2\/product_cat?post=41733"},{"taxonomy":"product_tag","embeddable":true,"href":"https:\/\/www.pharmacieonline.lu\/de\/wp-json\/wp\/v2\/product_tag?post=41733"}],"curies":[{"name":"wp","href":"https:\/\/api.w.org\/{rel}","templated":true}]}}