{"id":41757,"date":"2023-11-18T09:35:53","date_gmt":"2023-11-18T08:35:53","guid":{"rendered":"https:\/\/www.pharmacieonline.lu\/?post_type=product&#038;p=41757"},"modified":"2026-04-17T12:55:15","modified_gmt":"2026-04-17T10:55:15","slug":"vicks-diffuseur-v-1700e-emea-36-mois","status":"publish","type":"product","link":"https:\/\/www.pharmacieonline.lu\/de\/produit\/vicks-diffuseur-v-1700e-emea-36-mois\/","title":{"rendered":"VICKS DIFFUSEUR V-1700E-EMEA &gt;36 MOIS"},"content":{"rendered":"<p>Einfache Anwendung: Setzen Sie einfach die Duftnachf\u00fcllung ein und schlie\u00dfen Sie das Spray an eine Steckdose an.<br \/>\nDie Hitze aktiviert die Menthol- oder Rosmarin- und Lavendeld\u00e4mpfe im VapoPad\u2122 und verteilt sie in der Luft.<br \/>\nNachtlicht<br \/>\nGeeignet f\u00fcr Babys ab 4,5 kg<\/p>","protected":false},"excerpt":{"rendered":"<p>Einfache Anwendung: Setzen Sie einfach die Duftnachf\u00fcllung ein und schlie\u00dfen Sie das Spray an eine Steckdose an. Die Hitze aktiviert die Menthol- oder Rosmarin- und Lavendeld\u00e4mpfe im VapoPad\u2122 und verteilt sie in der Luft. Nachtlicht Geeignet f\u00fcr Babys ab 4,5 kg<\/p>\n","protected":false},"featured_media":41759,"template":"","meta":{"_acf_changed":false,"footnotes":""},"product_brand":[],"product_cat":[43,85],"product_tag":[],"class_list":{"0":"post-41757","1":"product","2":"type-product","3":"status-publish","4":"has-post-thumbnail","6":"product_cat-medicaments-en-vente-libre","7":"product_cat-rhume","9":"first","10":"outofstock","11":"taxable","12":"shipping-taxable","13":"purchasable","14":"product-type-simple"},"acf":[],"_links":{"self":[{"href":"https:\/\/www.pharmacieonline.lu\/de\/wp-json\/wp\/v2\/product\/41757","targetHints":{"allow":["GET"]}}],"collection":[{"href":"https:\/\/www.pharmacieonline.lu\/de\/wp-json\/wp\/v2\/product"}],"about":[{"href":"https:\/\/www.pharmacieonline.lu\/de\/wp-json\/wp\/v2\/types\/product"}],"version-history":[{"count":0,"href":"https:\/\/www.pharmacieonline.lu\/de\/wp-json\/wp\/v2\/product\/41757\/revisions"}],"wp:featuredmedia":[{"embeddable":true,"href":"https:\/\/www.pharmacieonline.lu\/de\/wp-json\/wp\/v2\/media\/41759"}],"wp:attachment":[{"href":"https:\/\/www.pharmacieonline.lu\/de\/wp-json\/wp\/v2\/media?parent=41757"}],"wp:term":[{"taxonomy":"product_brand","embeddable":true,"href":"https:\/\/www.pharmacieonline.lu\/de\/wp-json\/wp\/v2\/product_brand?post=41757"},{"taxonomy":"product_cat","embeddable":true,"href":"https:\/\/www.pharmacieonline.lu\/de\/wp-json\/wp\/v2\/product_cat?post=41757"},{"taxonomy":"product_tag","embeddable":true,"href":"https:\/\/www.pharmacieonline.lu\/de\/wp-json\/wp\/v2\/product_tag?post=41757"}],"curies":[{"name":"wp","href":"https:\/\/api.w.org\/{rel}","templated":true}]}}