{"id":41792,"date":"2023-11-21T11:48:20","date_gmt":"2023-11-21T10:48:20","guid":{"rendered":"https:\/\/www.pharmacieonline.lu\/?post_type=product&#038;p=41792"},"modified":"2026-04-05T17:55:08","modified_gmt":"2026-04-05T15:55:08","slug":"hills-canine-adult-poulet-12-x-370-g","status":"publish","type":"product","link":"https:\/\/www.pharmacieonline.lu\/de\/produit\/hills-canine-adult-poulet-12-x-370-g\/","title":{"rendered":"HILLS CANINE ADULT POULET 12 X 370 G"},"content":{"rendered":"<p>Hill&#8217;s Science Plan-Dosen versorgen Ihren Hund mit hochwertigem Nassfutter f\u00fcr alle Lebensabschnitte,\u00a0von nahrhaftem, ausgewogenem Futter f\u00fcr ausgewachsene Hunde bis hin zu Futter f\u00fcr \u00e4ltere Hunde. Dieses Vorteilspaket enth\u00e4lt 12 Kartons.<\/p>\n<p>Die Science Plan-Dosen von Hill\u2019s versorgen Ihren Hund mit schmackhaftem, vollwertigem Feuchtfutter. Ihre ausgewogene Rezeptur macht diese Boxen zu einem idealen Alleinfutter f\u00fcr die t\u00e4gliche Ern\u00e4hrung. Es enth\u00e4lt hochwertige Zutaten und ist aufgrund seines exquisiten Geschmacks bei vielen Hunden sehr schmackhaft. Diese praktischen Boxen lassen sich einfach durch Ziehen an einem Ring \u00f6ffnen.<\/p>\n<p>Eigenschaften von Hill\u2019s Science Plan 12 x 370 g Boxen f\u00fcr Hunde:<\/p>\n<p>Nassfutter f\u00fcr Hunde<br \/>\nQualit\u00e4tsrezeptur: mit ausgew\u00e4hlten Zutaten f\u00fcr eine vollwertige Ern\u00e4hrung, die den Bed\u00fcrfnissen von Hunden entspricht<br \/>\nHochwertige Proteine: zur Erhaltung der Muskelmasse<br \/>\nbek\u00f6mmliche Rezeptur: tr\u00e4gt zur optimalen N\u00e4hrstoffaufnahme bei<br \/>\nexquisiter Geschmack: hohe Schmackhaftigkeit bei vielen Hunden<br \/>\nVerschiedene Sorten f\u00fcr alle Lebensabschnitte Ihres Hundes erh\u00e4ltlich<br \/>\nvon Tier\u00e4rzten empfohlen<\/p>\n<p>Analytische Komponenten<\/p>\n<p>Erwachsener, Rind<br \/>\nErwachsener, Huhn<br \/>\nErwachsener, Truthahn<br \/>\nReifes erwachsenes Huhn ab 7 Jahren<br \/>\nErwachsenes 1-6 helles Huhn<br \/>\nWelpe &lt;1 Huhn<br \/>\nPerfekte Verdauung f\u00fcr Erwachsene<\/p>\n<p>Rohprotein 6,1 %<br \/>\nRohfett 5,0 %<br \/>\nRohfaser 1,6 %<br \/>\nRohasche 0,24 %<br \/>\nKalzium 0,23 %<br \/>\nPhosphor 0,2 %<br \/>\nMagnesium 0,02 %<br \/>\nLuftfeuchtigkeit 74,2 %<br \/>\nKalium 0,23 %<br \/>\nNatrium 0,08 %<\/p>","protected":false},"excerpt":{"rendered":"<p>Hill&#8217;s Science Plan-Dosen versorgen Ihren Hund mit hochwertigem Nassfutter f\u00fcr alle Lebensabschnitte,\u00a0von nahrhaftem, ausgewogenem Futter f\u00fcr ausgewachsene Hunde bis hin zu Futter f\u00fcr \u00e4ltere Hunde. Dieses Vorteilspaket enth\u00e4lt 12 Kartons. Die Science Plan-Dosen von Hill\u2019s versorgen Ihren Hund mit schmackhaftem, vollwertigem Feuchtfutter. Ihre ausgewogene Rezeptur macht diese Boxen zu einem idealen Alleinfutter f\u00fcr die t\u00e4gliche [&hellip;]<\/p>\n","protected":false},"featured_media":41793,"template":"","meta":{"_acf_changed":false,"footnotes":""},"product_brand":[],"product_cat":[151,159,46],"product_tag":[],"class_list":{"0":"post-41792","1":"product","2":"type-product","3":"status-publish","4":"has-post-thumbnail","6":"product_cat-chiens","7":"product_cat-digestion-chiens","8":"product_cat-veterinaire","10":"first","11":"instock","12":"taxable","13":"shipping-taxable","14":"purchasable","15":"product-type-simple"},"acf":[],"_links":{"self":[{"href":"https:\/\/www.pharmacieonline.lu\/de\/wp-json\/wp\/v2\/product\/41792","targetHints":{"allow":["GET"]}}],"collection":[{"href":"https:\/\/www.pharmacieonline.lu\/de\/wp-json\/wp\/v2\/product"}],"about":[{"href":"https:\/\/www.pharmacieonline.lu\/de\/wp-json\/wp\/v2\/types\/product"}],"version-history":[{"count":0,"href":"https:\/\/www.pharmacieonline.lu\/de\/wp-json\/wp\/v2\/product\/41792\/revisions"}],"wp:featuredmedia":[{"embeddable":true,"href":"https:\/\/www.pharmacieonline.lu\/de\/wp-json\/wp\/v2\/media\/41793"}],"wp:attachment":[{"href":"https:\/\/www.pharmacieonline.lu\/de\/wp-json\/wp\/v2\/media?parent=41792"}],"wp:term":[{"taxonomy":"product_brand","embeddable":true,"href":"https:\/\/www.pharmacieonline.lu\/de\/wp-json\/wp\/v2\/product_brand?post=41792"},{"taxonomy":"product_cat","embeddable":true,"href":"https:\/\/www.pharmacieonline.lu\/de\/wp-json\/wp\/v2\/product_cat?post=41792"},{"taxonomy":"product_tag","embeddable":true,"href":"https:\/\/www.pharmacieonline.lu\/de\/wp-json\/wp\/v2\/product_tag?post=41792"}],"curies":[{"name":"wp","href":"https:\/\/api.w.org\/{rel}","templated":true}]}}