{"id":42063,"date":"2023-12-21T12:03:02","date_gmt":"2023-12-21T11:03:02","guid":{"rendered":"https:\/\/www.pharmacieonline.lu\/?post_type=product&#038;p=42063"},"modified":"2026-04-14T19:55:12","modified_gmt":"2026-04-14T17:55:12","slug":"cerave-creme-mains-reparatrice-50-ml","status":"publish","type":"product","link":"https:\/\/www.pharmacieonline.lu\/de\/produit\/cerave-creme-mains-reparatrice-50-ml\/","title":{"rendered":"CERAVE CREME MAINS REPARATRICE 50 ML"},"content":{"rendered":"<p>CeraVe Repairing Hand Cream ist eine feuchtigkeitsspendende, n\u00e4hrende und regenerierende Behandlung f\u00fcr trockene bis sehr trockene H\u00e4nde, die durch t\u00e4gliche Aggressionen gesch\u00e4digt oder geschw\u00e4cht sind.<\/p>\n<p>Es ist mit Hyalurons\u00e4ure angereichert, um die Haut mit Feuchtigkeit zu versorgen, Niacinamid zur Beruhigung und 3 essentiellen Ceramiden zur Wiederherstellung der Hautbarriere.<\/p>\n<p>Die Textur ist nicht fettend, hinterl\u00e4sst keinen klebrigen Effekt und hinterl\u00e4sst glatte und weiche H\u00e4nde.<\/p>\n<p>Die mit Dermatologen entwickelte hochvertr\u00e4gliche Formel ist nicht reizend, parf\u00fcmfrei, hypoallergen und nicht komedogen und eignet sich daher f\u00fcr empfindliche oder geschw\u00e4chte Haut.<\/p>\n<p>VERWENDEN<br \/>\nSo oft wie n\u00f6tig gro\u00dfz\u00fcgig auf die H\u00e4nde auftragen.<\/p>\n<p>KOMPOSITION<br \/>\nAQUA \/ WASSER, GLYCERIN, CETEARYLALKOHOL, CAPRYL-\/CAPRIC-TRIGLYCERID, CETYLALKOHOL, CETEARETH-20, PETROLATUM, BEHENTRIMONIUMMETHOSULFAT, CARBOMER, CERAMIDE AP, CERAMIDE EOP, CERAMIDE NP, CHOLESTERIN, DIMETHICONE, DIKALIUMPHOSPHAT, DISODIUM EDTA, ETHY LHEXYLGLYCERIN, PHENOXYETHANOL, PHYTOSPHINGOSIN, KALIUMPHOSPHAT, NATRIUMHYALURONAT, NATRIUMLAUROYLACTYLAT, TOCOPHEROL, XANTHANGUMMI (F.I.L. D215085\/2).<\/p>","protected":false},"excerpt":{"rendered":"<p>CeraVe Repairing Hand Cream ist eine feuchtigkeitsspendende, n\u00e4hrende und regenerierende Behandlung f\u00fcr trockene bis sehr trockene H\u00e4nde, die durch t\u00e4gliche Aggressionen gesch\u00e4digt oder geschw\u00e4cht sind. Es ist mit Hyalurons\u00e4ure angereichert, um die Haut mit Feuchtigkeit zu versorgen, Niacinamid zur Beruhigung und 3 essentiellen Ceramiden zur Wiederherstellung der Hautbarriere. Die Textur ist nicht fettend, hinterl\u00e4sst keinen [&hellip;]<\/p>\n","protected":false},"featured_media":42064,"template":"","meta":{"_acf_changed":false,"footnotes":""},"product_brand":[],"product_cat":[47,42,764],"product_tag":[],"class_list":{"0":"post-42063","1":"product","2":"type-product","3":"status-publish","4":"has-post-thumbnail","6":"product_cat-dermocosmetique","7":"product_cat-para-pharmacie","8":"product_cat-soins-mains","10":"first","11":"instock","12":"taxable","13":"shipping-taxable","14":"purchasable","15":"product-type-simple"},"acf":[],"_links":{"self":[{"href":"https:\/\/www.pharmacieonline.lu\/de\/wp-json\/wp\/v2\/product\/42063","targetHints":{"allow":["GET"]}}],"collection":[{"href":"https:\/\/www.pharmacieonline.lu\/de\/wp-json\/wp\/v2\/product"}],"about":[{"href":"https:\/\/www.pharmacieonline.lu\/de\/wp-json\/wp\/v2\/types\/product"}],"version-history":[{"count":0,"href":"https:\/\/www.pharmacieonline.lu\/de\/wp-json\/wp\/v2\/product\/42063\/revisions"}],"wp:featuredmedia":[{"embeddable":true,"href":"https:\/\/www.pharmacieonline.lu\/de\/wp-json\/wp\/v2\/media\/42064"}],"wp:attachment":[{"href":"https:\/\/www.pharmacieonline.lu\/de\/wp-json\/wp\/v2\/media?parent=42063"}],"wp:term":[{"taxonomy":"product_brand","embeddable":true,"href":"https:\/\/www.pharmacieonline.lu\/de\/wp-json\/wp\/v2\/product_brand?post=42063"},{"taxonomy":"product_cat","embeddable":true,"href":"https:\/\/www.pharmacieonline.lu\/de\/wp-json\/wp\/v2\/product_cat?post=42063"},{"taxonomy":"product_tag","embeddable":true,"href":"https:\/\/www.pharmacieonline.lu\/de\/wp-json\/wp\/v2\/product_tag?post=42063"}],"curies":[{"name":"wp","href":"https:\/\/api.w.org\/{rel}","templated":true}]}}