{"id":42183,"date":"2024-01-04T18:13:54","date_gmt":"2024-01-04T17:13:54","guid":{"rendered":"https:\/\/www.pharmacieonline.lu\/?post_type=product&#038;p=42183"},"modified":"2026-04-07T15:55:15","modified_gmt":"2026-04-07T13:55:15","slug":"wepa-heisse-zitrone-10x10g","status":"publish","type":"product","link":"https:\/\/www.pharmacieonline.lu\/de\/produit\/wepa-heisse-zitrone-10x10g\/","title":{"rendered":"WEPA HEISSE ZITRONE 10X"},"content":{"rendered":"<p>Vitamin C tr\u00e4gt zur normalen Funktion des Nervensystems, zum normalen Energiestoffwechsel und zum Schutz der Zellen vor oxidativem Stress bei.<\/p>\n<p>Dar\u00fcber hinaus hilft Vitamin C, M\u00fcdigkeit und Ersch\u00f6pfung zu reduzieren und die Eisenaufnahme zu erh\u00f6hen.<\/p>\n<p>Vitamin C tr\u00e4gt zu einer normalen Funktion des Immunsystems bei.<\/p>\n<p>Zitronengeschmack<\/p>\n<p>VERWENDEN<br \/>\nEinmal t\u00e4glich 150 bis 200 ml hei\u00dfes, nicht kochendes oder kaltes Wasser in ein Glas oder eine Tasse gie\u00dfen und den Inhalt des Beutels vermengen.<\/p>\n<p>In hei\u00dfem Wasser aufgel\u00f6st sorgt WEPA Hot Lemon besonders in der feucht-kalten Jahreszeit f\u00fcr Wohlgef\u00fchl. In kaltem Wasser aufgel\u00f6st hat WEPA Hot Lemon einen herrlich erfrischenden Geschmack.<\/p>\n<p>KOMPOSITION<br \/>\nZucker, S\u00e4uerungsmittel Citronens\u00e4ure, L-Ascorbins\u00e4ure, Maltodextrin, Zitronensaftkonzentrat (0,8 %), nat\u00fcrliche Aromen, S\u00e4ureregulator Calciumcarbonat, Trennmittel Siliciumdioxid, S\u00fc\u00dfungsmittel Sucralose.<\/p>","protected":false},"excerpt":{"rendered":"<p>Vitamin C tr\u00e4gt zur normalen Funktion des Nervensystems, zum normalen Energiestoffwechsel und zum Schutz der Zellen vor oxidativem Stress bei. Dar\u00fcber hinaus hilft Vitamin C, M\u00fcdigkeit und Ersch\u00f6pfung zu reduzieren und die Eisenaufnahme zu erh\u00f6hen. Vitamin C tr\u00e4gt zu einer normalen Funktion des Immunsystems bei. Zitronengeschmack VERWENDEN Einmal t\u00e4glich 150 bis 200 ml hei\u00dfes, nicht [&hellip;]<\/p>\n","protected":false},"featured_media":42185,"template":"","meta":{"_acf_changed":false,"footnotes":""},"product_brand":[],"product_cat":[42,81,953],"product_tag":[],"class_list":{"0":"post-42183","1":"product","2":"type-product","3":"status-publish","4":"has-post-thumbnail","6":"product_cat-para-pharmacie","7":"product_cat-stimulants-de-limmunite","8":"product_cat-complements-alimentaires","10":"first","11":"instock","12":"taxable","13":"shipping-taxable","14":"purchasable","15":"product-type-simple"},"acf":[],"_links":{"self":[{"href":"https:\/\/www.pharmacieonline.lu\/de\/wp-json\/wp\/v2\/product\/42183","targetHints":{"allow":["GET"]}}],"collection":[{"href":"https:\/\/www.pharmacieonline.lu\/de\/wp-json\/wp\/v2\/product"}],"about":[{"href":"https:\/\/www.pharmacieonline.lu\/de\/wp-json\/wp\/v2\/types\/product"}],"version-history":[{"count":0,"href":"https:\/\/www.pharmacieonline.lu\/de\/wp-json\/wp\/v2\/product\/42183\/revisions"}],"wp:featuredmedia":[{"embeddable":true,"href":"https:\/\/www.pharmacieonline.lu\/de\/wp-json\/wp\/v2\/media\/42185"}],"wp:attachment":[{"href":"https:\/\/www.pharmacieonline.lu\/de\/wp-json\/wp\/v2\/media?parent=42183"}],"wp:term":[{"taxonomy":"product_brand","embeddable":true,"href":"https:\/\/www.pharmacieonline.lu\/de\/wp-json\/wp\/v2\/product_brand?post=42183"},{"taxonomy":"product_cat","embeddable":true,"href":"https:\/\/www.pharmacieonline.lu\/de\/wp-json\/wp\/v2\/product_cat?post=42183"},{"taxonomy":"product_tag","embeddable":true,"href":"https:\/\/www.pharmacieonline.lu\/de\/wp-json\/wp\/v2\/product_tag?post=42183"}],"curies":[{"name":"wp","href":"https:\/\/api.w.org\/{rel}","templated":true}]}}