{"id":42278,"date":"2024-01-09T11:15:47","date_gmt":"2024-01-09T10:15:47","guid":{"rendered":"https:\/\/www.pharmacieonline.lu\/?post_type=product&#038;p=42278"},"modified":"2026-04-11T06:25:37","modified_gmt":"2026-04-11T04:25:37","slug":"bio-biloba-60-cpr","status":"publish","type":"product","link":"https:\/\/www.pharmacieonline.lu\/de\/produit\/bio-biloba-60-cpr\/","title":{"rendered":"BIO BILOBA 60 CPR"},"content":{"rendered":"<p>Gut f\u00fcr Ged\u00e4chtnis und Konzentration sowie gegen kalte H\u00e4nde und F\u00fc\u00dfe.<\/p>\n<p>INDIKATION<\/p>\n<p>Hilft bei der Aufrechterhaltung einer guten kognitiven Funktion. Gut f\u00fcr die Konzentration. Hilft bei der Aufrechterhaltung einer guten Blutzirkulation. Bei kalten H\u00e4nden und F\u00fc\u00dfen.<\/p>\n<p>VERWENDEN<br \/>\n1 Tablette pro Tag, vorzugsweise w\u00e4hrend einer Mahlzeit eingenommen. Geeignet f\u00fcr Vegetarier.<\/p>\n<p>KOMPOSITION<br \/>\nF\u00fcllstoff: mikrokristalline Cellulose; Standardisierter Extrakt aus Ginkgo biloba (60 mg, einschlie\u00dflich Flavonolglykoside 14,4 mg (24 %) und Terpenlactone 3,6 mg (6 %); \u00dcberzugsmittel: Hypromellose und Talkum; Festigungsmittel: Talkum und Siliziumdioxid; Farbstoffe: Titandioxid und Riboflavin; Anti -Backmittel: Magnesiumsalze von Speisefetts\u00e4uren<\/p>","protected":false},"excerpt":{"rendered":"<p>Gut f\u00fcr Ged\u00e4chtnis und Konzentration sowie gegen kalte H\u00e4nde und F\u00fc\u00dfe. INDIKATION Hilft bei der Aufrechterhaltung einer guten kognitiven Funktion. Gut f\u00fcr die Konzentration. Hilft bei der Aufrechterhaltung einer guten Blutzirkulation. Bei kalten H\u00e4nden und F\u00fc\u00dfen. VERWENDEN 1 Tablette pro Tag, vorzugsweise w\u00e4hrend einer Mahlzeit eingenommen. Geeignet f\u00fcr Vegetarier. KOMPOSITION F\u00fcllstoff: mikrokristalline Cellulose; Standardisierter Extrakt [&hellip;]<\/p>\n","protected":false},"featured_media":42279,"template":"","meta":{"_acf_changed":false,"footnotes":""},"product_brand":[],"product_cat":[953],"product_tag":[],"class_list":{"0":"post-42278","1":"product","2":"type-product","3":"status-publish","4":"has-post-thumbnail","6":"product_cat-complements-alimentaires","8":"first","9":"instock","10":"taxable","11":"shipping-taxable","12":"purchasable","13":"product-type-simple"},"acf":[],"_links":{"self":[{"href":"https:\/\/www.pharmacieonline.lu\/de\/wp-json\/wp\/v2\/product\/42278","targetHints":{"allow":["GET"]}}],"collection":[{"href":"https:\/\/www.pharmacieonline.lu\/de\/wp-json\/wp\/v2\/product"}],"about":[{"href":"https:\/\/www.pharmacieonline.lu\/de\/wp-json\/wp\/v2\/types\/product"}],"version-history":[{"count":0,"href":"https:\/\/www.pharmacieonline.lu\/de\/wp-json\/wp\/v2\/product\/42278\/revisions"}],"wp:featuredmedia":[{"embeddable":true,"href":"https:\/\/www.pharmacieonline.lu\/de\/wp-json\/wp\/v2\/media\/42279"}],"wp:attachment":[{"href":"https:\/\/www.pharmacieonline.lu\/de\/wp-json\/wp\/v2\/media?parent=42278"}],"wp:term":[{"taxonomy":"product_brand","embeddable":true,"href":"https:\/\/www.pharmacieonline.lu\/de\/wp-json\/wp\/v2\/product_brand?post=42278"},{"taxonomy":"product_cat","embeddable":true,"href":"https:\/\/www.pharmacieonline.lu\/de\/wp-json\/wp\/v2\/product_cat?post=42278"},{"taxonomy":"product_tag","embeddable":true,"href":"https:\/\/www.pharmacieonline.lu\/de\/wp-json\/wp\/v2\/product_tag?post=42278"}],"curies":[{"name":"wp","href":"https:\/\/api.w.org\/{rel}","templated":true}]}}