{"id":42281,"date":"2024-01-09T11:19:51","date_gmt":"2024-01-09T10:19:51","guid":{"rendered":"https:\/\/www.pharmacieonline.lu\/?post_type=product&#038;p=42281"},"modified":"2026-04-08T19:55:14","modified_gmt":"2026-04-08T17:55:14","slug":"biocarde-30-ml","status":"publish","type":"product","link":"https:\/\/www.pharmacieonline.lu\/de\/produit\/biocarde-30-ml\/","title":{"rendered":"BIOCARDE 30 ML"},"content":{"rendered":"<p>Dieses Arzneimittel enth\u00e4lt beruhigende Pflanzenextrakte.<\/p>\n<p>Es wird traditionell zur symptomatischen Behandlung von Nervosit\u00e4t eingesetzt, insbesondere bei leichten Schlafst\u00f6rungen bei Erwachsenen und Kindern, sowie zur Behandlung von Herzklopfen bei Erwachsenen.<\/p>","protected":false},"excerpt":{"rendered":"<p>Dieses Arzneimittel enth\u00e4lt beruhigende Pflanzenextrakte. Es wird traditionell zur symptomatischen Behandlung von Nervosit\u00e4t eingesetzt, insbesondere bei leichten Schlafst\u00f6rungen bei Erwachsenen und Kindern, sowie zur Behandlung von Herzklopfen bei Erwachsenen.<\/p>\n","protected":false},"featured_media":42282,"template":"","meta":{"_acf_changed":false,"footnotes":""},"product_brand":[],"product_cat":[88],"product_tag":[],"class_list":{"0":"post-42281","1":"product","2":"type-product","3":"status-publish","4":"has-post-thumbnail","6":"product_cat-homeopathie","8":"first","9":"instock","10":"taxable","11":"shipping-taxable","12":"purchasable","13":"product-type-simple"},"acf":[],"_links":{"self":[{"href":"https:\/\/www.pharmacieonline.lu\/de\/wp-json\/wp\/v2\/product\/42281","targetHints":{"allow":["GET"]}}],"collection":[{"href":"https:\/\/www.pharmacieonline.lu\/de\/wp-json\/wp\/v2\/product"}],"about":[{"href":"https:\/\/www.pharmacieonline.lu\/de\/wp-json\/wp\/v2\/types\/product"}],"version-history":[{"count":0,"href":"https:\/\/www.pharmacieonline.lu\/de\/wp-json\/wp\/v2\/product\/42281\/revisions"}],"wp:featuredmedia":[{"embeddable":true,"href":"https:\/\/www.pharmacieonline.lu\/de\/wp-json\/wp\/v2\/media\/42282"}],"wp:attachment":[{"href":"https:\/\/www.pharmacieonline.lu\/de\/wp-json\/wp\/v2\/media?parent=42281"}],"wp:term":[{"taxonomy":"product_brand","embeddable":true,"href":"https:\/\/www.pharmacieonline.lu\/de\/wp-json\/wp\/v2\/product_brand?post=42281"},{"taxonomy":"product_cat","embeddable":true,"href":"https:\/\/www.pharmacieonline.lu\/de\/wp-json\/wp\/v2\/product_cat?post=42281"},{"taxonomy":"product_tag","embeddable":true,"href":"https:\/\/www.pharmacieonline.lu\/de\/wp-json\/wp\/v2\/product_tag?post=42281"}],"curies":[{"name":"wp","href":"https:\/\/api.w.org\/{rel}","templated":true}]}}