{"id":42287,"date":"2024-01-09T11:26:58","date_gmt":"2024-01-09T10:26:58","guid":{"rendered":"https:\/\/www.pharmacieonline.lu\/?post_type=product&#038;p=42287"},"modified":"2026-04-11T08:55:13","modified_gmt":"2026-04-11T06:55:13","slug":"bio-carnitine-50-caps","status":"publish","type":"product","link":"https:\/\/www.pharmacieonline.lu\/de\/produit\/bio-carnitine-50-caps\/","title":{"rendered":"BIO CARNITINE 50 CAPS"},"content":{"rendered":"<p>Reine Quelle und identisch mit nat\u00fcrlichem L-Carnitin.<\/p>\n<p>Indikation<\/p>\n<p>Aminos\u00e4ure f\u00fcr Sportler<\/p>\n<p>Verwenden<br \/>\n1 bis 6 Kapseln pro Tag, vorzugsweise w\u00e4hrend einer Mahlzeit eingenommen. Kann eine abwechslungsreiche und ausgewogene Ern\u00e4hrung nicht ersetzen. Es ist wichtig, einen gesunden Lebensstil zu haben.<\/p>\n<p>Komposition<br \/>\nZutaten pro Kapsel:<br \/>\nL-Cartinin 250 mg pro Kapsel; L-Carnitin, L-Tartrat, mikrokristalliner Cellulose-F\u00fcllstoff, \u00dcberzugsmittel: Hypromellose, Trennmittel: Magnesiumsalze von Speisefetts\u00e4uren, Festigungsmittel: Siliziumdioxid, Farbstoff: Titandioxid<\/p>","protected":false},"excerpt":{"rendered":"<p>Reine Quelle und identisch mit nat\u00fcrlichem L-Carnitin. Indikation Aminos\u00e4ure f\u00fcr Sportler Verwenden 1 bis 6 Kapseln pro Tag, vorzugsweise w\u00e4hrend einer Mahlzeit eingenommen. Kann eine abwechslungsreiche und ausgewogene Ern\u00e4hrung nicht ersetzen. Es ist wichtig, einen gesunden Lebensstil zu haben. Komposition Zutaten pro Kapsel: L-Cartinin 250 mg pro Kapsel; L-Carnitin, L-Tartrat, mikrokristalliner Cellulose-F\u00fcllstoff, \u00dcberzugsmittel: Hypromellose, Trennmittel: [&hellip;]<\/p>\n","protected":false},"featured_media":42293,"template":"","meta":{"_acf_changed":false,"footnotes":""},"product_brand":[],"product_cat":[953],"product_tag":[],"class_list":{"0":"post-42287","1":"product","2":"type-product","3":"status-publish","4":"has-post-thumbnail","6":"product_cat-complements-alimentaires","8":"first","9":"outofstock","10":"taxable","11":"shipping-taxable","12":"purchasable","13":"product-type-simple"},"acf":[],"_links":{"self":[{"href":"https:\/\/www.pharmacieonline.lu\/de\/wp-json\/wp\/v2\/product\/42287","targetHints":{"allow":["GET"]}}],"collection":[{"href":"https:\/\/www.pharmacieonline.lu\/de\/wp-json\/wp\/v2\/product"}],"about":[{"href":"https:\/\/www.pharmacieonline.lu\/de\/wp-json\/wp\/v2\/types\/product"}],"version-history":[{"count":0,"href":"https:\/\/www.pharmacieonline.lu\/de\/wp-json\/wp\/v2\/product\/42287\/revisions"}],"wp:featuredmedia":[{"embeddable":true,"href":"https:\/\/www.pharmacieonline.lu\/de\/wp-json\/wp\/v2\/media\/42293"}],"wp:attachment":[{"href":"https:\/\/www.pharmacieonline.lu\/de\/wp-json\/wp\/v2\/media?parent=42287"}],"wp:term":[{"taxonomy":"product_brand","embeddable":true,"href":"https:\/\/www.pharmacieonline.lu\/de\/wp-json\/wp\/v2\/product_brand?post=42287"},{"taxonomy":"product_cat","embeddable":true,"href":"https:\/\/www.pharmacieonline.lu\/de\/wp-json\/wp\/v2\/product_cat?post=42287"},{"taxonomy":"product_tag","embeddable":true,"href":"https:\/\/www.pharmacieonline.lu\/de\/wp-json\/wp\/v2\/product_tag?post=42287"}],"curies":[{"name":"wp","href":"https:\/\/api.w.org\/{rel}","templated":true}]}}