{"id":42309,"date":"2024-01-09T11:58:57","date_gmt":"2024-01-09T10:58:57","guid":{"rendered":"https:\/\/www.pharmacieonline.lu\/?post_type=product&#038;p=42309"},"modified":"2026-04-11T08:55:12","modified_gmt":"2026-04-11T06:55:12","slug":"bach-112-inebios-agrimony-10-ml-1","status":"publish","type":"product","link":"https:\/\/www.pharmacieonline.lu\/de\/produit\/bach-112-inebios-agrimony-10-ml-1\/","title":{"rendered":"BACH 112 INEBIOS AGRIMONY 10 ML 1"},"content":{"rendered":"<p>Die Blume: Agrimonia eupatoria<\/p>\n<p>Auf Franz\u00f6sisch: Agrimony.<\/p>\n<p>Emotion: Versteckt Ihre \u00c4ngste hinter einer fr\u00f6hlichen Maske<\/p>\n<p>F\u00fcr Wesen, die fr\u00f6hlich und lachend sind, die den Frieden suchen und die durch Streit oder Streit so sehr verunsichert sind, dass sie bereit sind, viel aufzugeben, um ihn zu bewahren. Wenn sie oft Probleme haben und seelisch oder k\u00f6rperlich gequ\u00e4lt, aufgeregt und besorgt sind, verstecken sie dies hinter Humor und Witzen; Es ist sehr angenehm, mit ihnen zusammen zu sein. Sie neigen dazu, Alkohol oder Drogen zu missbrauchen, um sich zu stimulieren und einen Weg zu finden, ihre Strapazen freudig zu ertragen.<\/p>\n<p>Agrimony erm\u00f6glicht es Ihnen, innere Freude zu finden und f\u00f6rdert die Selbstakzeptanz.<\/p>\n<p>Pr\u00e4sentation: 10-ml-Flasche<br \/>\nDosierung Geben Sie jeweils 4 Tropfen der ausgew\u00e4hlten Elixiere direkt unter die Zunge oder in etwas Wasser. Vorzugsweise morgens auf n\u00fcchternen Magen und abends vor dem Schlafengehen einnehmen. Bei Bedarf zu erneuern.<br \/>\nEmpfehlungen Wenn Sie mehrere Essenzen mischen m\u00f6chten, um auf unterschiedliche Ungleichgewichte zu reagieren, empfehlen wir Ihnen, maximal 5 Elixiere zu verwenden, um die Wirkung zu optimieren.<br \/>\nNahrungserg\u00e4nzungsmittel. Zur Einnahme im Rahmen einer abwechslungsreichen und ausgewogenen Ern\u00e4hrung und eines gesunden Lebensstils. \u00dcberschreiten Sie nicht die angegebenen Mengen. Au\u00dferhalb der Reichweite von Kindern und fern von Hitze und Feuchtigkeit aufbewahren.<\/p>","protected":false},"excerpt":{"rendered":"<p>Die Blume: Agrimonia eupatoria Auf Franz\u00f6sisch: Agrimony. Emotion: Versteckt Ihre \u00c4ngste hinter einer fr\u00f6hlichen Maske F\u00fcr Wesen, die fr\u00f6hlich und lachend sind, die den Frieden suchen und die durch Streit oder Streit so sehr verunsichert sind, dass sie bereit sind, viel aufzugeben, um ihn zu bewahren. Wenn sie oft Probleme haben und seelisch oder k\u00f6rperlich [&hellip;]<\/p>\n","protected":false},"featured_media":42428,"template":"","meta":{"_acf_changed":false,"footnotes":""},"product_brand":[],"product_cat":[88],"product_tag":[],"class_list":{"0":"post-42309","1":"product","2":"type-product","3":"status-publish","4":"has-post-thumbnail","6":"product_cat-homeopathie","8":"first","9":"instock","10":"taxable","11":"shipping-taxable","12":"purchasable","13":"product-type-simple"},"acf":[],"_links":{"self":[{"href":"https:\/\/www.pharmacieonline.lu\/de\/wp-json\/wp\/v2\/product\/42309","targetHints":{"allow":["GET"]}}],"collection":[{"href":"https:\/\/www.pharmacieonline.lu\/de\/wp-json\/wp\/v2\/product"}],"about":[{"href":"https:\/\/www.pharmacieonline.lu\/de\/wp-json\/wp\/v2\/types\/product"}],"version-history":[{"count":0,"href":"https:\/\/www.pharmacieonline.lu\/de\/wp-json\/wp\/v2\/product\/42309\/revisions"}],"wp:featuredmedia":[{"embeddable":true,"href":"https:\/\/www.pharmacieonline.lu\/de\/wp-json\/wp\/v2\/media\/42428"}],"wp:attachment":[{"href":"https:\/\/www.pharmacieonline.lu\/de\/wp-json\/wp\/v2\/media?parent=42309"}],"wp:term":[{"taxonomy":"product_brand","embeddable":true,"href":"https:\/\/www.pharmacieonline.lu\/de\/wp-json\/wp\/v2\/product_brand?post=42309"},{"taxonomy":"product_cat","embeddable":true,"href":"https:\/\/www.pharmacieonline.lu\/de\/wp-json\/wp\/v2\/product_cat?post=42309"},{"taxonomy":"product_tag","embeddable":true,"href":"https:\/\/www.pharmacieonline.lu\/de\/wp-json\/wp\/v2\/product_tag?post=42309"}],"curies":[{"name":"wp","href":"https:\/\/api.w.org\/{rel}","templated":true}]}}