{"id":42322,"date":"2024-01-09T12:01:24","date_gmt":"2024-01-09T11:01:24","guid":{"rendered":"https:\/\/www.pharmacieonline.lu\/?post_type=product&#038;p=42322"},"modified":"2026-04-08T17:55:11","modified_gmt":"2026-04-08T15:55:11","slug":"bach-112-inebios-aspen-10-ml-2","status":"publish","type":"product","link":"https:\/\/www.pharmacieonline.lu\/de\/produit\/bach-112-inebios-aspen-10-ml-2\/","title":{"rendered":"BACH 112 INEBIOS ASPEN 10 ML 2"},"content":{"rendered":"<p>Die Blume: Populus tremula<\/p>\n<p>Auf Franz\u00f6sisch: Zittern.<\/p>\n<p>Die Emotion: Angst vor einer unbestimmten Ursache \u2013 vage Bef\u00fcrchtungen<\/p>\n<p>Vage, undefinierbare Angst unbekannten Ursprungs, f\u00fcr die es keine Erkl\u00e4rung oder Begr\u00fcndung gibt. Ohne zu wissen, was passieren wird, haben wir das schreckliche Gef\u00fchl, dass etwas Schreckliches passieren wird. Diese vagen, unerkl\u00e4rlichen \u00c4ngste k\u00f6nnen nachts oder tags\u00fcber auftreten. Wir z\u00f6gern oft, unsere Probleme anderen anzuvertrauen.<\/p>\n<p>Aspen hilft Ihnen, den Mut zu haben, sich dem Unbekannten zu stellen und es zu akzeptieren.<\/p>\n<p>Pr\u00e4sentation: 10-ml-Flasche<br \/>\nDosierung Geben Sie jeweils 4 Tropfen der ausgew\u00e4hlten Elixiere direkt unter die Zunge oder in etwas Wasser. Vorzugsweise morgens auf n\u00fcchternen Magen und abends vor dem Schlafengehen einnehmen. Bei Bedarf zu erneuern.<br \/>\nEmpfehlungen Wenn Sie mehrere Essenzen mischen m\u00f6chten, um auf unterschiedliche Ungleichgewichte zu reagieren, empfehlen wir Ihnen, maximal 5 Elixiere zu verwenden, um die Wirkung zu optimieren.<br \/>\nNahrungserg\u00e4nzungsmittel. Zur Einnahme im Rahmen einer abwechslungsreichen und ausgewogenen Ern\u00e4hrung und eines gesunden Lebensstils. \u00dcberschreiten Sie nicht die angegebenen Mengen. Au\u00dferhalb der Reichweite von Kindern und fern von Hitze und Feuchtigkeit aufbewahren.<\/p>","protected":false},"excerpt":{"rendered":"<p>Die Blume: Populus tremula Auf Franz\u00f6sisch: Zittern. Die Emotion: Angst vor einer unbestimmten Ursache \u2013 vage Bef\u00fcrchtungen Vage, undefinierbare Angst unbekannten Ursprungs, f\u00fcr die es keine Erkl\u00e4rung oder Begr\u00fcndung gibt. Ohne zu wissen, was passieren wird, haben wir das schreckliche Gef\u00fchl, dass etwas Schreckliches passieren wird. Diese vagen, unerkl\u00e4rlichen \u00c4ngste k\u00f6nnen nachts oder tags\u00fcber auftreten. [&hellip;]<\/p>\n","protected":false},"featured_media":42435,"template":"","meta":{"_acf_changed":false,"footnotes":""},"product_brand":[],"product_cat":[88],"product_tag":[],"class_list":{"0":"post-42322","1":"product","2":"type-product","3":"status-publish","4":"has-post-thumbnail","6":"product_cat-homeopathie","8":"first","9":"instock","10":"taxable","11":"shipping-taxable","12":"purchasable","13":"product-type-simple"},"acf":[],"_links":{"self":[{"href":"https:\/\/www.pharmacieonline.lu\/de\/wp-json\/wp\/v2\/product\/42322","targetHints":{"allow":["GET"]}}],"collection":[{"href":"https:\/\/www.pharmacieonline.lu\/de\/wp-json\/wp\/v2\/product"}],"about":[{"href":"https:\/\/www.pharmacieonline.lu\/de\/wp-json\/wp\/v2\/types\/product"}],"version-history":[{"count":0,"href":"https:\/\/www.pharmacieonline.lu\/de\/wp-json\/wp\/v2\/product\/42322\/revisions"}],"wp:featuredmedia":[{"embeddable":true,"href":"https:\/\/www.pharmacieonline.lu\/de\/wp-json\/wp\/v2\/media\/42435"}],"wp:attachment":[{"href":"https:\/\/www.pharmacieonline.lu\/de\/wp-json\/wp\/v2\/media?parent=42322"}],"wp:term":[{"taxonomy":"product_brand","embeddable":true,"href":"https:\/\/www.pharmacieonline.lu\/de\/wp-json\/wp\/v2\/product_brand?post=42322"},{"taxonomy":"product_cat","embeddable":true,"href":"https:\/\/www.pharmacieonline.lu\/de\/wp-json\/wp\/v2\/product_cat?post=42322"},{"taxonomy":"product_tag","embeddable":true,"href":"https:\/\/www.pharmacieonline.lu\/de\/wp-json\/wp\/v2\/product_tag?post=42322"}],"curies":[{"name":"wp","href":"https:\/\/api.w.org\/{rel}","templated":true}]}}