{"id":42331,"date":"2024-01-09T13:22:24","date_gmt":"2024-01-09T12:22:24","guid":{"rendered":"https:\/\/www.pharmacieonline.lu\/?post_type=product&#038;p=42331"},"modified":"2026-04-08T19:55:14","modified_gmt":"2026-04-08T17:55:14","slug":"bach-112-inebios-beech-10-ml-3","status":"publish","type":"product","link":"https:\/\/www.pharmacieonline.lu\/de\/produit\/bach-112-inebios-beech-10-ml-3\/","title":{"rendered":"BACH 112 INEBIOS BEECH 10 ML 3"},"content":{"rendered":"<p>Die Bl\u00fcte: Fagus silvatica<\/p>\n<p>Auf Franz\u00f6sisch: Buche.<br \/>\nDie Emotion: Kritisch \u2013 intolerant<\/p>\n<p>F\u00fcr diejenigen, die immer alles um sich herum verbessern wollen, f\u00fcr die nichts gut genug ist und die immer besser werden k\u00f6nnen. K\u00f6nnen sie auf diese Weise toleranter, vers\u00f6hnlicher und offener gegen\u00fcber den unterschiedlichen Wegen sein, die alle Wesen einschlagen, um ihre eigene Vollkommenheit zu erreichen?<\/p>\n<p>Die\u00a0Buche\u00a0mildert Intoleranz gegen\u00fcber den Manieren anderer, Vorurteile, die Tendenz zur Kritik, zum Urteilen.<\/p>\n<p>Pr\u00e4sentation: 10-ml-Flasche<br \/>\nDosierung Geben Sie jeweils 4 Tropfen der ausgew\u00e4hlten Elixiere direkt unter die Zunge oder in etwas Wasser. Vorzugsweise morgens auf n\u00fcchternen Magen und abends vor dem Schlafengehen einnehmen. Bei Bedarf zu erneuern.<br \/>\nEmpfehlungen Wenn Sie mehrere Essenzen mischen m\u00f6chten, um auf unterschiedliche Ungleichgewichte zu reagieren, empfehlen wir Ihnen, maximal 5 Elixiere zu verwenden, um die Wirkung zu optimieren.<br \/>\nNahrungserg\u00e4nzungsmittel. Zur Einnahme im Rahmen einer abwechslungsreichen und ausgewogenen Ern\u00e4hrung und eines gesunden Lebensstils. \u00dcberschreiten Sie nicht die angegebenen Mengen. Au\u00dferhalb der Reichweite von Kindern und fern von Hitze und Feuchtigkeit aufbewahren.<\/p>","protected":false},"excerpt":{"rendered":"<p>Die Bl\u00fcte: Fagus silvatica Auf Franz\u00f6sisch: Buche. Die Emotion: Kritisch \u2013 intolerant F\u00fcr diejenigen, die immer alles um sich herum verbessern wollen, f\u00fcr die nichts gut genug ist und die immer besser werden k\u00f6nnen. K\u00f6nnen sie auf diese Weise toleranter, vers\u00f6hnlicher und offener gegen\u00fcber den unterschiedlichen Wegen sein, die alle Wesen einschlagen, um ihre eigene [&hellip;]<\/p>\n","protected":false},"featured_media":42441,"template":"","meta":{"_acf_changed":false,"footnotes":""},"product_brand":[],"product_cat":[88],"product_tag":[],"class_list":{"0":"post-42331","1":"product","2":"type-product","3":"status-publish","4":"has-post-thumbnail","6":"product_cat-homeopathie","8":"first","9":"outofstock","10":"taxable","11":"shipping-taxable","12":"purchasable","13":"product-type-simple"},"acf":[],"_links":{"self":[{"href":"https:\/\/www.pharmacieonline.lu\/de\/wp-json\/wp\/v2\/product\/42331","targetHints":{"allow":["GET"]}}],"collection":[{"href":"https:\/\/www.pharmacieonline.lu\/de\/wp-json\/wp\/v2\/product"}],"about":[{"href":"https:\/\/www.pharmacieonline.lu\/de\/wp-json\/wp\/v2\/types\/product"}],"version-history":[{"count":0,"href":"https:\/\/www.pharmacieonline.lu\/de\/wp-json\/wp\/v2\/product\/42331\/revisions"}],"wp:featuredmedia":[{"embeddable":true,"href":"https:\/\/www.pharmacieonline.lu\/de\/wp-json\/wp\/v2\/media\/42441"}],"wp:attachment":[{"href":"https:\/\/www.pharmacieonline.lu\/de\/wp-json\/wp\/v2\/media?parent=42331"}],"wp:term":[{"taxonomy":"product_brand","embeddable":true,"href":"https:\/\/www.pharmacieonline.lu\/de\/wp-json\/wp\/v2\/product_brand?post=42331"},{"taxonomy":"product_cat","embeddable":true,"href":"https:\/\/www.pharmacieonline.lu\/de\/wp-json\/wp\/v2\/product_cat?post=42331"},{"taxonomy":"product_tag","embeddable":true,"href":"https:\/\/www.pharmacieonline.lu\/de\/wp-json\/wp\/v2\/product_tag?post=42331"}],"curies":[{"name":"wp","href":"https:\/\/api.w.org\/{rel}","templated":true}]}}