{"id":42343,"date":"2024-01-09T15:36:59","date_gmt":"2024-01-09T14:36:59","guid":{"rendered":"https:\/\/www.pharmacieonline.lu\/?post_type=product&#038;p=42343"},"modified":"2026-04-09T01:55:15","modified_gmt":"2026-04-08T23:55:15","slug":"bach-112-inebios-cerato-10-ml-5","status":"publish","type":"product","link":"https:\/\/www.pharmacieonline.lu\/de\/produit\/bach-112-inebios-cerato-10-ml-5\/","title":{"rendered":"BACH 112 INEBIOS CERATO 10 ML 5"},"content":{"rendered":"<p>Die Blume: Cerato stigmawillmottiana<\/p>\n<p>Auf Franz\u00f6sisch: Plumbago.<\/p>\n<p>Emotion: H\u00f6rt nicht auf Ihre Intuition, verl\u00e4sst sich auf die Meinungen anderer<\/p>\n<p>Exotische Pflanze aus Tibet. Bachbl\u00fcten sollten normalerweise Wildsorten sein, diese hier ist eine Ausnahme.<br \/>\nEs wurde erstmals 1908 in Gro\u00dfbritannien eingef\u00fchrt und hat sich nicht eingeb\u00fcrgert. Doktor Bach dachte zun\u00e4chst, er k\u00f6nne eine gleichwertige englische Pflanze finden, doch ohne Erfolg.<\/p>\n<p>Der Plumbago braucht einen warmen und sonnigen Ort zum Gedeihen. Es wird in G\u00e4rten als Zierstrauch angebaut.<br \/>\nF\u00fcr diejenigen, die nicht genug Selbstvertrauen haben, um ihre eigenen Entscheidungen zu treffen. Sie fragen st\u00e4ndig andere nach ihrer Meinung und erhalten oft schlechte Ratschl\u00e4ge.<\/p>\n<p>Der Plumbago wird ihnen helfen, ihren Intuitionen zu folgen und den Mut zu ihren \u00dcberzeugungen zu haben.<\/p>\n<p>Pr\u00e4sentation: 10-ml-Flasche<br \/>\nDosierung Geben Sie jeweils 4 Tropfen der ausgew\u00e4hlten Elixiere direkt unter die Zunge oder in etwas Wasser. Vorzugsweise morgens auf n\u00fcchternen Magen und abends vor dem Schlafengehen einnehmen. Bei Bedarf zu erneuern.<br \/>\nEmpfehlungen Wenn Sie mehrere Essenzen mischen m\u00f6chten, um auf unterschiedliche Ungleichgewichte zu reagieren, empfehlen wir Ihnen, maximal 5 Elixiere zu verwenden, um die Wirkung zu optimieren.<br \/>\nNahrungserg\u00e4nzungsmittel. Zur Einnahme im Rahmen einer abwechslungsreichen und ausgewogenen Ern\u00e4hrung und eines gesunden Lebensstils. \u00dcberschreiten Sie nicht die angegebenen Mengen. Au\u00dferhalb der Reichweite von Kindern und fern von Hitze und Feuchtigkeit aufbewahren.<\/p>","protected":false},"excerpt":{"rendered":"<p>Die Blume: Cerato stigmawillmottiana Auf Franz\u00f6sisch: Plumbago. Emotion: H\u00f6rt nicht auf Ihre Intuition, verl\u00e4sst sich auf die Meinungen anderer Exotische Pflanze aus Tibet. Bachbl\u00fcten sollten normalerweise Wildsorten sein, diese hier ist eine Ausnahme. Es wurde erstmals 1908 in Gro\u00dfbritannien eingef\u00fchrt und hat sich nicht eingeb\u00fcrgert. Doktor Bach dachte zun\u00e4chst, er k\u00f6nne eine gleichwertige englische Pflanze [&hellip;]<\/p>\n","protected":false},"featured_media":42446,"template":"","meta":{"_acf_changed":false,"footnotes":""},"product_brand":[],"product_cat":[88],"product_tag":[],"class_list":{"0":"post-42343","1":"product","2":"type-product","3":"status-publish","4":"has-post-thumbnail","6":"product_cat-homeopathie","8":"first","9":"outofstock","10":"taxable","11":"shipping-taxable","12":"purchasable","13":"product-type-simple"},"acf":[],"_links":{"self":[{"href":"https:\/\/www.pharmacieonline.lu\/de\/wp-json\/wp\/v2\/product\/42343","targetHints":{"allow":["GET"]}}],"collection":[{"href":"https:\/\/www.pharmacieonline.lu\/de\/wp-json\/wp\/v2\/product"}],"about":[{"href":"https:\/\/www.pharmacieonline.lu\/de\/wp-json\/wp\/v2\/types\/product"}],"version-history":[{"count":0,"href":"https:\/\/www.pharmacieonline.lu\/de\/wp-json\/wp\/v2\/product\/42343\/revisions"}],"wp:featuredmedia":[{"embeddable":true,"href":"https:\/\/www.pharmacieonline.lu\/de\/wp-json\/wp\/v2\/media\/42446"}],"wp:attachment":[{"href":"https:\/\/www.pharmacieonline.lu\/de\/wp-json\/wp\/v2\/media?parent=42343"}],"wp:term":[{"taxonomy":"product_brand","embeddable":true,"href":"https:\/\/www.pharmacieonline.lu\/de\/wp-json\/wp\/v2\/product_brand?post=42343"},{"taxonomy":"product_cat","embeddable":true,"href":"https:\/\/www.pharmacieonline.lu\/de\/wp-json\/wp\/v2\/product_cat?post=42343"},{"taxonomy":"product_tag","embeddable":true,"href":"https:\/\/www.pharmacieonline.lu\/de\/wp-json\/wp\/v2\/product_tag?post=42343"}],"curies":[{"name":"wp","href":"https:\/\/api.w.org\/{rel}","templated":true}]}}