{"id":42419,"date":"2024-01-09T15:33:48","date_gmt":"2024-01-09T14:33:48","guid":{"rendered":"https:\/\/www.pharmacieonline.lu\/?post_type=product&#038;p=42419"},"modified":"2026-04-14T14:25:30","modified_gmt":"2026-04-14T12:25:30","slug":"bioleine-omega-3-180-caps","status":"publish","type":"product","link":"https:\/\/www.pharmacieonline.lu\/de\/produit\/bioleine-omega-3-180-caps\/","title":{"rendered":"BIOLEINE OMEGA 3 180 CAPS"},"content":{"rendered":"<p>Verwenden<br \/>\n1 bis 5 Kapseln pro Tag. Vorsichtsma\u00dfnahmen f\u00fcr die Anwendung Verbrauchern wird empfohlen, die t\u00e4gliche Aufnahme von 5 g EPA und DHA zusammen nicht zu \u00fcberschreiten.<\/p>\n<p>Komposition<br \/>\n1000 mg Fisch\u00f6l mit einem Gesamtgehalt von mindestens 54 % an mehrfach unges\u00e4ttigten Omega-3-Fetts\u00e4uren, einschlie\u00dflich mindestens 27 % EPA und mindestens 17 % DHA, mit einem nat\u00fcrlichen Tocopherolgehalt von 0,21 % bis 0,28 %.<\/p>","protected":false},"excerpt":{"rendered":"<p>Verwenden 1 bis 5 Kapseln pro Tag. Vorsichtsma\u00dfnahmen f\u00fcr die Anwendung Verbrauchern wird empfohlen, die t\u00e4gliche Aufnahme von 5 g EPA und DHA zusammen nicht zu \u00fcberschreiten. Komposition 1000 mg Fisch\u00f6l mit einem Gesamtgehalt von mindestens 54 % an mehrfach unges\u00e4ttigten Omega-3-Fetts\u00e4uren, einschlie\u00dflich mindestens 27 % EPA und mindestens 17 % DHA, mit einem nat\u00fcrlichen [&hellip;]<\/p>\n","protected":false},"featured_media":42421,"template":"","meta":{"_acf_changed":false,"footnotes":""},"product_brand":[],"product_cat":[953,90],"product_tag":[],"class_list":{"0":"post-42419","1":"product","2":"type-product","3":"status-publish","4":"has-post-thumbnail","6":"product_cat-complements-alimentaires","7":"product_cat-yeux","9":"first","10":"outofstock","11":"taxable","12":"shipping-taxable","13":"purchasable","14":"product-type-simple"},"acf":[],"_links":{"self":[{"href":"https:\/\/www.pharmacieonline.lu\/de\/wp-json\/wp\/v2\/product\/42419","targetHints":{"allow":["GET"]}}],"collection":[{"href":"https:\/\/www.pharmacieonline.lu\/de\/wp-json\/wp\/v2\/product"}],"about":[{"href":"https:\/\/www.pharmacieonline.lu\/de\/wp-json\/wp\/v2\/types\/product"}],"version-history":[{"count":0,"href":"https:\/\/www.pharmacieonline.lu\/de\/wp-json\/wp\/v2\/product\/42419\/revisions"}],"wp:featuredmedia":[{"embeddable":true,"href":"https:\/\/www.pharmacieonline.lu\/de\/wp-json\/wp\/v2\/media\/42421"}],"wp:attachment":[{"href":"https:\/\/www.pharmacieonline.lu\/de\/wp-json\/wp\/v2\/media?parent=42419"}],"wp:term":[{"taxonomy":"product_brand","embeddable":true,"href":"https:\/\/www.pharmacieonline.lu\/de\/wp-json\/wp\/v2\/product_brand?post=42419"},{"taxonomy":"product_cat","embeddable":true,"href":"https:\/\/www.pharmacieonline.lu\/de\/wp-json\/wp\/v2\/product_cat?post=42419"},{"taxonomy":"product_tag","embeddable":true,"href":"https:\/\/www.pharmacieonline.lu\/de\/wp-json\/wp\/v2\/product_tag?post=42419"}],"curies":[{"name":"wp","href":"https:\/\/api.w.org\/{rel}","templated":true}]}}