{"id":42427,"date":"2024-01-09T15:41:33","date_gmt":"2024-01-09T14:41:33","guid":{"rendered":"https:\/\/www.pharmacieonline.lu\/?post_type=product&#038;p=42427"},"modified":"2026-04-14T13:55:14","modified_gmt":"2026-04-14T11:55:14","slug":"bioleine-90-gel","status":"publish","type":"product","link":"https:\/\/www.pharmacieonline.lu\/de\/produit\/bioleine-90-gel\/","title":{"rendered":"BIOLEINE 90 GEL"},"content":{"rendered":"<p>Omega-3-Fetts\u00e4uren wurden in den 1970er Jahren von d\u00e4nischen Forschern entdeckt, die die Analogie zwischen der geringen H\u00e4ufigkeit von Herz-Kreislauf-Erkrankungen bei den gr\u00f6nl\u00e4ndischen Eskimos und ihrer Ern\u00e4hrung, die besonders reich an fetten Fischarten ist, im Vergleich zur Bev\u00f6lkerung des europ\u00e4ischen Kontinents hervorhoben. Diese Fischarten enthalten eine gro\u00dfe Menge mehrfach unges\u00e4ttigter Fetts\u00e4uren vom Typ Omega-3, die f\u00fcr den Aufbau und die Funktion unserer Zellen notwendig sind. Sie sind wichtig, um das reibungslose Funktionieren des K\u00f6rpers sicherzustellen.<\/p>\n<p>Zahlreiche Studien wurden durchgef\u00fchrt, um die positive Wirkung von Omega-3 (von der EFSA best\u00e4tigte Angaben) auf Folgendes zu belegen:<\/p>\n<p>Das Herz-Kreislauf-System;<br \/>\nfetale und kindliche Entwicklung;<br \/>\ndas Wohlbefinden schwangerer oder stillender Frauen;<br \/>\nAufrechterhaltung der intellektuellen F\u00e4higkeiten;<br \/>\nVision.<\/p>\n<p>Biol\u00e9in enth\u00e4lt wildes Fisch\u00f6l, das aus Fischarten gewonnen wird, die von Natur aus reich an Omega-3-Fetts\u00e4uren sind. Dank des \u00d6lreinigungsprozesses wird ein \u00d6l frei von Schadstoffen (Schadstoffe, Pestizide, Schwermetalle) und Cholesterin erhalten.<\/p>\n<p>Indikation<br \/>\nHerz-Kreislauf &#8211; Entwicklung des F\u00f6tus und Kindes &#8211; Wohlbefinden schwangerer oder stillender Frauen &#8211; Ansicht<\/p>\n<p>Verwenden<br \/>\n1 bis 4 Weichkapsel(n) pro Tag, vorzugsweise vor den Hauptmahlzeiten, mit einem Glas Wasser einnehmen.<\/p>\n<p>Komposition<br \/>\n4000 mg Fisch\u00f6l mit einem Gesamtgehalt von 2600 mg mehrfach unges\u00e4ttigten Omega-3-Fetts\u00e4uren, davon 1320 mg EPA und 880 mg DHA; und 9,64 mg Vitamin E (nat\u00fcrliche Tocopherole).<\/p>","protected":false},"excerpt":{"rendered":"<p>Omega-3-Fetts\u00e4uren wurden in den 1970er Jahren von d\u00e4nischen Forschern entdeckt, die die Analogie zwischen der geringen H\u00e4ufigkeit von Herz-Kreislauf-Erkrankungen bei den gr\u00f6nl\u00e4ndischen Eskimos und ihrer Ern\u00e4hrung, die besonders reich an fetten Fischarten ist, im Vergleich zur Bev\u00f6lkerung des europ\u00e4ischen Kontinents hervorhoben. Diese Fischarten enthalten eine gro\u00dfe Menge mehrfach unges\u00e4ttigter Fetts\u00e4uren vom Typ Omega-3, die f\u00fcr [&hellip;]<\/p>\n","protected":false},"featured_media":42438,"template":"","meta":{"_acf_changed":false,"footnotes":""},"product_brand":[],"product_cat":[953,90],"product_tag":[],"class_list":{"0":"post-42427","1":"product","2":"type-product","3":"status-publish","4":"has-post-thumbnail","6":"product_cat-complements-alimentaires","7":"product_cat-yeux","9":"first","10":"outofstock","11":"taxable","12":"shipping-taxable","13":"purchasable","14":"product-type-simple"},"acf":[],"_links":{"self":[{"href":"https:\/\/www.pharmacieonline.lu\/de\/wp-json\/wp\/v2\/product\/42427","targetHints":{"allow":["GET"]}}],"collection":[{"href":"https:\/\/www.pharmacieonline.lu\/de\/wp-json\/wp\/v2\/product"}],"about":[{"href":"https:\/\/www.pharmacieonline.lu\/de\/wp-json\/wp\/v2\/types\/product"}],"version-history":[{"count":0,"href":"https:\/\/www.pharmacieonline.lu\/de\/wp-json\/wp\/v2\/product\/42427\/revisions"}],"wp:featuredmedia":[{"embeddable":true,"href":"https:\/\/www.pharmacieonline.lu\/de\/wp-json\/wp\/v2\/media\/42438"}],"wp:attachment":[{"href":"https:\/\/www.pharmacieonline.lu\/de\/wp-json\/wp\/v2\/media?parent=42427"}],"wp:term":[{"taxonomy":"product_brand","embeddable":true,"href":"https:\/\/www.pharmacieonline.lu\/de\/wp-json\/wp\/v2\/product_brand?post=42427"},{"taxonomy":"product_cat","embeddable":true,"href":"https:\/\/www.pharmacieonline.lu\/de\/wp-json\/wp\/v2\/product_cat?post=42427"},{"taxonomy":"product_tag","embeddable":true,"href":"https:\/\/www.pharmacieonline.lu\/de\/wp-json\/wp\/v2\/product_tag?post=42427"}],"curies":[{"name":"wp","href":"https:\/\/api.w.org\/{rel}","templated":true}]}}