{"id":42501,"date":"2024-01-12T12:58:41","date_gmt":"2024-01-12T11:58:41","guid":{"rendered":"https:\/\/www.pharmacieonline.lu\/?post_type=product&#038;p=42501"},"modified":"2026-04-13T01:55:23","modified_gmt":"2026-04-12T23:55:23","slug":"nuxe-nuxur-ultra-serum-30ml","status":"publish","type":"product","link":"https:\/\/www.pharmacieonline.lu\/de\/produit\/nuxe-nuxur-ultra-serum-30ml\/","title":{"rendered":"NUXE NUXURIANCE ULTRA SERUM 30ML"},"content":{"rendered":"<p>Dieses Serum hilft, das Auftreten von Flecken zu reduzieren und die wichtigsten Zeichen der Hautalterung sichtbar zu korrigieren.<\/p>\n<p>Angereichert mit Vitamin C, einem hochwirksamen Wirkstoff, bek\u00e4mpft es Pigmentflecken, um deren Gr\u00f6\u00dfe, Aussehen und Anzahl sichtbar zu reduzieren.<\/p>\n<p>Dank der ALFA [3R]-TECHNOLOGIE reichen 3 Tropfen aus, um die Haut zu revitalisieren, zu regenerieren und ihr neue Oberfl\u00e4chen zu verleihen. Ab 1 Monat ist die Haut straffer.<\/p>\n<p>Globale Anti-Flecken- und Anti-Aging-Wirksamkeit kombiniert mit einer einzigartigen Sinnlichkeit dank seines modernen und eleganten femininen Dufts.<\/p>\n<p>VERWENDEN<br \/>\nNehmen Sie einen kleinen Tupfer Serum oder eine halbe Pipette, verteilen Sie die Textur leicht zwischen Ihren Fingern und tragen Sie sie dann mit beiden H\u00e4nden flach auf Ihr Gesicht auf, immer von der Mitte nach au\u00dfen. Vergessen Sie nicht den Hals und die Oberseite des Dekollet\u00e9s.<\/p>\n<p>Lassen Sie die Textur 30 Sekunden lang einwirken, bevor Sie Ihre Nuxuriance Ultra-Creme auftragen.<\/p>\n<p>Idealerweise morgens und abends.<\/p>\n<p>KOMPOSITION<br \/>\nZUTATEN: AQUA\/WASSER, GLYCERIN, CAPRYL\/CAPRIC-TRIGLYCERID, PROPANEDIOL, PERSEA GRATISSIMA (AVOCADO) \u00d6L, ASCORBYL GLUCOSID, DIGLYCERIN, NIACINAMID, PENTYLEN GLYKOL, PARFUM\/DUFT, BUTYROSPERMUM PARKII (SHEA) BUTTER, C14-22 ALKOHOLE, DINADIUM C ETEARYL Sulfosuccinat, C12-20 Alkylglucosid, Squalan, 1,2-Hexanediol, Caprylylglykol, Natriumcitrat, Natriumhydroxid, Hyalurons\u00e4ure, Rosa Canina Fruit Oil, Natriumgluconat, Xanthan Gum, Medicago-Sativa (Alphalfa-Extrakt) Extrakte, Sphingomona-Ferment-Ferment-Ferment-Ferment-Ferment-Ferment-Act. , NATRIUMHYALURONAT, HEMEROCALLIS FULVA-EXTRAKT, ZITRONENS\u00c4URE, HYDROXYCITRONELLAL, GERANIOL, CITRONELLOL, LINALOOL, COUMARIN [N5705\/A].<\/p>","protected":false},"excerpt":{"rendered":"<p>Dieses Serum hilft, das Auftreten von Flecken zu reduzieren und die wichtigsten Zeichen der Hautalterung sichtbar zu korrigieren. Angereichert mit Vitamin C, einem hochwirksamen Wirkstoff, bek\u00e4mpft es Pigmentflecken, um deren Gr\u00f6\u00dfe, Aussehen und Anzahl sichtbar zu reduzieren. Dank der ALFA [3R]-TECHNOLOGIE reichen 3 Tropfen aus, um die Haut zu revitalisieren, zu regenerieren und ihr neue [&hellip;]<\/p>\n","protected":false},"featured_media":42503,"template":"","meta":{"_acf_changed":false,"footnotes":""},"product_brand":[],"product_cat":[47,42,54],"product_tag":[],"class_list":{"0":"post-42501","1":"product","2":"type-product","3":"status-publish","4":"has-post-thumbnail","6":"product_cat-dermocosmetique","7":"product_cat-para-pharmacie","8":"product_cat-soins-du-visage","10":"first","11":"instock","12":"sale","13":"taxable","14":"shipping-taxable","15":"purchasable","16":"product-type-simple"},"acf":[],"_links":{"self":[{"href":"https:\/\/www.pharmacieonline.lu\/de\/wp-json\/wp\/v2\/product\/42501","targetHints":{"allow":["GET"]}}],"collection":[{"href":"https:\/\/www.pharmacieonline.lu\/de\/wp-json\/wp\/v2\/product"}],"about":[{"href":"https:\/\/www.pharmacieonline.lu\/de\/wp-json\/wp\/v2\/types\/product"}],"version-history":[{"count":0,"href":"https:\/\/www.pharmacieonline.lu\/de\/wp-json\/wp\/v2\/product\/42501\/revisions"}],"wp:featuredmedia":[{"embeddable":true,"href":"https:\/\/www.pharmacieonline.lu\/de\/wp-json\/wp\/v2\/media\/42503"}],"wp:attachment":[{"href":"https:\/\/www.pharmacieonline.lu\/de\/wp-json\/wp\/v2\/media?parent=42501"}],"wp:term":[{"taxonomy":"product_brand","embeddable":true,"href":"https:\/\/www.pharmacieonline.lu\/de\/wp-json\/wp\/v2\/product_brand?post=42501"},{"taxonomy":"product_cat","embeddable":true,"href":"https:\/\/www.pharmacieonline.lu\/de\/wp-json\/wp\/v2\/product_cat?post=42501"},{"taxonomy":"product_tag","embeddable":true,"href":"https:\/\/www.pharmacieonline.lu\/de\/wp-json\/wp\/v2\/product_tag?post=42501"}],"curies":[{"name":"wp","href":"https:\/\/api.w.org\/{rel}","templated":true}]}}