{"id":42544,"date":"2024-01-12T18:23:03","date_gmt":"2024-01-12T17:23:03","guid":{"rendered":"https:\/\/www.pharmacieonline.lu\/?post_type=product&#038;p=42544"},"modified":"2026-04-05T15:55:11","modified_gmt":"2026-04-05T13:55:11","slug":"nuxe-nuxuriance-ultra-soin-mains-75ml","status":"publish","type":"product","link":"https:\/\/www.pharmacieonline.lu\/de\/produit\/nuxe-nuxuriance-ultra-soin-mains-75ml\/","title":{"rendered":"NUXE NUXURIANCE ULTRA SOIN MAINS 75ML"},"content":{"rendered":"<p>Diese Handbehandlung hilft, das Auftreten von Flecken zu reduzieren und wirkt gegen trockene Haut.<\/p>\n<p>VERWENDEN<\/p>\n<p>Nehmen Sie einen Tupfer Handcreme und geben Sie ihn auf den Handr\u00fccken.<\/p>\n<p>Reiben Sie sie aneinander, um die Creme gleichm\u00e4\u00dfig zu verteilen und den Bereich zu pflegen, der sie am meisten ben\u00f6tigt. Reiben Sie dann Ihre Handfl\u00e4chen aneinander und bestehen Sie zwischen Ihren Fingern.<\/p>\n<p>Sie k\u00f6nnen die Gelegenheit nutzen, jeden Ihrer Finger von der Handfl\u00e4che bis zu den Spitzen zu massieren und mit einer leichten kreisf\u00f6rmigen Massage Ihrer N\u00e4gel abschlie\u00dfen.<\/p>\n<p>KOMPOSITION<\/p>\n<p>AQUA\/WASSER, COCO-CAPRYLAT, GLYCERIN, C10-18 TRIGLYCERIDE, GLYCERYLSTEARAT, TRIISOSTEARIN, BUTYROSPERMUM PARKII (SHEA) BUTTER, ASCORBYL GLUCOSID, BEHENYL ALKOHOL, CETEARYL ALKOHOL, PARFUM\/DUFT, PENTYLEN GLYKOL, PRUNUS AMYGDALUS DULCI (S\u00dcSSE MANDEL). ) \u00d6L, Natriumstearoylglutamat, ETHYLHEXYLGLYCERIN, HYDROXYCITRONELLAL, GERANIOL, CITRONELLOL, LIANLOOL [N5707\/A]<\/p>","protected":false},"excerpt":{"rendered":"<p>Diese Handbehandlung hilft, das Auftreten von Flecken zu reduzieren und wirkt gegen trockene Haut. VERWENDEN Nehmen Sie einen Tupfer Handcreme und geben Sie ihn auf den Handr\u00fccken. Reiben Sie sie aneinander, um die Creme gleichm\u00e4\u00dfig zu verteilen und den Bereich zu pflegen, der sie am meisten ben\u00f6tigt. Reiben Sie dann Ihre Handfl\u00e4chen aneinander und bestehen [&hellip;]<\/p>\n","protected":false},"featured_media":42545,"template":"","meta":{"_acf_changed":false,"footnotes":""},"product_brand":[],"product_cat":[47,42,764],"product_tag":[],"class_list":{"0":"post-42544","1":"product","2":"type-product","3":"status-publish","4":"has-post-thumbnail","6":"product_cat-dermocosmetique","7":"product_cat-para-pharmacie","8":"product_cat-soins-mains","10":"first","11":"outofstock","12":"sale","13":"taxable","14":"shipping-taxable","15":"purchasable","16":"product-type-simple"},"acf":[],"_links":{"self":[{"href":"https:\/\/www.pharmacieonline.lu\/de\/wp-json\/wp\/v2\/product\/42544","targetHints":{"allow":["GET"]}}],"collection":[{"href":"https:\/\/www.pharmacieonline.lu\/de\/wp-json\/wp\/v2\/product"}],"about":[{"href":"https:\/\/www.pharmacieonline.lu\/de\/wp-json\/wp\/v2\/types\/product"}],"version-history":[{"count":0,"href":"https:\/\/www.pharmacieonline.lu\/de\/wp-json\/wp\/v2\/product\/42544\/revisions"}],"wp:featuredmedia":[{"embeddable":true,"href":"https:\/\/www.pharmacieonline.lu\/de\/wp-json\/wp\/v2\/media\/42545"}],"wp:attachment":[{"href":"https:\/\/www.pharmacieonline.lu\/de\/wp-json\/wp\/v2\/media?parent=42544"}],"wp:term":[{"taxonomy":"product_brand","embeddable":true,"href":"https:\/\/www.pharmacieonline.lu\/de\/wp-json\/wp\/v2\/product_brand?post=42544"},{"taxonomy":"product_cat","embeddable":true,"href":"https:\/\/www.pharmacieonline.lu\/de\/wp-json\/wp\/v2\/product_cat?post=42544"},{"taxonomy":"product_tag","embeddable":true,"href":"https:\/\/www.pharmacieonline.lu\/de\/wp-json\/wp\/v2\/product_tag?post=42544"}],"curies":[{"name":"wp","href":"https:\/\/api.w.org\/{rel}","templated":true}]}}