{"id":42578,"date":"2024-01-15T10:47:45","date_gmt":"2024-01-15T09:47:45","guid":{"rendered":"https:\/\/www.pharmacieonline.lu\/?post_type=product&#038;p=42578"},"modified":"2026-04-09T01:55:14","modified_gmt":"2026-04-08T23:55:14","slug":"bach-112-inebios-elixir-durgence-spray","status":"publish","type":"product","link":"https:\/\/www.pharmacieonline.lu\/de\/produit\/bach-112-inebios-elixir-durgence-spray\/","title":{"rendered":"BACH 112 INEBIOS ELIXIR D&#8217;URGENCE SPRAY"},"content":{"rendered":"<p>Traditioneller und mit Bio-Cognac verd\u00fcnnt, wie von Dr. Bach zubereitet, reichen ein paar Spr\u00fchst\u00f6\u00dfe dieses Notfallsprays aus, um eine vor\u00fcbergehende Stimmung oder Emotion wieder ins Gleichgewicht zu bringen.<\/p>\n<p>Richtungen:<\/p>\n<p>Alle Krisensituationen, um Herausforderungen zu meistern, in Momenten gro\u00dfer Anspannung<br \/>\nHilft bei der Bew\u00e4ltigung von Schwierigkeiten, indem man zentriert, ruhig und gelassen bleibt<br \/>\nWird auch zur Vorbeugung vor jedem stressigen Ereignis verwendet, bei dem wir Besorgnis, Panik, Verwirrung oder Orientierungslosigkeit zum Ausdruck bringen (Pr\u00fcfungen, ungew\u00f6hnliche Situationen usw.).<br \/>\nOhne Nebenwirkungen, ohne Beeintr\u00e4chtigung kann dieses Elixier unbegrenzt und mit anderen Produkten verwendet werden.<\/p>\n<p>Pr\u00e4sentation: 20-ml-Flasche<br \/>\nDosierung F\u00fcr eine vor\u00fcbergehende Emotion: 2 Spr\u00fchst\u00f6\u00dfe unter die Zunge, bei Bedarf wiederholen. F\u00fcr eine Basisbehandlung: Setzen Sie die Einnahme 3 bis 4 Wochen lang fort.<br \/>\nNahrungserg\u00e4nzungsmittel. Zur Einnahme im Rahmen einer abwechslungsreichen und ausgewogenen Ern\u00e4hrung und eines gesunden Lebensstils. \u00dcberschreiten Sie nicht die angegebenen Mengen. Au\u00dferhalb der Reichweite von Kindern und fern von Hitze und Feuchtigkeit aufbewahren.<\/p>","protected":false},"excerpt":{"rendered":"<p>Traditioneller und mit Bio-Cognac verd\u00fcnnt, wie von Dr. Bach zubereitet, reichen ein paar Spr\u00fchst\u00f6\u00dfe dieses Notfallsprays aus, um eine vor\u00fcbergehende Stimmung oder Emotion wieder ins Gleichgewicht zu bringen. Richtungen: Alle Krisensituationen, um Herausforderungen zu meistern, in Momenten gro\u00dfer Anspannung Hilft bei der Bew\u00e4ltigung von Schwierigkeiten, indem man zentriert, ruhig und gelassen bleibt Wird auch zur [&hellip;]<\/p>\n","protected":false},"featured_media":42579,"template":"","meta":{"_acf_changed":false,"footnotes":""},"product_brand":[],"product_cat":[88],"product_tag":[],"class_list":{"0":"post-42578","1":"product","2":"type-product","3":"status-publish","4":"has-post-thumbnail","6":"product_cat-homeopathie","8":"first","9":"instock","10":"taxable","11":"shipping-taxable","12":"purchasable","13":"product-type-simple"},"acf":[],"_links":{"self":[{"href":"https:\/\/www.pharmacieonline.lu\/de\/wp-json\/wp\/v2\/product\/42578","targetHints":{"allow":["GET"]}}],"collection":[{"href":"https:\/\/www.pharmacieonline.lu\/de\/wp-json\/wp\/v2\/product"}],"about":[{"href":"https:\/\/www.pharmacieonline.lu\/de\/wp-json\/wp\/v2\/types\/product"}],"version-history":[{"count":0,"href":"https:\/\/www.pharmacieonline.lu\/de\/wp-json\/wp\/v2\/product\/42578\/revisions"}],"wp:featuredmedia":[{"embeddable":true,"href":"https:\/\/www.pharmacieonline.lu\/de\/wp-json\/wp\/v2\/media\/42579"}],"wp:attachment":[{"href":"https:\/\/www.pharmacieonline.lu\/de\/wp-json\/wp\/v2\/media?parent=42578"}],"wp:term":[{"taxonomy":"product_brand","embeddable":true,"href":"https:\/\/www.pharmacieonline.lu\/de\/wp-json\/wp\/v2\/product_brand?post=42578"},{"taxonomy":"product_cat","embeddable":true,"href":"https:\/\/www.pharmacieonline.lu\/de\/wp-json\/wp\/v2\/product_cat?post=42578"},{"taxonomy":"product_tag","embeddable":true,"href":"https:\/\/www.pharmacieonline.lu\/de\/wp-json\/wp\/v2\/product_tag?post=42578"}],"curies":[{"name":"wp","href":"https:\/\/api.w.org\/{rel}","templated":true}]}}