{"id":42593,"date":"2024-01-15T11:19:12","date_gmt":"2024-01-15T10:19:12","guid":{"rendered":"https:\/\/www.pharmacieonline.lu\/?post_type=product&#038;p=42593"},"modified":"2026-04-09T01:55:13","modified_gmt":"2026-04-08T23:55:13","slug":"bach-112-inebios-honneysuckle-10-ml-16","status":"publish","type":"product","link":"https:\/\/www.pharmacieonline.lu\/de\/produit\/bach-112-inebios-honneysuckle-10-ml-16\/","title":{"rendered":"BACH 112 INEBIOS HONNEYSUCKLE 10 ML 16"},"content":{"rendered":"<p>Die Bl\u00fcte: Lonicera caprifolium<\/p>\n<p>Emotion: Nostalgie, Bedauern \u2013 Leben in der Vergangenheit<\/p>\n<p>F\u00fcr diejenigen, die viel in der Vergangenheit leben, in Zeiten gro\u00dfen Gl\u00fccks, im Gedenken an einen Verstorbenen, im Bedauern \u00fcber nie verwirklichte Ambitionen. Sie hoffen nicht auf ein gr\u00f6\u00dferes Gl\u00fcck als das, was sie bereits erlebt haben.<\/p>\n<p>Das Gei\u00dfblatt wird ihnen helfen, auf mehr Gl\u00fcck zu hoffen und im Hier und Jetzt zu leben.<\/p>\n<p>Pr\u00e4sentation: 10-ml-Flasche.<br \/>\nDosierung Geben Sie jeweils 4 Tropfen der ausgew\u00e4hlten Elixiere direkt unter die Zunge oder in etwas Wasser. Vorzugsweise morgens auf n\u00fcchternen Magen und abends vor dem Schlafengehen einnehmen. Bei Bedarf zu erneuern.<br \/>\nEmpfehlungen Wenn Sie mehrere Essenzen mischen m\u00f6chten, um auf unterschiedliche Ungleichgewichte zu reagieren, empfehlen wir Ihnen, maximal 5 Elixiere zu verwenden, um die Wirkung zu optimieren.<br \/>\nNahrungserg\u00e4nzungsmittel. Zur Einnahme im Rahmen einer abwechslungsreichen und ausgewogenen Ern\u00e4hrung und eines gesunden Lebensstils. \u00dcberschreiten Sie nicht die angegebenen Mengen. Au\u00dferhalb der Reichweite von Kindern und fern von Hitze und Feuchtigkeit aufbewahren.<\/p>","protected":false},"excerpt":{"rendered":"<p>Die Bl\u00fcte: Lonicera caprifolium Emotion: Nostalgie, Bedauern \u2013 Leben in der Vergangenheit F\u00fcr diejenigen, die viel in der Vergangenheit leben, in Zeiten gro\u00dfen Gl\u00fccks, im Gedenken an einen Verstorbenen, im Bedauern \u00fcber nie verwirklichte Ambitionen. Sie hoffen nicht auf ein gr\u00f6\u00dferes Gl\u00fcck als das, was sie bereits erlebt haben. Das Gei\u00dfblatt wird ihnen helfen, auf [&hellip;]<\/p>\n","protected":false},"featured_media":42594,"template":"","meta":{"_acf_changed":false,"footnotes":""},"product_brand":[],"product_cat":[88],"product_tag":[],"class_list":{"0":"post-42593","1":"product","2":"type-product","3":"status-publish","4":"has-post-thumbnail","6":"product_cat-homeopathie","8":"first","9":"instock","10":"taxable","11":"shipping-taxable","12":"purchasable","13":"product-type-simple"},"acf":[],"_links":{"self":[{"href":"https:\/\/www.pharmacieonline.lu\/de\/wp-json\/wp\/v2\/product\/42593","targetHints":{"allow":["GET"]}}],"collection":[{"href":"https:\/\/www.pharmacieonline.lu\/de\/wp-json\/wp\/v2\/product"}],"about":[{"href":"https:\/\/www.pharmacieonline.lu\/de\/wp-json\/wp\/v2\/types\/product"}],"version-history":[{"count":0,"href":"https:\/\/www.pharmacieonline.lu\/de\/wp-json\/wp\/v2\/product\/42593\/revisions"}],"wp:featuredmedia":[{"embeddable":true,"href":"https:\/\/www.pharmacieonline.lu\/de\/wp-json\/wp\/v2\/media\/42594"}],"wp:attachment":[{"href":"https:\/\/www.pharmacieonline.lu\/de\/wp-json\/wp\/v2\/media?parent=42593"}],"wp:term":[{"taxonomy":"product_brand","embeddable":true,"href":"https:\/\/www.pharmacieonline.lu\/de\/wp-json\/wp\/v2\/product_brand?post=42593"},{"taxonomy":"product_cat","embeddable":true,"href":"https:\/\/www.pharmacieonline.lu\/de\/wp-json\/wp\/v2\/product_cat?post=42593"},{"taxonomy":"product_tag","embeddable":true,"href":"https:\/\/www.pharmacieonline.lu\/de\/wp-json\/wp\/v2\/product_tag?post=42593"}],"curies":[{"name":"wp","href":"https:\/\/api.w.org\/{rel}","templated":true}]}}