{"id":42598,"date":"2024-01-15T11:21:12","date_gmt":"2024-01-15T10:21:12","guid":{"rendered":"https:\/\/www.pharmacieonline.lu\/?post_type=product&#038;p=42598"},"modified":"2026-04-08T19:55:12","modified_gmt":"2026-04-08T17:55:12","slug":"bach-112-inebios-hornbeam-10-ml-17","status":"publish","type":"product","link":"https:\/\/www.pharmacieonline.lu\/de\/produit\/bach-112-inebios-hornbeam-10-ml-17\/","title":{"rendered":"BACH 112 INEBIOS HORNBEAM 10 ML 17"},"content":{"rendered":"<p>Die Bl\u00fcte: Carpinus betula<\/p>\n<p>Die Emotion: Mangelnder Enthusiasmus, Schwierigkeiten beim Handeln \u2013 brauchen eine \u201ehelfende Hand\u201c, um loszulegen<\/p>\n<p>F\u00fcr diejenigen, die sich geistig oder k\u00f6rperlich nicht stark genug f\u00fchlen, um die Last des Lebens zu tragen; Die Bew\u00e4ltigung des Alltags erscheint ihnen zu schwer, auch wenn es ihnen im Allgemeinen gelingt, ihre Aufgaben zu bew\u00e4ltigen. F\u00fcr diejenigen, die glauben, dass etwas in ihnen, K\u00f6rper oder Geist, gest\u00e4rkt werden muss, damit sie bei dem, was sie tun m\u00fcssen, problemlos Erfolg haben k\u00f6nnen.<\/p>\n<p>Der Zauber hilft ihnen, Ersch\u00f6pfung und M\u00fcdigkeit zu \u00fcberwinden, die sie ohne ersichtlichen Grund versp\u00fcren.<\/p>\n<p>Pr\u00e4sentation: 10-ml-Flasche.<br \/>\nDosierung Geben Sie jeweils 4 Tropfen der ausgew\u00e4hlten Elixiere direkt unter die Zunge oder in etwas Wasser. Vorzugsweise morgens auf n\u00fcchternen Magen und abends vor dem Schlafengehen einnehmen. Bei Bedarf zu erneuern.<br \/>\nEmpfehlungen Wenn Sie mehrere Essenzen mischen m\u00f6chten, um auf unterschiedliche Ungleichgewichte zu reagieren, empfehlen wir Ihnen, maximal 5 Elixiere zu verwenden, um die Wirkung zu optimieren.<br \/>\nNahrungserg\u00e4nzungsmittel. Zur Einnahme im Rahmen einer abwechslungsreichen und ausgewogenen Ern\u00e4hrung und eines gesunden Lebensstils. \u00dcberschreiten Sie nicht die angegebenen Mengen. Au\u00dferhalb der Reichweite von Kindern und fern von Hitze und Feuchtigkeit aufbewahren.<\/p>","protected":false},"excerpt":{"rendered":"<p>Die Bl\u00fcte: Carpinus betula Die Emotion: Mangelnder Enthusiasmus, Schwierigkeiten beim Handeln \u2013 brauchen eine \u201ehelfende Hand\u201c, um loszulegen F\u00fcr diejenigen, die sich geistig oder k\u00f6rperlich nicht stark genug f\u00fchlen, um die Last des Lebens zu tragen; Die Bew\u00e4ltigung des Alltags erscheint ihnen zu schwer, auch wenn es ihnen im Allgemeinen gelingt, ihre Aufgaben zu bew\u00e4ltigen. [&hellip;]<\/p>\n","protected":false},"featured_media":42600,"template":"","meta":{"_acf_changed":false,"footnotes":""},"product_brand":[],"product_cat":[88],"product_tag":[],"class_list":{"0":"post-42598","1":"product","2":"type-product","3":"status-publish","4":"has-post-thumbnail","6":"product_cat-homeopathie","8":"first","9":"outofstock","10":"taxable","11":"shipping-taxable","12":"purchasable","13":"product-type-simple"},"acf":[],"_links":{"self":[{"href":"https:\/\/www.pharmacieonline.lu\/de\/wp-json\/wp\/v2\/product\/42598","targetHints":{"allow":["GET"]}}],"collection":[{"href":"https:\/\/www.pharmacieonline.lu\/de\/wp-json\/wp\/v2\/product"}],"about":[{"href":"https:\/\/www.pharmacieonline.lu\/de\/wp-json\/wp\/v2\/types\/product"}],"version-history":[{"count":0,"href":"https:\/\/www.pharmacieonline.lu\/de\/wp-json\/wp\/v2\/product\/42598\/revisions"}],"wp:featuredmedia":[{"embeddable":true,"href":"https:\/\/www.pharmacieonline.lu\/de\/wp-json\/wp\/v2\/media\/42600"}],"wp:attachment":[{"href":"https:\/\/www.pharmacieonline.lu\/de\/wp-json\/wp\/v2\/media?parent=42598"}],"wp:term":[{"taxonomy":"product_brand","embeddable":true,"href":"https:\/\/www.pharmacieonline.lu\/de\/wp-json\/wp\/v2\/product_brand?post=42598"},{"taxonomy":"product_cat","embeddable":true,"href":"https:\/\/www.pharmacieonline.lu\/de\/wp-json\/wp\/v2\/product_cat?post=42598"},{"taxonomy":"product_tag","embeddable":true,"href":"https:\/\/www.pharmacieonline.lu\/de\/wp-json\/wp\/v2\/product_tag?post=42598"}],"curies":[{"name":"wp","href":"https:\/\/api.w.org\/{rel}","templated":true}]}}