{"id":42607,"date":"2024-01-15T11:27:11","date_gmt":"2024-01-15T10:27:11","guid":{"rendered":"https:\/\/www.pharmacieonline.lu\/?post_type=product&#038;p=42607"},"modified":"2026-04-09T01:55:13","modified_gmt":"2026-04-08T23:55:13","slug":"bach-112-inebios-larch-10-ml-19","status":"publish","type":"product","link":"https:\/\/www.pharmacieonline.lu\/de\/produit\/bach-112-inebios-larch-10-ml-19\/","title":{"rendered":"BACH 112 INEBIOS LARCH 10 ML 19"},"content":{"rendered":"<p>Die Bl\u00fcte: Larix decidua<\/p>\n<p>Die Emotion: Mangelnde K\u00fchnheit \u2013 erwartet ein Scheitern<\/p>\n<p>F\u00fcr diejenigen, die sich selbst f\u00fcr weniger gut oder weniger f\u00e4hig halten als ihre Mitmenschen, die damit rechnen, zu scheitern, die das Gef\u00fchl haben, dass sie nie Erfolg haben werden, und deshalb kein Risiko eingehen oder nie die Anstrengungen unternehmen, die ihnen den Erfolg erm\u00f6glichen w\u00fcrden. Erfolg haben.<\/p>\n<p>&nbsp;<\/p>\n<p>Larch wird ihnen helfen, Entscheidungen zu treffen, Ma\u00dfnahmen zu ergreifen, die Angst vor dem Scheitern zu beseitigen und dadurch kreativer zu werden.<\/p>\n<p>Pr\u00e4sentation: 10-ml-Flasche.<br \/>\nDosierung Geben Sie jeweils 4 Tropfen der ausgew\u00e4hlten Elixiere direkt unter die Zunge oder in etwas Wasser. Vorzugsweise morgens auf n\u00fcchternen Magen und abends vor dem Schlafengehen einnehmen. Bei Bedarf zu erneuern.<br \/>\nEmpfehlungen Wenn Sie mehrere Essenzen mischen m\u00f6chten, um auf unterschiedliche Ungleichgewichte zu reagieren, empfehlen wir Ihnen, maximal 5 Elixiere zu verwenden, um die Wirkung zu optimieren.<br \/>\nNahrungserg\u00e4nzungsmittel. Zur Einnahme im Rahmen einer abwechslungsreichen und ausgewogenen Ern\u00e4hrung und eines gesunden Lebensstils. \u00dcberschreiten Sie nicht die angegebenen Mengen. Au\u00dferhalb der Reichweite von Kindern und fern von Hitze und Feuchtigkeit aufbewahren.<\/p>","protected":false},"excerpt":{"rendered":"<p>Die Bl\u00fcte: Larix decidua Die Emotion: Mangelnde K\u00fchnheit \u2013 erwartet ein Scheitern F\u00fcr diejenigen, die sich selbst f\u00fcr weniger gut oder weniger f\u00e4hig halten als ihre Mitmenschen, die damit rechnen, zu scheitern, die das Gef\u00fchl haben, dass sie nie Erfolg haben werden, und deshalb kein Risiko eingehen oder nie die Anstrengungen unternehmen, die ihnen den [&hellip;]<\/p>\n","protected":false},"featured_media":42608,"template":"","meta":{"_acf_changed":false,"footnotes":""},"product_brand":[],"product_cat":[88],"product_tag":[],"class_list":{"0":"post-42607","1":"product","2":"type-product","3":"status-publish","4":"has-post-thumbnail","6":"product_cat-homeopathie","8":"first","9":"instock","10":"taxable","11":"shipping-taxable","12":"purchasable","13":"product-type-simple"},"acf":[],"_links":{"self":[{"href":"https:\/\/www.pharmacieonline.lu\/de\/wp-json\/wp\/v2\/product\/42607","targetHints":{"allow":["GET"]}}],"collection":[{"href":"https:\/\/www.pharmacieonline.lu\/de\/wp-json\/wp\/v2\/product"}],"about":[{"href":"https:\/\/www.pharmacieonline.lu\/de\/wp-json\/wp\/v2\/types\/product"}],"version-history":[{"count":0,"href":"https:\/\/www.pharmacieonline.lu\/de\/wp-json\/wp\/v2\/product\/42607\/revisions"}],"wp:featuredmedia":[{"embeddable":true,"href":"https:\/\/www.pharmacieonline.lu\/de\/wp-json\/wp\/v2\/media\/42608"}],"wp:attachment":[{"href":"https:\/\/www.pharmacieonline.lu\/de\/wp-json\/wp\/v2\/media?parent=42607"}],"wp:term":[{"taxonomy":"product_brand","embeddable":true,"href":"https:\/\/www.pharmacieonline.lu\/de\/wp-json\/wp\/v2\/product_brand?post=42607"},{"taxonomy":"product_cat","embeddable":true,"href":"https:\/\/www.pharmacieonline.lu\/de\/wp-json\/wp\/v2\/product_cat?post=42607"},{"taxonomy":"product_tag","embeddable":true,"href":"https:\/\/www.pharmacieonline.lu\/de\/wp-json\/wp\/v2\/product_tag?post=42607"}],"curies":[{"name":"wp","href":"https:\/\/api.w.org\/{rel}","templated":true}]}}