{"id":42610,"date":"2024-01-15T11:34:24","date_gmt":"2024-01-15T10:34:24","guid":{"rendered":"https:\/\/www.pharmacieonline.lu\/?post_type=product&#038;p=42610"},"modified":"2026-04-08T19:55:12","modified_gmt":"2026-04-08T17:55:12","slug":"bach-112-inebios-mimulus-10-ml-20","status":"publish","type":"product","link":"https:\/\/www.pharmacieonline.lu\/de\/produit\/bach-112-inebios-mimulus-10-ml-20\/","title":{"rendered":"BACH 112 INEBIOS MIMULUS 10 ML 20"},"content":{"rendered":"<p>Die Blume: Mimulus guttatus<\/p>\n<p>Auf Franz\u00f6sisch: Mimuleou Muscade.<br \/>\nEmotion: T\u00e4gliche Angst \u2013 Sch\u00fcchternheit \u2013 Lampenfieber<br \/>\nBewusste \u00c4ngste: vor Krankheit, vor Schmerz, vor Armut, vor der Dunkelheit, vor Alleinsein, vor Ungl\u00fcck. \u00c4ngste des Alltags. Wir behalten unsere Angst f\u00fcr uns und lassen sie uns nicht anmerken; Es ist uns peinlich, mit anderen dar\u00fcber zu sprechen.<br \/>\nDas Mimulus wird ihnen helfen, die Ereignisse und Herausforderungen des t\u00e4glichen Lebens ohne Angst oder Besorgnis zu meistern.<\/p>\n<p>Pr\u00e4sentation: 10-ml-Flasche.<br \/>\nDosierung Geben Sie jeweils 4 Tropfen der ausgew\u00e4hlten Elixiere direkt unter die Zunge oder in etwas Wasser. Vorzugsweise morgens auf n\u00fcchternen Magen und abends vor dem Schlafengehen einnehmen. Bei Bedarf zu erneuern.<br \/>\nEmpfehlungen Wenn Sie mehrere Essenzen mischen m\u00f6chten, um auf unterschiedliche Ungleichgewichte zu reagieren, empfehlen wir Ihnen, maximal 5 Elixiere zu verwenden, um die Wirkung zu optimieren.<br \/>\nNahrungserg\u00e4nzungsmittel. Zur Einnahme im Rahmen einer abwechslungsreichen und ausgewogenen Ern\u00e4hrung und eines gesunden Lebensstils. \u00dcberschreiten Sie nicht die angegebenen Mengen. Au\u00dferhalb der Reichweite von Kindern und fern von Hitze und Feuchtigkeit aufbewahren.<\/p>","protected":false},"excerpt":{"rendered":"<p>Die Blume: Mimulus guttatus Auf Franz\u00f6sisch: Mimuleou Muscade. Emotion: T\u00e4gliche Angst \u2013 Sch\u00fcchternheit \u2013 Lampenfieber Bewusste \u00c4ngste: vor Krankheit, vor Schmerz, vor Armut, vor der Dunkelheit, vor Alleinsein, vor Ungl\u00fcck. \u00c4ngste des Alltags. Wir behalten unsere Angst f\u00fcr uns und lassen sie uns nicht anmerken; Es ist uns peinlich, mit anderen dar\u00fcber zu sprechen. Das [&hellip;]<\/p>\n","protected":false},"featured_media":42613,"template":"","meta":{"_acf_changed":false,"footnotes":""},"product_brand":[],"product_cat":[88],"product_tag":[],"class_list":{"0":"post-42610","1":"product","2":"type-product","3":"status-publish","4":"has-post-thumbnail","6":"product_cat-homeopathie","8":"first","9":"instock","10":"taxable","11":"shipping-taxable","12":"purchasable","13":"product-type-simple"},"acf":[],"_links":{"self":[{"href":"https:\/\/www.pharmacieonline.lu\/de\/wp-json\/wp\/v2\/product\/42610","targetHints":{"allow":["GET"]}}],"collection":[{"href":"https:\/\/www.pharmacieonline.lu\/de\/wp-json\/wp\/v2\/product"}],"about":[{"href":"https:\/\/www.pharmacieonline.lu\/de\/wp-json\/wp\/v2\/types\/product"}],"version-history":[{"count":0,"href":"https:\/\/www.pharmacieonline.lu\/de\/wp-json\/wp\/v2\/product\/42610\/revisions"}],"wp:featuredmedia":[{"embeddable":true,"href":"https:\/\/www.pharmacieonline.lu\/de\/wp-json\/wp\/v2\/media\/42613"}],"wp:attachment":[{"href":"https:\/\/www.pharmacieonline.lu\/de\/wp-json\/wp\/v2\/media?parent=42610"}],"wp:term":[{"taxonomy":"product_brand","embeddable":true,"href":"https:\/\/www.pharmacieonline.lu\/de\/wp-json\/wp\/v2\/product_brand?post=42610"},{"taxonomy":"product_cat","embeddable":true,"href":"https:\/\/www.pharmacieonline.lu\/de\/wp-json\/wp\/v2\/product_cat?post=42610"},{"taxonomy":"product_tag","embeddable":true,"href":"https:\/\/www.pharmacieonline.lu\/de\/wp-json\/wp\/v2\/product_tag?post=42610"}],"curies":[{"name":"wp","href":"https:\/\/api.w.org\/{rel}","templated":true}]}}