{"id":42624,"date":"2024-01-15T11:40:40","date_gmt":"2024-01-15T10:40:40","guid":{"rendered":"https:\/\/www.pharmacieonline.lu\/?post_type=product&#038;p=42624"},"modified":"2026-04-08T19:55:11","modified_gmt":"2026-04-08T17:55:11","slug":"bach-112-inebios-pine-10-ml-24","status":"publish","type":"product","link":"https:\/\/www.pharmacieonline.lu\/de\/produit\/bach-112-inebios-pine-10-ml-24\/","title":{"rendered":"BACH 112 INEBIOS PINE 10 ML 24"},"content":{"rendered":"<p>Die Bl\u00fcte: Pinus sylvestris<\/p>\n<p>Die Emotion: Schuldgef\u00fchle \u2013 f\u00fchlt sich f\u00fcr alles verantwortlich<\/p>\n<p>F\u00fcr diejenigen, die sich selbst die Schuld geben. Selbst wenn sie Erfolg haben, glauben sie, sie h\u00e4tten es besser machen k\u00f6nnen, und sind mit ihren Bem\u00fchungen oder Ergebnissen nie zufrieden. Sie arbeiten hart und leiden sehr unter den Fehlern, deren sie sich ihrer Meinung nach schuldig gemacht haben. Wenn ein Fehler auftritt und jemand anderes daf\u00fcr verantwortlich ist, \u00fcbernehmen diese dennoch die Verantwortung.<\/p>\n<p>Die Kiefer hilft ihnen, sich nicht l\u00e4nger schuldig zu f\u00fchlen und sich von der Notwendigkeit zu befreien, alles kontrollieren zu m\u00fcssen.<\/p>\n<p>Pr\u00e4sentation: 10-ml-Flasche.<br \/>\nDosierung Geben Sie jeweils 4 Tropfen der ausgew\u00e4hlten Elixiere direkt unter die Zunge oder in etwas Wasser. Vorzugsweise morgens auf n\u00fcchternen Magen und abends vor dem Schlafengehen einnehmen. Bei Bedarf zu erneuern.<br \/>\nEmpfehlungen Wenn Sie mehrere Essenzen mischen m\u00f6chten, um auf unterschiedliche Ungleichgewichte zu reagieren, empfehlen wir Ihnen, maximal 5 Elixiere zu verwenden, um die Wirkung zu optimieren.<br \/>\nNahrungserg\u00e4nzungsmittel. Zur Einnahme im Rahmen einer abwechslungsreichen und ausgewogenen Ern\u00e4hrung und eines gesunden Lebensstils. \u00dcberschreiten Sie nicht die angegebenen Mengen. Au\u00dferhalb der Reichweite von Kindern und fern von Hitze und Feuchtigkeit aufbewahren.<\/p>","protected":false},"excerpt":{"rendered":"<p>Die Bl\u00fcte: Pinus sylvestris Die Emotion: Schuldgef\u00fchle \u2013 f\u00fchlt sich f\u00fcr alles verantwortlich F\u00fcr diejenigen, die sich selbst die Schuld geben. Selbst wenn sie Erfolg haben, glauben sie, sie h\u00e4tten es besser machen k\u00f6nnen, und sind mit ihren Bem\u00fchungen oder Ergebnissen nie zufrieden. Sie arbeiten hart und leiden sehr unter den Fehlern, deren sie sich [&hellip;]<\/p>\n","protected":false},"featured_media":42625,"template":"","meta":{"_acf_changed":false,"footnotes":""},"product_brand":[],"product_cat":[88],"product_tag":[],"class_list":{"0":"post-42624","1":"product","2":"type-product","3":"status-publish","4":"has-post-thumbnail","6":"product_cat-homeopathie","8":"first","9":"outofstock","10":"taxable","11":"shipping-taxable","12":"purchasable","13":"product-type-simple"},"acf":[],"_links":{"self":[{"href":"https:\/\/www.pharmacieonline.lu\/de\/wp-json\/wp\/v2\/product\/42624","targetHints":{"allow":["GET"]}}],"collection":[{"href":"https:\/\/www.pharmacieonline.lu\/de\/wp-json\/wp\/v2\/product"}],"about":[{"href":"https:\/\/www.pharmacieonline.lu\/de\/wp-json\/wp\/v2\/types\/product"}],"version-history":[{"count":0,"href":"https:\/\/www.pharmacieonline.lu\/de\/wp-json\/wp\/v2\/product\/42624\/revisions"}],"wp:featuredmedia":[{"embeddable":true,"href":"https:\/\/www.pharmacieonline.lu\/de\/wp-json\/wp\/v2\/media\/42625"}],"wp:attachment":[{"href":"https:\/\/www.pharmacieonline.lu\/de\/wp-json\/wp\/v2\/media?parent=42624"}],"wp:term":[{"taxonomy":"product_brand","embeddable":true,"href":"https:\/\/www.pharmacieonline.lu\/de\/wp-json\/wp\/v2\/product_brand?post=42624"},{"taxonomy":"product_cat","embeddable":true,"href":"https:\/\/www.pharmacieonline.lu\/de\/wp-json\/wp\/v2\/product_cat?post=42624"},{"taxonomy":"product_tag","embeddable":true,"href":"https:\/\/www.pharmacieonline.lu\/de\/wp-json\/wp\/v2\/product_tag?post=42624"}],"curies":[{"name":"wp","href":"https:\/\/api.w.org\/{rel}","templated":true}]}}