{"id":42630,"date":"2024-01-15T11:46:07","date_gmt":"2024-01-15T10:46:07","guid":{"rendered":"https:\/\/www.pharmacieonline.lu\/?post_type=product&#038;p=42630"},"modified":"2026-04-08T19:55:11","modified_gmt":"2026-04-08T17:55:11","slug":"bach-112-inebios-rock-water-10-ml-27","status":"publish","type":"product","link":"https:\/\/www.pharmacieonline.lu\/de\/produit\/bach-112-inebios-rock-water-10-ml-27\/","title":{"rendered":"BACH 112 INEBIOS ROCK WATER 10 ML 27"},"content":{"rendered":"<p>Das Elixier: Steinwasser<\/p>\n<p>&nbsp;<\/p>\n<p>Das Gef\u00fchl: Starrheit \u2013 Perfektionismus<\/p>\n<p>&nbsp;<\/p>\n<p>Dieses Elixier wird sehr strengen Menschen mit einem starren und strengen Charakter empfohlen, die sich der Freuden und Freuden des Daseins berauben.<\/p>\n<p>Sie streben nach Perfektion, wollen vorbildlich sein, streben nach Perfektion und k\u00f6nnen unter zu strenger Disziplin leiden.<\/p>\n<p>Das Wasser muss aus einem Brunnen oder einer Quelle stammen, deren Wasser bekannterma\u00dfen heilende (oder wundersame) Eigenschaften hat.<\/p>\n<p>&nbsp;<\/p>\n<p>Roche Water hilft, den Geschmack und die Lebensfreude sowie die geistige Flexibilit\u00e4t wiederzuentdecken.<\/p>\n<p>Pr\u00e4sentation: 10-ml-Flasche<br \/>\nDosierung Geben Sie jeweils 4 Tropfen der ausgew\u00e4hlten Elixiere direkt unter die Zunge oder in etwas Wasser. Vorzugsweise morgens auf n\u00fcchternen Magen und abends vor dem Schlafengehen einnehmen. Bei Bedarf zu erneuern.<br \/>\nEmpfehlungen Wenn Sie mehrere Essenzen mischen m\u00f6chten, um auf unterschiedliche Ungleichgewichte zu reagieren, empfehlen wir Ihnen, maximal 5 Elixiere zu verwenden, um die Wirkung zu optimieren.<br \/>\nNahrungserg\u00e4nzungsmittel. Zur Einnahme im Rahmen einer abwechslungsreichen und ausgewogenen Ern\u00e4hrung und eines gesunden Lebensstils. \u00dcberschreiten Sie nicht die angegebenen Mengen. Au\u00dferhalb der Reichweite von Kindern und fern von Hitze und Feuchtigkeit aufbewahren.<\/p>","protected":false},"excerpt":{"rendered":"<p>Das Elixier: Steinwasser &nbsp; Das Gef\u00fchl: Starrheit \u2013 Perfektionismus &nbsp; Dieses Elixier wird sehr strengen Menschen mit einem starren und strengen Charakter empfohlen, die sich der Freuden und Freuden des Daseins berauben. Sie streben nach Perfektion, wollen vorbildlich sein, streben nach Perfektion und k\u00f6nnen unter zu strenger Disziplin leiden. Das Wasser muss aus einem Brunnen [&hellip;]<\/p>\n","protected":false},"featured_media":42631,"template":"","meta":{"_acf_changed":false,"footnotes":""},"product_brand":[],"product_cat":[88],"product_tag":[],"class_list":{"0":"post-42630","1":"product","2":"type-product","3":"status-publish","4":"has-post-thumbnail","6":"product_cat-homeopathie","8":"first","9":"instock","10":"taxable","11":"shipping-taxable","12":"purchasable","13":"product-type-simple"},"acf":[],"_links":{"self":[{"href":"https:\/\/www.pharmacieonline.lu\/de\/wp-json\/wp\/v2\/product\/42630","targetHints":{"allow":["GET"]}}],"collection":[{"href":"https:\/\/www.pharmacieonline.lu\/de\/wp-json\/wp\/v2\/product"}],"about":[{"href":"https:\/\/www.pharmacieonline.lu\/de\/wp-json\/wp\/v2\/types\/product"}],"version-history":[{"count":0,"href":"https:\/\/www.pharmacieonline.lu\/de\/wp-json\/wp\/v2\/product\/42630\/revisions"}],"wp:featuredmedia":[{"embeddable":true,"href":"https:\/\/www.pharmacieonline.lu\/de\/wp-json\/wp\/v2\/media\/42631"}],"wp:attachment":[{"href":"https:\/\/www.pharmacieonline.lu\/de\/wp-json\/wp\/v2\/media?parent=42630"}],"wp:term":[{"taxonomy":"product_brand","embeddable":true,"href":"https:\/\/www.pharmacieonline.lu\/de\/wp-json\/wp\/v2\/product_brand?post=42630"},{"taxonomy":"product_cat","embeddable":true,"href":"https:\/\/www.pharmacieonline.lu\/de\/wp-json\/wp\/v2\/product_cat?post=42630"},{"taxonomy":"product_tag","embeddable":true,"href":"https:\/\/www.pharmacieonline.lu\/de\/wp-json\/wp\/v2\/product_tag?post=42630"}],"curies":[{"name":"wp","href":"https:\/\/api.w.org\/{rel}","templated":true}]}}