{"id":42639,"date":"2024-01-15T11:52:56","date_gmt":"2024-01-15T10:52:56","guid":{"rendered":"https:\/\/www.pharmacieonline.lu\/?post_type=product&#038;p=42639"},"modified":"2026-04-09T01:55:13","modified_gmt":"2026-04-08T23:55:13","slug":"bach-112-inebios-sweet-chestnut-10-ml-30","status":"publish","type":"product","link":"https:\/\/www.pharmacieonline.lu\/de\/produit\/bach-112-inebios-sweet-chestnut-10-ml-30\/","title":{"rendered":"BACH 112 INEBIOS SWEET CHESTNUT 10 ML 30"},"content":{"rendered":"<p>Die Bl\u00fcte: Castanea sativa<\/p>\n<p>Die Emotion: Am Ende des Seils \u2013 Wunsch, das Leben zu beenden \u2013 \u201edunkle Nacht der Seele\u201c<\/p>\n<p>F\u00fcr Phasen der Angst, die so gro\u00df sind, dass sie demjenigen, der sie erlebt, unertr\u00e4glich erscheint; wenn der Geist oder K\u00f6rper das Gef\u00fchl hat, die letzte Grenze seiner Belastbarkeit erreicht zu haben und aufgeben zu wollen. Wenn es nur noch um Zerst\u00f6rung und Vernichtung geht.<\/p>\n<p>Die Kastanie hilft, diese sehr schwierigen Momente im Leben zu \u00fcberstehen und die h\u00e4rtesten Pr\u00fcfungen zu meistern.<\/p>\n<p>Pr\u00e4sentation: 10-ml-Flasche.<br \/>\nDosierung Geben Sie jeweils 4 Tropfen der ausgew\u00e4hlten Elixiere direkt unter die Zunge oder in etwas Wasser. Vorzugsweise morgens auf n\u00fcchternen Magen und abends vor dem Schlafengehen einnehmen. Bei Bedarf zu erneuern.<br \/>\nEmpfehlungen Wenn Sie mehrere Essenzen mischen m\u00f6chten, um auf unterschiedliche Ungleichgewichte zu reagieren, empfehlen wir Ihnen, maximal 5 Elixiere zu verwenden, um die Wirkung zu optimieren.<br \/>\nNahrungserg\u00e4nzungsmittel. Zur Einnahme im Rahmen einer abwechslungsreichen und ausgewogenen Ern\u00e4hrung und eines gesunden Lebensstils. \u00dcberschreiten Sie nicht die angegebenen Mengen. Au\u00dferhalb der Reichweite von Kindern und fern von Hitze und Feuchtigkeit aufbewahren.<\/p>","protected":false},"excerpt":{"rendered":"<p>Die Bl\u00fcte: Castanea sativa Die Emotion: Am Ende des Seils \u2013 Wunsch, das Leben zu beenden \u2013 \u201edunkle Nacht der Seele\u201c F\u00fcr Phasen der Angst, die so gro\u00df sind, dass sie demjenigen, der sie erlebt, unertr\u00e4glich erscheint; wenn der Geist oder K\u00f6rper das Gef\u00fchl hat, die letzte Grenze seiner Belastbarkeit erreicht zu haben und aufgeben [&hellip;]<\/p>\n","protected":false},"featured_media":42640,"template":"","meta":{"_acf_changed":false,"footnotes":""},"product_brand":[],"product_cat":[88],"product_tag":[],"class_list":{"0":"post-42639","1":"product","2":"type-product","3":"status-publish","4":"has-post-thumbnail","6":"product_cat-homeopathie","8":"first","9":"instock","10":"taxable","11":"shipping-taxable","12":"purchasable","13":"product-type-simple"},"acf":[],"_links":{"self":[{"href":"https:\/\/www.pharmacieonline.lu\/de\/wp-json\/wp\/v2\/product\/42639","targetHints":{"allow":["GET"]}}],"collection":[{"href":"https:\/\/www.pharmacieonline.lu\/de\/wp-json\/wp\/v2\/product"}],"about":[{"href":"https:\/\/www.pharmacieonline.lu\/de\/wp-json\/wp\/v2\/types\/product"}],"version-history":[{"count":0,"href":"https:\/\/www.pharmacieonline.lu\/de\/wp-json\/wp\/v2\/product\/42639\/revisions"}],"wp:featuredmedia":[{"embeddable":true,"href":"https:\/\/www.pharmacieonline.lu\/de\/wp-json\/wp\/v2\/media\/42640"}],"wp:attachment":[{"href":"https:\/\/www.pharmacieonline.lu\/de\/wp-json\/wp\/v2\/media?parent=42639"}],"wp:term":[{"taxonomy":"product_brand","embeddable":true,"href":"https:\/\/www.pharmacieonline.lu\/de\/wp-json\/wp\/v2\/product_brand?post=42639"},{"taxonomy":"product_cat","embeddable":true,"href":"https:\/\/www.pharmacieonline.lu\/de\/wp-json\/wp\/v2\/product_cat?post=42639"},{"taxonomy":"product_tag","embeddable":true,"href":"https:\/\/www.pharmacieonline.lu\/de\/wp-json\/wp\/v2\/product_tag?post=42639"}],"curies":[{"name":"wp","href":"https:\/\/api.w.org\/{rel}","templated":true}]}}