{"id":42645,"date":"2024-01-15T11:56:13","date_gmt":"2024-01-15T10:56:13","guid":{"rendered":"https:\/\/www.pharmacieonline.lu\/?post_type=product&#038;p=42645"},"modified":"2026-04-08T22:25:23","modified_gmt":"2026-04-08T20:25:23","slug":"bach-112-inebios-walnut-10-ml-33","status":"publish","type":"product","link":"https:\/\/www.pharmacieonline.lu\/de\/produit\/bach-112-inebios-walnut-10-ml-33\/","title":{"rendered":"BACH 112 INEBIOS WALNUT 10 ML 33"},"content":{"rendered":"<p>Die Blume: Juglans regia<\/p>\n<p>Emotion: Empfindlich gegen\u00fcber Atmosph\u00e4ren, \u00e4u\u00dferen Einfl\u00fcssen und Ideen \u2013 f\u00fchlt sich von anderen verschlungen<\/p>\n<p>F\u00fcr diejenigen, die im Leben ihre Ideale und Ambitionen kennen und diese erreichen, aber in seltenen F\u00e4llen versucht sind, sich von der Begeisterung von ihren eigenen Ideen, Zielen und ihrer Arbeit abbringen zu lassen. , die \u00dcberzeugung oder Meinungsst\u00e4rke anderer Menschen. Das Mittel verleiht ihnen Best\u00e4ndigkeit und Schutz vor \u00e4u\u00dferen Einfl\u00fcssen.<\/p>\n<p>Walnuss hilft, die Bindungen der Vergangenheit loszuwerden, alte mentale Muster, die die Evolution verlangsamen. Es erm\u00f6glicht Ihnen, Ihre Entscheidungen unbeeinflusst bis zum Ende zu leben.<\/p>\n<p>&nbsp;<\/p>\n<p>Pr\u00e4sentation: 10-ml-Flasche.<br \/>\nDosierung Geben Sie jeweils 4 Tropfen der ausgew\u00e4hlten Elixiere direkt unter die Zunge oder in etwas Wasser. Vorzugsweise morgens auf n\u00fcchternen Magen und abends vor dem Schlafengehen einnehmen. Bei Bedarf zu erneuern.<br \/>\nEmpfehlungen Wenn Sie mehrere Essenzen mischen m\u00f6chten, um auf unterschiedliche Ungleichgewichte zu reagieren, empfehlen wir Ihnen, maximal 5 Elixiere zu verwenden, um die Wirkung zu optimieren.<br \/>\nNahrungserg\u00e4nzungsmittel. Zur Einnahme im Rahmen einer abwechslungsreichen und ausgewogenen Ern\u00e4hrung und eines gesunden Lebensstils. \u00dcberschreiten Sie nicht die angegebenen Mengen. Au\u00dferhalb der Reichweite von Kindern und fern von Hitze und Feuchtigkeit aufbewahren.<\/p>","protected":false},"excerpt":{"rendered":"<p>Die Blume: Juglans regia Emotion: Empfindlich gegen\u00fcber Atmosph\u00e4ren, \u00e4u\u00dferen Einfl\u00fcssen und Ideen \u2013 f\u00fchlt sich von anderen verschlungen F\u00fcr diejenigen, die im Leben ihre Ideale und Ambitionen kennen und diese erreichen, aber in seltenen F\u00e4llen versucht sind, sich von der Begeisterung von ihren eigenen Ideen, Zielen und ihrer Arbeit abbringen zu lassen. , die \u00dcberzeugung [&hellip;]<\/p>\n","protected":false},"featured_media":42647,"template":"","meta":{"_acf_changed":false,"footnotes":""},"product_brand":[],"product_cat":[88],"product_tag":[],"class_list":{"0":"post-42645","1":"product","2":"type-product","3":"status-publish","4":"has-post-thumbnail","6":"product_cat-homeopathie","8":"first","9":"instock","10":"taxable","11":"shipping-taxable","12":"purchasable","13":"product-type-simple"},"acf":[],"_links":{"self":[{"href":"https:\/\/www.pharmacieonline.lu\/de\/wp-json\/wp\/v2\/product\/42645","targetHints":{"allow":["GET"]}}],"collection":[{"href":"https:\/\/www.pharmacieonline.lu\/de\/wp-json\/wp\/v2\/product"}],"about":[{"href":"https:\/\/www.pharmacieonline.lu\/de\/wp-json\/wp\/v2\/types\/product"}],"version-history":[{"count":0,"href":"https:\/\/www.pharmacieonline.lu\/de\/wp-json\/wp\/v2\/product\/42645\/revisions"}],"wp:featuredmedia":[{"embeddable":true,"href":"https:\/\/www.pharmacieonline.lu\/de\/wp-json\/wp\/v2\/media\/42647"}],"wp:attachment":[{"href":"https:\/\/www.pharmacieonline.lu\/de\/wp-json\/wp\/v2\/media?parent=42645"}],"wp:term":[{"taxonomy":"product_brand","embeddable":true,"href":"https:\/\/www.pharmacieonline.lu\/de\/wp-json\/wp\/v2\/product_brand?post=42645"},{"taxonomy":"product_cat","embeddable":true,"href":"https:\/\/www.pharmacieonline.lu\/de\/wp-json\/wp\/v2\/product_cat?post=42645"},{"taxonomy":"product_tag","embeddable":true,"href":"https:\/\/www.pharmacieonline.lu\/de\/wp-json\/wp\/v2\/product_tag?post=42645"}],"curies":[{"name":"wp","href":"https:\/\/api.w.org\/{rel}","templated":true}]}}