{"id":42653,"date":"2024-01-15T11:59:49","date_gmt":"2024-01-15T10:59:49","guid":{"rendered":"https:\/\/www.pharmacieonline.lu\/?post_type=product&#038;p=42653"},"modified":"2026-04-08T20:25:15","modified_gmt":"2026-04-08T18:25:15","slug":"bach-112-inebios-wild-oat-10-ml-36","status":"publish","type":"product","link":"https:\/\/www.pharmacieonline.lu\/de\/produit\/bach-112-inebios-wild-oat-10-ml-36\/","title":{"rendered":"BACH 112 INEBIOS WILD OAT 10 ML 36"},"content":{"rendered":"<p>Die Bl\u00fcte: Bromus ramosus<\/p>\n<p>Emotion: Unzufriedenheit derjenigen, die sich nicht zurechtfinden<\/p>\n<p>F\u00fcr diejenigen, die das Ziel haben, Wichtiges im Leben zu erreichen, die viele Erfahrungen machen m\u00f6chten, alles nutzen m\u00f6chten, was m\u00f6glich ist, alles im Leben ergreifen m\u00f6chten. Es f\u00e4llt ihnen schwer zu entscheiden, was sie tun wollen: Ihre W\u00fcnsche sind so stark, dass sie keiner mehr anzieht als der andere. Es kommt zu Verz\u00f6gerungen und Unzufriedenheit.<\/p>\n<p>La\u00a0Folle Avoine\u00a0hilft bei Schwierigkeiten, seinen Weg, seine Berufung, seine sentimentale Orientierung zu finden.<\/p>\n<p>Pr\u00e4sentation: 10-ml-Flasche<br \/>\nDosierung Geben Sie jeweils 4 Tropfen der ausgew\u00e4hlten Elixiere direkt unter die Zunge oder in etwas Wasser. Vorzugsweise morgens auf n\u00fcchternen Magen und abends vor dem Schlafengehen einnehmen. Bei Bedarf zu erneuern.<br \/>\nEmpfehlungen Wenn Sie mehrere Essenzen mischen m\u00f6chten, um auf unterschiedliche Ungleichgewichte zu reagieren, empfehlen wir Ihnen, maximal 5 Elixiere zu verwenden, um die Wirkung zu optimieren.<br \/>\nNahrungserg\u00e4nzungsmittel. Zur Einnahme im Rahmen einer abwechslungsreichen und ausgewogenen Ern\u00e4hrung und eines gesunden Lebensstils. \u00dcberschreiten Sie nicht die angegebenen Mengen. Au\u00dferhalb der Reichweite von Kindern und fern von Hitze und Feuchtigkeit aufbewahren.<\/p>","protected":false},"excerpt":{"rendered":"<p>Die Bl\u00fcte: Bromus ramosus Emotion: Unzufriedenheit derjenigen, die sich nicht zurechtfinden F\u00fcr diejenigen, die das Ziel haben, Wichtiges im Leben zu erreichen, die viele Erfahrungen machen m\u00f6chten, alles nutzen m\u00f6chten, was m\u00f6glich ist, alles im Leben ergreifen m\u00f6chten. Es f\u00e4llt ihnen schwer zu entscheiden, was sie tun wollen: Ihre W\u00fcnsche sind so stark, dass sie [&hellip;]<\/p>\n","protected":false},"featured_media":42655,"template":"","meta":{"_acf_changed":false,"footnotes":""},"product_brand":[],"product_cat":[88],"product_tag":[],"class_list":{"0":"post-42653","1":"product","2":"type-product","3":"status-publish","4":"has-post-thumbnail","6":"product_cat-homeopathie","8":"first","9":"instock","10":"taxable","11":"shipping-taxable","12":"purchasable","13":"product-type-simple"},"acf":[],"_links":{"self":[{"href":"https:\/\/www.pharmacieonline.lu\/de\/wp-json\/wp\/v2\/product\/42653","targetHints":{"allow":["GET"]}}],"collection":[{"href":"https:\/\/www.pharmacieonline.lu\/de\/wp-json\/wp\/v2\/product"}],"about":[{"href":"https:\/\/www.pharmacieonline.lu\/de\/wp-json\/wp\/v2\/types\/product"}],"version-history":[{"count":0,"href":"https:\/\/www.pharmacieonline.lu\/de\/wp-json\/wp\/v2\/product\/42653\/revisions"}],"wp:featuredmedia":[{"embeddable":true,"href":"https:\/\/www.pharmacieonline.lu\/de\/wp-json\/wp\/v2\/media\/42655"}],"wp:attachment":[{"href":"https:\/\/www.pharmacieonline.lu\/de\/wp-json\/wp\/v2\/media?parent=42653"}],"wp:term":[{"taxonomy":"product_brand","embeddable":true,"href":"https:\/\/www.pharmacieonline.lu\/de\/wp-json\/wp\/v2\/product_brand?post=42653"},{"taxonomy":"product_cat","embeddable":true,"href":"https:\/\/www.pharmacieonline.lu\/de\/wp-json\/wp\/v2\/product_cat?post=42653"},{"taxonomy":"product_tag","embeddable":true,"href":"https:\/\/www.pharmacieonline.lu\/de\/wp-json\/wp\/v2\/product_tag?post=42653"}],"curies":[{"name":"wp","href":"https:\/\/api.w.org\/{rel}","templated":true}]}}