{"id":42660,"date":"2024-01-15T12:46:07","date_gmt":"2024-01-15T11:46:07","guid":{"rendered":"https:\/\/www.pharmacieonline.lu\/?post_type=product&#038;p=42660"},"modified":"2026-04-14T15:55:12","modified_gmt":"2026-04-14T13:55:12","slug":"nuxe-nuxur-ultra-lait-corps-400ml","status":"publish","type":"product","link":"https:\/\/www.pharmacieonline.lu\/de\/produit\/nuxe-nuxur-ultra-lait-corps-400ml\/","title":{"rendered":"NUXE NUXURIANCE ULTRA LAIT CORPS 400ML"},"content":{"rendered":"<p>Diese feuchtigkeitsspendende K\u00f6rperlotion mit umh\u00fcllender und remodellierender Wirkung betont die Silhouette. Es zielt auf die Hauptbereiche schlaffer Haut ab: Arme, Dekollet\u00e9, Bauch, Ges\u00e4\u00df und Beine.<\/p>\n<p>98 % nat\u00fcrlichen Ursprungs.<\/p>\n<p>INDIKATION<\/p>\n<p>Arme, Dekollet\u00e9, Beine \u2013 Lifting-, Form- und Remodellierungseffekte.<\/p>\n<p>VERWENDEN<\/p>\n<p>Morgens und\/oder abends auftragen:<\/p>\n<p>Erw\u00e4rmen Sie die Milch zwischen Ihren Handfl\u00e4chen. Tragen Sie es von unten nach oben auf, mit der Hand flach auf den Arm und abwechselnd mit den H\u00e4nden flach auf Bauch, Oberschenkel und Ges\u00e4\u00df.<\/p>\n<p>Arbeiten Sie an der Textur, indem Sie Achterbewegungen ausf\u00fchren: Beharren Sie auf der Aufw\u00e4rtsbewegung, indem Sie Druck aus\u00fcben, um das Gewebe anzuheben, und senken Sie es sanft ab, dieses Mal ohne Druck, um sich neu zu positionieren.<\/p>\n<p>F\u00fcr eine glatte und weiche Haut f\u00fchren Sie ein- bis zweimal pro Woche ein K\u00f6rperpeeling durch.<\/p>\n<p>KOMPOSITION<\/p>\n<p>AQUA\/WATER, DICAPRYLYL ETHER, C10-18 TRIGLYCERIDES, BUTYROSPERMUM PARKII (SHEA) BUTTER, GLYCERIN, HELIANTHUS ANNUUS (SUNFLOWER) SEED OIL, COCO-CAPRYLATE\/CAPRATE, GLYCERYL STEARATE CITRATE, PARFUM\/FRAGRANCE, PENTYLENE GLYCOL, BEHENYL ALCOHOL , POLYACRYLATE CROSSPOLYMER-6, 1,2-HEXANDIOL, CAPRYLYL GLYCOL, NATRIUMGLUCONAT, NATRIUMSTEAROYLGLUTAMAT, MEDICAGO SATIVA (ALFALFA) EXTRAKT, ZITRONENS\u00c4URE, TROPOLONE, TOCOPHEROL, LINALOOL, COUMARIN, HYDROXYCITRONELLAL, GERANIOL, CITRONELLOL [N5708\/A].<\/p>","protected":false},"excerpt":{"rendered":"<p>Diese feuchtigkeitsspendende K\u00f6rperlotion mit umh\u00fcllender und remodellierender Wirkung betont die Silhouette. Es zielt auf die Hauptbereiche schlaffer Haut ab: Arme, Dekollet\u00e9, Bauch, Ges\u00e4\u00df und Beine. 98 % nat\u00fcrlichen Ursprungs. INDIKATION Arme, Dekollet\u00e9, Beine \u2013 Lifting-, Form- und Remodellierungseffekte. VERWENDEN Morgens und\/oder abends auftragen: Erw\u00e4rmen Sie die Milch zwischen Ihren Handfl\u00e4chen. Tragen Sie es von unten [&hellip;]<\/p>\n","protected":false},"featured_media":42661,"template":"","meta":{"_acf_changed":false,"footnotes":""},"product_brand":[],"product_cat":[47,42,56],"product_tag":[],"class_list":{"0":"post-42660","1":"product","2":"type-product","3":"status-publish","4":"has-post-thumbnail","6":"product_cat-dermocosmetique","7":"product_cat-para-pharmacie","8":"product_cat-soins-du-corps","10":"first","11":"instock","12":"sale","13":"taxable","14":"shipping-taxable","15":"purchasable","16":"product-type-simple"},"acf":[],"_links":{"self":[{"href":"https:\/\/www.pharmacieonline.lu\/de\/wp-json\/wp\/v2\/product\/42660","targetHints":{"allow":["GET"]}}],"collection":[{"href":"https:\/\/www.pharmacieonline.lu\/de\/wp-json\/wp\/v2\/product"}],"about":[{"href":"https:\/\/www.pharmacieonline.lu\/de\/wp-json\/wp\/v2\/types\/product"}],"version-history":[{"count":0,"href":"https:\/\/www.pharmacieonline.lu\/de\/wp-json\/wp\/v2\/product\/42660\/revisions"}],"wp:featuredmedia":[{"embeddable":true,"href":"https:\/\/www.pharmacieonline.lu\/de\/wp-json\/wp\/v2\/media\/42661"}],"wp:attachment":[{"href":"https:\/\/www.pharmacieonline.lu\/de\/wp-json\/wp\/v2\/media?parent=42660"}],"wp:term":[{"taxonomy":"product_brand","embeddable":true,"href":"https:\/\/www.pharmacieonline.lu\/de\/wp-json\/wp\/v2\/product_brand?post=42660"},{"taxonomy":"product_cat","embeddable":true,"href":"https:\/\/www.pharmacieonline.lu\/de\/wp-json\/wp\/v2\/product_cat?post=42660"},{"taxonomy":"product_tag","embeddable":true,"href":"https:\/\/www.pharmacieonline.lu\/de\/wp-json\/wp\/v2\/product_tag?post=42660"}],"curies":[{"name":"wp","href":"https:\/\/api.w.org\/{rel}","templated":true}]}}