{"id":42731,"date":"2024-01-15T16:42:45","date_gmt":"2024-01-15T15:42:45","guid":{"rendered":"https:\/\/www.pharmacieonline.lu\/?post_type=product&#038;p=42731"},"modified":"2026-04-09T07:55:11","modified_gmt":"2026-04-09T05:55:11","slug":"nuxe-nuxuriance-ultra-cr-aa-jour-50ml","status":"publish","type":"product","link":"https:\/\/www.pharmacieonline.lu\/de\/produit\/nuxe-nuxuriance-ultra-cr-aa-jour-50ml\/","title":{"rendered":"NUXE NUXURIANCE ULTRA CR AA JOUR 50ML"},"content":{"rendered":"<p>Diese globale Anti-Aging-Creme korrigiert sichtbar die wichtigsten Zeichen der Hautalterung.<\/p>\n<p>INDIKATION<\/p>\n<p>Anti-Aging-Tagescreme.<\/p>\n<p>VERWENDEN<\/p>\n<p>Nehmen Sie einen guten Tupfer Tagescreme, erw\u00e4rmen Sie ihn zwischen Ihren H\u00e4nden und tragen Sie ihn dann mit beiden H\u00e4nden flach auf Ihr Gesicht auf, immer von der Mitte nach au\u00dfen (Augenpartie aussparen). Z\u00f6gern Sie nicht, auch Ihrem Hals und Dekollet\u00e9 etwas Gutes zu tun.<\/p>\n<p>Massieren, bis die Creme vollst\u00e4ndig eingezogen ist. Zum Schluss leicht mit den Fingerspitzen auf das ganze Gesicht klopfen, um die Ausstrahlung Ihres Teints wiederzubeleben.<\/p>\n<p>Idealerweise morgens nach dem Nuxuriance Ultra Serum.<\/p>\n<p>KOMPOSITION<\/p>\n<p>AQUA\/WASSER, COCO-CAPRYLAT, GLYCERIN, GLYCERYLSTEARATCITRAT, BEHENYLALKOHOL, C10-18-TRIGLYCERIDE, CETEARYLALKOHOL, BUTYROSPERMUM PARKII (SHEA) BUTTER, PENTYLEN GLYKOL, SIMMONDSIA CHINENSIS (JOJOBA) SAMEN\u00d6L, SQUALAN, PARFUM\/DUFT, MIKROKRISTALL TALLINE ZELLULOSE, PERSEA GRATISSIMA (AVOCADO)-\u00d6L, NATRIUMSTEAROYL-GLUTAMAT, OCALLIS FULVA-EXTRAKT, ZITRONENS\u00c4URE, TROPOLON, TOCOPHEROL, LINALOOL, COUMARIN, HYDROXYCITRONELLAL, GERANIOL, CITRONELLOL. [N5702\/A]<\/p>","protected":false},"excerpt":{"rendered":"<p>Diese globale Anti-Aging-Creme korrigiert sichtbar die wichtigsten Zeichen der Hautalterung. INDIKATION Anti-Aging-Tagescreme. VERWENDEN Nehmen Sie einen guten Tupfer Tagescreme, erw\u00e4rmen Sie ihn zwischen Ihren H\u00e4nden und tragen Sie ihn dann mit beiden H\u00e4nden flach auf Ihr Gesicht auf, immer von der Mitte nach au\u00dfen (Augenpartie aussparen). Z\u00f6gern Sie nicht, auch Ihrem Hals und Dekollet\u00e9 etwas [&hellip;]<\/p>\n","protected":false},"featured_media":42732,"template":"","meta":{"_acf_changed":false,"footnotes":""},"product_brand":[],"product_cat":[47,42,54],"product_tag":[],"class_list":{"0":"post-42731","1":"product","2":"type-product","3":"status-publish","4":"has-post-thumbnail","6":"product_cat-dermocosmetique","7":"product_cat-para-pharmacie","8":"product_cat-soins-du-visage","10":"first","11":"instock","12":"sale","13":"taxable","14":"shipping-taxable","15":"purchasable","16":"product-type-simple"},"acf":[],"_links":{"self":[{"href":"https:\/\/www.pharmacieonline.lu\/de\/wp-json\/wp\/v2\/product\/42731","targetHints":{"allow":["GET"]}}],"collection":[{"href":"https:\/\/www.pharmacieonline.lu\/de\/wp-json\/wp\/v2\/product"}],"about":[{"href":"https:\/\/www.pharmacieonline.lu\/de\/wp-json\/wp\/v2\/types\/product"}],"version-history":[{"count":0,"href":"https:\/\/www.pharmacieonline.lu\/de\/wp-json\/wp\/v2\/product\/42731\/revisions"}],"wp:featuredmedia":[{"embeddable":true,"href":"https:\/\/www.pharmacieonline.lu\/de\/wp-json\/wp\/v2\/media\/42732"}],"wp:attachment":[{"href":"https:\/\/www.pharmacieonline.lu\/de\/wp-json\/wp\/v2\/media?parent=42731"}],"wp:term":[{"taxonomy":"product_brand","embeddable":true,"href":"https:\/\/www.pharmacieonline.lu\/de\/wp-json\/wp\/v2\/product_brand?post=42731"},{"taxonomy":"product_cat","embeddable":true,"href":"https:\/\/www.pharmacieonline.lu\/de\/wp-json\/wp\/v2\/product_cat?post=42731"},{"taxonomy":"product_tag","embeddable":true,"href":"https:\/\/www.pharmacieonline.lu\/de\/wp-json\/wp\/v2\/product_tag?post=42731"}],"curies":[{"name":"wp","href":"https:\/\/api.w.org\/{rel}","templated":true}]}}